{"id":9044,"date":"2020-06-10T12:47:25","date_gmt":"2020-06-10T12:47:25","guid":{"rendered":"https:\/\/www.sunnysafari.fi\/forfaits-voyages\/"},"modified":"2021-01-19T13:10:15","modified_gmt":"2021-01-19T13:10:15","slug":"forfaits-voyages","status":"publish","type":"page","link":"https:\/\/www.sunnysafari.fi\/fr\/forfaits-voyages\/","title":{"rendered":"S\u00e9jour combin\u00e9"},"content":{"rendered":"<p>[et_pb_section fb_built=\u00a0\u00bb1&Prime; _builder_version=\u00a0\u00bb3.26.3&Prime; background_image=\u00a0\u00bbhttps:\/\/www.sunnysafari.fi\/wp-content\/uploads\/2020\/07\/005.jpg\u00a0\u00bb custom_padding=\u00a0\u00bb0px||0px|||\u00a0\u00bb][et_pb_row column_structure=\u00a0\u00bb1_2,1_2&Prime; use_custom_gutter=\u00a0\u00bbon\u00a0\u00bb custom_padding_last_edited=\u00a0\u00bbon|desktop\u00a0\u00bb _builder_version=\u00a0\u00bb3.26.3&Prime; width_tablet=\u00a0\u00bb\u00a0\u00bb width_phone=\u00a0\u00bb100%\u00a0\u00bb width_last_edited=\u00a0\u00bbon|phone\u00a0\u00bb custom_margin=\u00a0\u00bb||||false|false\u00a0\u00bb custom_padding=\u00a0\u00bb0px||0px|||\u00a0\u00bb custom_padding_tablet=\u00a0\u00bb\u00a0\u00bb custom_padding_phone=\u00a0\u00bb\u00a0\u00bb][et_pb_column type=\u00a0\u00bb1_2&Prime; _builder_version=\u00a0\u00bb3.26.3&Prime;][et_pb_text _builder_version=\u00a0\u00bb3.27.4&Prime; text_text_color=\u00a0\u00bb#ffffff\u00a0\u00bb header_font=\u00a0\u00bb|700|||||||\u00a0\u00bb header_text_color=\u00a0\u00bb#ffffff\u00a0\u00bb header_font_size=\u00a0\u00bb78px\u00a0\u00bb header_4_font=\u00a0\u00bb|700|||||||\u00a0\u00bb header_4_text_color=\u00a0\u00bb#ffffff\u00a0\u00bb header_4_line_height=\u00a0\u00bb1.3em\u00a0\u00bb header_5_font=\u00a0\u00bb|700|||||||\u00a0\u00bb header_5_text_color=\u00a0\u00bb#ffffff\u00a0\u00bb header_5_line_height=\u00a0\u00bb1.3em\u00a0\u00bb header_6_font=\u00a0\u00bb|300|||||||\u00a0\u00bb header_6_text_color=\u00a0\u00bb#ffffff\u00a0\u00bb header_6_font_size=\u00a0\u00bb16px\u00a0\u00bb header_6_line_height=\u00a0\u00bb1.3em\u00a0\u00bb custom_padding=\u00a0\u00bb25%|5%|25%|5%|false|false\u00a0\u00bb custom_padding_tablet=\u00a0\u00bb25%||0%||false|false\u00a0\u00bb custom_padding_phone=\u00a0\u00bb|7%||7%|false|false\u00a0\u00bb custom_padding_last_edited=\u00a0\u00bbon|phone\u00a0\u00bb header_font_size_tablet=\u00a0\u00bb52px\u00a0\u00bb header_font_size_phone=\u00a0\u00bb56px\u00a0\u00bb header_font_size_last_edited=\u00a0\u00bbon|tablet\u00a0\u00bb header_4_font_size_tablet=\u00a0\u00bb21px\u00a0\u00bb header_4_font_size_phone=\u00a0\u00bb18px\u00a0\u00bb header_4_font_size_last_edited=\u00a0\u00bbon|phone\u00a0\u00bb header_text_shadow_style=\u00a0\u00bbpreset1&Prime; header_4_text_shadow_style=\u00a0\u00bbpreset1&Prime; background__hover_enabled=\u00a0\u00bbon\u00a0\u00bb]<\/p>\n<h1>S\u00e9jour combin\u00e9<\/h1>\n<p>[\/et_pb_text][\/et_pb_column][et_pb_column type=\u00a0\u00bb1_2&Prime; _builder_version=\u00a0\u00bb3.26.3&Prime;][et_pb_text _builder_version=\u00a0\u00bb4.7.1&Prime; text_text_color=\u00a0\u00bb#ffffff\u00a0\u00bb header_font=\u00a0\u00bb|700|||||||\u00a0\u00bb header_text_color=\u00a0\u00bb#ffffff\u00a0\u00bb header_font_size=\u00a0\u00bb78px\u00a0\u00bb header_4_font=\u00a0\u00bb|700|||||||\u00a0\u00bb header_4_text_color=\u00a0\u00bb#ffffff\u00a0\u00bb header_4_line_height=\u00a0\u00bb1.3em\u00a0\u00bb header_5_font=\u00a0\u00bb|700|||||||\u00a0\u00bb header_5_text_color=\u00a0\u00bb#ffffff\u00a0\u00bb header_5_line_height=\u00a0\u00bb1.3em\u00a0\u00bb header_6_font=\u00a0\u00bb|300|||||||\u00a0\u00bb header_6_text_color=\u00a0\u00bb#ffffff\u00a0\u00bb header_6_font_size=\u00a0\u00bb16px\u00a0\u00bb header_6_line_height=\u00a0\u00bb1.3em\u00a0\u00bb use_background_color_gradient=\u00a0\u00bbon\u00a0\u00bb background_color_gradient_start=\u00a0\u00bbrgba(0,0,0,0)\u00a0\u00bb background_color_gradient_end=\u00a0\u00bbrgba(0,0,0,0.44)\u00a0\u00bb background_color_gradient_end_position=\u00a0\u00bb33%\u00a0\u00bb custom_padding=\u00a0\u00bb25%|5%|25%|5%|false|false\u00a0\u00bb custom_padding_tablet=\u00a0\u00bb0%||||false|false\u00a0\u00bb custom_padding_phone=\u00a0\u00bb|7%||7%|false|false\u00a0\u00bb custom_padding_last_edited=\u00a0\u00bbon|tablet\u00a0\u00bb header_font_size_tablet=\u00a0\u00bb52px\u00a0\u00bb header_font_size_phone=\u00a0\u00bb56px\u00a0\u00bb header_font_size_last_edited=\u00a0\u00bbon|tablet\u00a0\u00bb header_4_font_size_tablet=\u00a0\u00bb21px\u00a0\u00bb header_4_font_size_phone=\u00a0\u00bb18px\u00a0\u00bb header_4_font_size_last_edited=\u00a0\u00bbon|phone\u00a0\u00bb header_text_shadow_style=\u00a0\u00bbpreset1&Prime; header_4_text_shadow_style=\u00a0\u00bbpreset1&Prime; background__hover_enabled=\u00a0\u00bbon\u00a0\u00bb]<\/p>\n<h4>Experience the magic of Lapland with our enormous range of various tours. By choosing one of our several days tour packages, your holiday stay will be an unforgettable experience!<\/h4>\n<h6>\u00a0<\/h6>\n<p>&nbsp;<\/p>\n<p>[\/et_pb_text][\/et_pb_column][\/et_pb_row][\/et_pb_section][et_pb_section fb_built=\u00a0\u00bb1&Prime; _builder_version=\u00a0\u00bb3.26.3&Prime; custom_padding=\u00a0\u00bb0%||2%||false|false\u00a0\u00bb][et_pb_row custom_padding_last_edited=\u00a0\u00bbon|phone\u00a0\u00bb _builder_version=\u00a0\u00bb3.26.3&Prime; custom_padding=\u00a0\u00bb5%||2%||false|false\u00a0\u00bb custom_padding_tablet=\u00a0\u00bb\u00a0\u00bb custom_padding_phone=\u00a0\u00bb15%||5%||false|false\u00a0\u00bb][et_pb_column type=\u00a0\u00bb4_4&Prime; _builder_version=\u00a0\u00bb3.26.3&Prime;][et_pb_code _builder_version=\u00a0\u00bb3.26.3&Prime; background_color=\u00a0\u00bbrgba(0,0,0,0)\u00a0\u00bb]<div class=\"search-filter-results\" id=\"search-filter-results-9051\">\t<div class=\"post_count\">\n\t\tFound 3 Results<br \/>\n\tPage 1 of 1<br \/>\n<\/div>\n\t\n\t\n\t<div class=\"pagination\">\n\t\t\n\t\t<div class=\"nav-previous\"><\/div>\n\t\t<div class=\"nav-next\"><\/div>\n\t\t\t<\/div>\n\t<div class=\"clearfix\">\n\t\t\n\t\t\t\t\t\t\n<a href=\"https:\/\/www.sunnysafari.fi\/fr\/profitez-du-soleil-de-minuit\/\" class=\"linkki\">\n\n\t\t<div class=\"one_post\">\n\t\t\t\n\n\n\t\t\t\n\t\t\t<div class=\"post_thumbnail\"><\/div>\n\t\t\t<div class=\"text-content\">\n\t\t\n\t\t\t\n\t\t\t\t<h2 class=\"post_heading\">Admirez le Soleil de Minuit<\/h2>\n\t\t\t\n\t\n\n\t\t\t\t<div class=\"departure_time\">Dur\u00e9e 3 jours<\/div>\n\n\t\t\t\t<div class=\"post_excerpt\"><p>[et_pb_section fb_built=\u00a0\u00bb1&Prime; _builder_version=\u00a0\u00bb3.26.3&Prime; use_background_color_gradient=\u00a0\u00bbon\u00a0\u00bb background_color_gradient_start=\u00a0\u00bbrgba(0,0,0,0.4)\u00a0\u00bb background_color_gradient_end=\u00a0\u00bbrgba(41,196,169,0)\u00a0\u00bb background_color_gradient_overlays_image=\u00a0<\/p><\/div>\n\t\t\t\t\n\t\t\t\n\t\t\t<\/div>\t\t\n\t\t\t<p class=\"location\">Rovaniemi<\/p>\n\t\t\t\t<p class=\"price\">319<\/p>\n\n\t\t<\/div>\n\n\t\t<\/a>\n\t\t\t\t\t\t\t\n<a href=\"https:\/\/www.sunnysafari.fi\/fr\/decouvrez-lautomne-en-laponie-en-3-jours\/\" class=\"linkki\">\n\n\t\t<div class=\"one_post\">\n\t\t\t\n\n\n\t\t\t\n\t\t\t<div class=\"post_thumbnail\"><\/div>\n\t\t\t<div class=\"text-content\">\n\t\t\n\t\t\t\n\t\t\t\t<h2 class=\"post_heading\">D\u00e9couvrez l&rsquo;Automne en Laponie en 3 jours<\/h2>\n\t\t\t\n\t\n\n\t\t\t\t<div class=\"departure_time\">Dur\u00e9e 3 jours<\/div>\n\n\t\t\t\t<div class=\"post_excerpt\">\u00c0 la fin de l'\u00e9t\u00e9, les for\u00eats et les paysages lapons se teintent de magnifiques couleurs automnales, sous un ciel o\u00f9 dansent alors d'innombrables aurores bor\u00e9ales. \r\nGr\u00e2ce \u00e0 ces 3 jours d'excursions personnalisables, vous aurez la chance de d\u00e9couvrir les modes de vie locaux et de vous \u00e9merveiller devant la beaut\u00e9 de la nature arctique. <\/div>\n\t\t\t\t\n\t\t\t\n\t\t\t<\/div>\t\t\n\t\t\t<p class=\"location\">Rovaniemi<\/p>\n\t\t\t\t<p class=\"price\">369<\/p>\n\n\t\t<\/div>\n\n\t\t<\/a>\n\t\t\t\t\t\t\t\n<a href=\"https:\/\/www.sunnysafari.fi\/fr\/decouvrez-lete-lapon-en-3-jours\/\" class=\"linkki\">\n\n\t\t<div class=\"one_post\">\n\t\t\t\n\n\n\t\t\t\n\t\t\t<div class=\"post_thumbnail\"><\/div>\n\t\t\t<div class=\"text-content\">\n\t\t\n\t\t\t\n\t\t\t\t<h2 class=\"post_heading\">D\u00e9couvrez la Laponie en \u00e9t\u00e9<\/h2>\n\t\t\t\n\t\n\n\t\t\t\t<div class=\"departure_time\">Dur\u00e9e 3 jours<\/div>\n\n\t\t\t\t<div class=\"post_excerpt\"><p>[et_pb_section fb_built=\u00a0\u00bb1&Prime; _builder_version=\u00a0\u00bb3.26.3&Prime; use_background_color_gradient=\u00a0\u00bbon\u00a0\u00bb background_color_gradient_start=\u00a0\u00bbrgba(0,0,0,0.4)\u00a0\u00bb background_color_gradient_end=\u00a0\u00bbrgba(41,196,169,0)\u00a0\u00bb background_color_gradient_overlays_image=\u00a0<\/p><\/div>\n\t\t\t\t\n\t\t\t\n\t\t\t<\/div>\t\t\n\t\t\t<p class=\"location\">Rovaniemi<\/p>\n\t\t\t\t<p class=\"price\">369<\/p>\n\n\t\t<\/div>\n\n\t\t<\/a>\n\t\t\t\t<\/div>\n\n\t\n\t<div class=\"pagination\">\n\t\t\tPage 1 of 1<br \/>\n\n\t\t<div class=\"nav-previous\"><\/div>\n\t\t<div class=\"nav-next\"><\/div>\n\t\t\t<\/div>\n\t<\/div>[\/et_pb_code][\/et_pb_column][\/et_pb_row][\/et_pb_section]<\/p>\n","protected":false},"excerpt":{"rendered":"<p>[et_pb_section fb_built=\u00a0\u00bb1&Prime; _builder_version=\u00a0\u00bb3.26.3&Prime; use_background_color_gradient=\u00a0\u00bbon\u00a0\u00bb background_color_gradient_start=\u00a0\u00bbrgba(0,0,0,0.4)\u00a0\u00bb background_color_gradient_end=\u00a0\u00bbrgba(41,196,169,0)\u00a0\u00bb background_color_gradient_overlays_image=\u00a0<\/p>","protected":false},"author":2,"featured_media":0,"parent":0,"menu_order":0,"comment_status":"closed","ping_status":"closed","template":"","meta":{"_et_pb_use_builder":"on","_et_pb_old_content":"","_et_gb_content_width":"","footnotes":""},"class_list":["post-9044","page","type-page","status-publish","hentry"],"yoast_head":"<!-- This site is optimized with the Yoast SEO plugin v26.8 - https:\/\/yoast.com\/product\/yoast-seo-wordpress\/ -->\n<title>S\u00e9jour combin\u00e9 &#8211; Sunny Safari<\/title>\n<meta name=\"robots\" content=\"index, follow, max-snippet:-1, max-image-preview:large, max-video-preview:-1\" \/>\n<link rel=\"canonical\" href=\"https:\/\/www.sunnysafari.fi\/fr\/forfaits-voyages\/\" \/>\n<meta property=\"og:locale\" content=\"fr_FR\" \/>\n<meta property=\"og:type\" content=\"article\" \/>\n<meta property=\"og:title\" content=\"S\u00e9jour combin\u00e9 &#8211; Sunny Safari\" \/>\n<meta property=\"og:description\" content=\"[et_pb_section fb_built=\u00a0\u00bb1&Prime; _builder_version=\u00a0\u00bb3.26.3&Prime; use_background_color_gradient=\u00a0\u00bbon\u00a0\u00bb background_color_gradient_start=\u00a0\u00bbrgba(0,0,0,0.4)\u00a0\u00bb background_color_gradient_end=\u00a0\u00bbrgba(41,196,169,0)\u00a0\u00bb background_color_gradient_overlays_image=\u00a0\" \/>\n<meta property=\"og:url\" content=\"https:\/\/www.sunnysafari.fi\/fr\/forfaits-voyages\/\" \/>\n<meta property=\"og:site_name\" content=\"Sunny Safari\" \/>\n<meta property=\"article:modified_time\" content=\"2021-01-19T13:10:15+00:00\" \/>\n<meta name=\"twitter:card\" content=\"summary_large_image\" \/>\n<meta name=\"twitter:label1\" content=\"Dur\u00e9e de lecture estim\u00e9e\" \/>\n\t<meta name=\"twitter:data1\" content=\"2 minutes\" \/>\n<script type=\"application\/ld+json\" class=\"yoast-schema-graph\">{\"@context\":\"https:\/\/schema.org\",\"@graph\":[{\"@type\":\"WebPage\",\"@id\":\"https:\/\/www.sunnysafari.fi\/fr\/forfaits-voyages\/\",\"url\":\"https:\/\/www.sunnysafari.fi\/fr\/forfaits-voyages\/\",\"name\":\"S\u00e9jour combin\u00e9 &#8211; Sunny Safari\",\"isPartOf\":{\"@id\":\"https:\/\/www.sunnysafari.fi\/fr\/#website\"},\"datePublished\":\"2020-06-10T12:47:25+00:00\",\"dateModified\":\"2021-01-19T13:10:15+00:00\",\"breadcrumb\":{\"@id\":\"https:\/\/www.sunnysafari.fi\/fr\/forfaits-voyages\/#breadcrumb\"},\"inLanguage\":\"fr-FR\",\"potentialAction\":[{\"@type\":\"ReadAction\",\"target\":[\"https:\/\/www.sunnysafari.fi\/fr\/forfaits-voyages\/\"]}]},{\"@type\":\"BreadcrumbList\",\"@id\":\"https:\/\/www.sunnysafari.fi\/fr\/forfaits-voyages\/#breadcrumb\",\"itemListElement\":[{\"@type\":\"ListItem\",\"position\":1,\"name\":\"Home\",\"item\":\"https:\/\/www.sunnysafari.fi\/fr\/\"},{\"@type\":\"ListItem\",\"position\":2,\"name\":\"S\u00e9jour combin\u00e9\"}]},{\"@type\":\"WebSite\",\"@id\":\"https:\/\/www.sunnysafari.fi\/fr\/#website\",\"url\":\"https:\/\/www.sunnysafari.fi\/fr\/\",\"name\":\"Sunny Safari\",\"description\":\"Safari activities provider in Lapland\",\"publisher\":{\"@id\":\"https:\/\/www.sunnysafari.fi\/fr\/#organization\"},\"potentialAction\":[{\"@type\":\"SearchAction\",\"target\":{\"@type\":\"EntryPoint\",\"urlTemplate\":\"https:\/\/www.sunnysafari.fi\/fr\/?s={search_term_string}\"},\"query-input\":{\"@type\":\"PropertyValueSpecification\",\"valueRequired\":true,\"valueName\":\"search_term_string\"}}],\"inLanguage\":\"fr-FR\"},{\"@type\":\"Organization\",\"@id\":\"https:\/\/www.sunnysafari.fi\/fr\/#organization\",\"name\":\"Sunny Safari Oy\",\"url\":\"https:\/\/www.sunnysafari.fi\/fr\/\",\"logo\":{\"@type\":\"ImageObject\",\"inLanguage\":\"fr-FR\",\"@id\":\"https:\/\/www.sunnysafari.fi\/fr\/#\/schema\/logo\/image\/\",\"url\":\"https:\/\/www.sunnysafari.fi\/wp-content\/uploads\/2019\/08\/SunnySafari_logo_111-33.png\",\"contentUrl\":\"https:\/\/www.sunnysafari.fi\/wp-content\/uploads\/2019\/08\/SunnySafari_logo_111-33.png\",\"width\":306,\"height\":311,\"caption\":\"Sunny Safari Oy\"},\"image\":{\"@id\":\"https:\/\/www.sunnysafari.fi\/fr\/#\/schema\/logo\/image\/\"}}]}<\/script>\n<!-- \/ Yoast SEO plugin. -->","yoast_head_json":{"title":"S\u00e9jour combin\u00e9 &#8211; Sunny Safari","robots":{"index":"index","follow":"follow","max-snippet":"max-snippet:-1","max-image-preview":"max-image-preview:large","max-video-preview":"max-video-preview:-1"},"canonical":"https:\/\/www.sunnysafari.fi\/fr\/forfaits-voyages\/","og_locale":"fr_FR","og_type":"article","og_title":"S\u00e9jour combin\u00e9 &#8211; Sunny Safari","og_description":"[et_pb_section fb_built=\u00a0\u00bb1&Prime; _builder_version=\u00a0\u00bb3.26.3&Prime; use_background_color_gradient=\u00a0\u00bbon\u00a0\u00bb background_color_gradient_start=\u00a0\u00bbrgba(0,0,0,0.4)\u00a0\u00bb background_color_gradient_end=\u00a0\u00bbrgba(41,196,169,0)\u00a0\u00bb background_color_gradient_overlays_image=\u00a0","og_url":"https:\/\/www.sunnysafari.fi\/fr\/forfaits-voyages\/","og_site_name":"Sunny Safari","article_modified_time":"2021-01-19T13:10:15+00:00","twitter_card":"summary_large_image","twitter_misc":{"Dur\u00e9e de lecture estim\u00e9e":"2 minutes"},"schema":{"@context":"https:\/\/schema.org","@graph":[{"@type":"WebPage","@id":"https:\/\/www.sunnysafari.fi\/fr\/forfaits-voyages\/","url":"https:\/\/www.sunnysafari.fi\/fr\/forfaits-voyages\/","name":"S\u00e9jour combin\u00e9 &#8211; Sunny Safari","isPartOf":{"@id":"https:\/\/www.sunnysafari.fi\/fr\/#website"},"datePublished":"2020-06-10T12:47:25+00:00","dateModified":"2021-01-19T13:10:15+00:00","breadcrumb":{"@id":"https:\/\/www.sunnysafari.fi\/fr\/forfaits-voyages\/#breadcrumb"},"inLanguage":"fr-FR","potentialAction":[{"@type":"ReadAction","target":["https:\/\/www.sunnysafari.fi\/fr\/forfaits-voyages\/"]}]},{"@type":"BreadcrumbList","@id":"https:\/\/www.sunnysafari.fi\/fr\/forfaits-voyages\/#breadcrumb","itemListElement":[{"@type":"ListItem","position":1,"name":"Home","item":"https:\/\/www.sunnysafari.fi\/fr\/"},{"@type":"ListItem","position":2,"name":"S\u00e9jour combin\u00e9"}]},{"@type":"WebSite","@id":"https:\/\/www.sunnysafari.fi\/fr\/#website","url":"https:\/\/www.sunnysafari.fi\/fr\/","name":"Sunny Safari","description":"Safari activities provider in Lapland","publisher":{"@id":"https:\/\/www.sunnysafari.fi\/fr\/#organization"},"potentialAction":[{"@type":"SearchAction","target":{"@type":"EntryPoint","urlTemplate":"https:\/\/www.sunnysafari.fi\/fr\/?s={search_term_string}"},"query-input":{"@type":"PropertyValueSpecification","valueRequired":true,"valueName":"search_term_string"}}],"inLanguage":"fr-FR"},{"@type":"Organization","@id":"https:\/\/www.sunnysafari.fi\/fr\/#organization","name":"Sunny Safari Oy","url":"https:\/\/www.sunnysafari.fi\/fr\/","logo":{"@type":"ImageObject","inLanguage":"fr-FR","@id":"https:\/\/www.sunnysafari.fi\/fr\/#\/schema\/logo\/image\/","url":"https:\/\/www.sunnysafari.fi\/wp-content\/uploads\/2019\/08\/SunnySafari_logo_111-33.png","contentUrl":"https:\/\/www.sunnysafari.fi\/wp-content\/uploads\/2019\/08\/SunnySafari_logo_111-33.png","width":306,"height":311,"caption":"Sunny Safari Oy"},"image":{"@id":"https:\/\/www.sunnysafari.fi\/fr\/#\/schema\/logo\/image\/"}}]}},"_links":{"self":[{"href":"https:\/\/www.sunnysafari.fi\/fr\/wp-json\/wp\/v2\/pages\/9044","targetHints":{"allow":["GET"]}}],"collection":[{"href":"https:\/\/www.sunnysafari.fi\/fr\/wp-json\/wp\/v2\/pages"}],"about":[{"href":"https:\/\/www.sunnysafari.fi\/fr\/wp-json\/wp\/v2\/types\/page"}],"author":[{"embeddable":true,"href":"https:\/\/www.sunnysafari.fi\/fr\/wp-json\/wp\/v2\/users\/2"}],"replies":[{"embeddable":true,"href":"https:\/\/www.sunnysafari.fi\/fr\/wp-json\/wp\/v2\/comments?post=9044"}],"version-history":[{"count":15,"href":"https:\/\/www.sunnysafari.fi\/fr\/wp-json\/wp\/v2\/pages\/9044\/revisions"}],"predecessor-version":[{"id":13784,"href":"https:\/\/www.sunnysafari.fi\/fr\/wp-json\/wp\/v2\/pages\/9044\/revisions\/13784"}],"wp:attachment":[{"href":"https:\/\/www.sunnysafari.fi\/fr\/wp-json\/wp\/v2\/media?parent=9044"}],"curies":[{"name":"wp","href":"https:\/\/api.w.org\/{rel}","templated":true}]}}