{"id":6242,"date":"2019-11-08T14:12:45","date_gmt":"2019-11-08T14:12:45","guid":{"rendered":"https:\/\/www.sunnysafari.fi\/culture-et-traditions-locales\/"},"modified":"2021-02-17T10:12:56","modified_gmt":"2021-02-17T10:12:56","slug":"culture-et-traditions-locales","status":"publish","type":"page","link":"https:\/\/www.sunnysafari.fi\/fr\/culture-et-traditions-locales\/","title":{"rendered":"Nature Sauvage Lapone et Style De Vie Local"},"content":{"rendered":"<p>[et_pb_section fb_built=\u00a0\u00bb1&Prime; _builder_version=\u00a0\u00bb4.9.0&Prime; background_image=\u00a0\u00bbhttps:\/\/www.sunnysafari.fi\/wp-content\/uploads\/2021\/02\/Lappish-Wilderness-Local-Lifestyle.jpg\u00a0\u00bb custom_padding=\u00a0\u00bb0px||0px|||\u00a0\u00bb hover_enabled=\u00a0\u00bb0&Prime; title_text=\u00a0\u00bbLappish Wilderness &#038; Local Lifestyle\u00a0\u00bb sticky_enabled=\u00a0\u00bb0&Prime;][et_pb_row column_structure=\u00a0\u00bb1_2,1_2&Prime; use_custom_gutter=\u00a0\u00bbon\u00a0\u00bb custom_padding_last_edited=\u00a0\u00bbon|desktop\u00a0\u00bb admin_label=\u00a0\u00bbRow\u00a0\u00bb _builder_version=\u00a0\u00bb3.26.3&Prime; width_tablet=\u00a0\u00bb\u00a0\u00bb width_phone=\u00a0\u00bb100%\u00a0\u00bb width_last_edited=\u00a0\u00bbon|phone\u00a0\u00bb custom_margin=\u00a0\u00bb||||false|false\u00a0\u00bb custom_padding=\u00a0\u00bb0px||0px|||\u00a0\u00bb custom_padding_tablet=\u00a0\u00bb\u00a0\u00bb custom_padding_phone=\u00a0\u00bb\u00a0\u00bb locked=\u00a0\u00bboff\u00a0\u00bb][et_pb_column type=\u00a0\u00bb1_2&Prime; _builder_version=\u00a0\u00bb3.26.3&Prime;][et_pb_text _builder_version=\u00a0\u00bb4.9.0&Prime; text_text_color=\u00a0\u00bb#ffffff\u00a0\u00bb header_font=\u00a0\u00bb|700|||||||\u00a0\u00bb header_text_color=\u00a0\u00bb#ffffff\u00a0\u00bb header_font_size=\u00a0\u00bb78px\u00a0\u00bb header_4_font=\u00a0\u00bb|700|||||||\u00a0\u00bb header_4_text_color=\u00a0\u00bb#ffffff\u00a0\u00bb header_4_line_height=\u00a0\u00bb1.3em\u00a0\u00bb header_5_font=\u00a0\u00bb|700|||||||\u00a0\u00bb header_5_text_color=\u00a0\u00bb#ffffff\u00a0\u00bb header_5_line_height=\u00a0\u00bb1.3em\u00a0\u00bb header_6_font=\u00a0\u00bb|300|||||||\u00a0\u00bb header_6_text_color=\u00a0\u00bb#ffffff\u00a0\u00bb header_6_font_size=\u00a0\u00bb16px\u00a0\u00bb header_6_line_height=\u00a0\u00bb1.3em\u00a0\u00bb custom_padding=\u00a0\u00bb25%|5%|25%|5%|false|false\u00a0\u00bb custom_padding_tablet=\u00a0\u00bb25%||0%||false|false\u00a0\u00bb custom_padding_phone=\u00a0\u00bb|7%||7%|false|false\u00a0\u00bb custom_padding_last_edited=\u00a0\u00bbon|phone\u00a0\u00bb hover_enabled=\u00a0\u00bb0&Prime; header_font_size_tablet=\u00a0\u00bb52px\u00a0\u00bb header_font_size_phone=\u00a0\u00bb56px\u00a0\u00bb header_font_size_last_edited=\u00a0\u00bbon|tablet\u00a0\u00bb header_4_font_size_tablet=\u00a0\u00bb21px\u00a0\u00bb header_4_font_size_phone=\u00a0\u00bb18px\u00a0\u00bb header_4_font_size_last_edited=\u00a0\u00bbon|phone\u00a0\u00bb header_text_shadow_style=\u00a0\u00bbpreset1&Prime; header_4_text_shadow_style=\u00a0\u00bbpreset1&Prime; background__hover_enabled=\u00a0\u00bbon\u00a0\u00bb sticky_enabled=\u00a0\u00bb0&Prime;]<\/p>\n<h1>Nature Sauvage Lapone et Style De Vie Local<\/h1>\n<p>[\/et_pb_text][\/et_pb_column][et_pb_column type=\u00a0\u00bb1_2&Prime; _builder_version=\u00a0\u00bb3.26.3&Prime;][et_pb_text _builder_version=\u00a0\u00bb3.27.4&Prime; text_text_color=\u00a0\u00bb#ffffff\u00a0\u00bb header_font=\u00a0\u00bb|700|||||||\u00a0\u00bb header_text_color=\u00a0\u00bb#ffffff\u00a0\u00bb header_font_size=\u00a0\u00bb78px\u00a0\u00bb header_4_font=\u00a0\u00bb|700|||||||\u00a0\u00bb header_4_text_color=\u00a0\u00bb#ffffff\u00a0\u00bb header_4_line_height=\u00a0\u00bb1.3em\u00a0\u00bb header_5_font=\u00a0\u00bb|700|||||||\u00a0\u00bb header_5_text_color=\u00a0\u00bb#ffffff\u00a0\u00bb header_5_line_height=\u00a0\u00bb1.3em\u00a0\u00bb header_6_font=\u00a0\u00bb|300|||||||\u00a0\u00bb header_6_text_color=\u00a0\u00bb#ffffff\u00a0\u00bb header_6_font_size=\u00a0\u00bb16px\u00a0\u00bb header_6_line_height=\u00a0\u00bb1.3em\u00a0\u00bb use_background_color_gradient=\u00a0\u00bbon\u00a0\u00bb background_color_gradient_start=\u00a0\u00bbrgba(0,0,0,0)\u00a0\u00bb background_color_gradient_end=\u00a0\u00bbrgba(0,0,0,0.44)\u00a0\u00bb background_color_gradient_end_position=\u00a0\u00bb33%\u00a0\u00bb custom_padding=\u00a0\u00bb25%|5%|25%|5%|false|false\u00a0\u00bb custom_padding_tablet=\u00a0\u00bb0%||||false|false\u00a0\u00bb custom_padding_phone=\u00a0\u00bb|7%||7%|false|false\u00a0\u00bb custom_padding_last_edited=\u00a0\u00bbon|tablet\u00a0\u00bb hover_enabled=\u00a0\u00bb0&Prime; header_font_size_tablet=\u00a0\u00bb52px\u00a0\u00bb header_font_size_phone=\u00a0\u00bb56px\u00a0\u00bb header_font_size_last_edited=\u00a0\u00bbon|tablet\u00a0\u00bb header_4_font_size_tablet=\u00a0\u00bb21px\u00a0\u00bb header_4_font_size_phone=\u00a0\u00bb18px\u00a0\u00bb header_4_font_size_last_edited=\u00a0\u00bbon|phone\u00a0\u00bb header_text_shadow_style=\u00a0\u00bbpreset1&Prime; header_4_text_shadow_style=\u00a0\u00bbpreset1&Prime; background__hover_enabled=\u00a0\u00bbon\u00a0\u00bb sticky_enabled=\u00a0\u00bb0&Prime;]<\/p>\n<h4>En plus de pouvoir admirer de magnifiques paysages lapons et de pouvoir profiter d&rsquo;activit\u00e9s de plein air palpitantes dans les \u00e9tendues sauvages de l&rsquo;Arctique, nous vous proposons des excursions pour d\u00e9couvrir la culture locale et le mode de vie traditionnel.<\/h4>\n<h6><\/h6>\n<p>&nbsp;[\/et_pb_text][\/et_pb_column][\/et_pb_row][\/et_pb_section][et_pb_section fb_built=\u00a0\u00bb1&Prime; _builder_version=\u00a0\u00bb3.26.3&Prime; custom_padding=\u00a0\u00bb0%||2%||false|false\u00a0\u00bb][et_pb_row custom_padding_last_edited=\u00a0\u00bbon|phone\u00a0\u00bb _builder_version=\u00a0\u00bb3.26.3&Prime; custom_padding=\u00a0\u00bb5%||2%||false|false\u00a0\u00bb custom_padding_tablet=\u00a0\u00bb\u00a0\u00bb custom_padding_phone=\u00a0\u00bb15%||5%||false|false\u00a0\u00bb][et_pb_column type=\u00a0\u00bb4_4&Prime; _builder_version=\u00a0\u00bb3.26.3&Prime;][et_pb_code _builder_version=\u00a0\u00bb3.26.3&Prime;]<div class=\"search-filter-results\" id=\"search-filter-results-6657\">\t<div class=\"post_count\">\n\t\tFound 8 Results<br \/>\n\tPage 1 of 1<br \/>\n<\/div>\n\t\n\t\n\t<div class=\"pagination\">\n\t\t\n\t\t<div class=\"nav-previous\"><\/div>\n\t\t<div class=\"nav-next\"><\/div>\n\t\t\t<\/div>\n\t<div class=\"clearfix\">\n\t\t\n\t\t\t\t\t\t\n<a href=\"https:\/\/www.sunnysafari.fi\/fr\/ressourcez-vous-comme-un-local-dans-la-nature-arctique\/\" class=\"linkki\">\n\n\t\t<div class=\"one_post\">\n\t\t\t\n\n\n\t\t\t\n\t\t\t<div class=\"post_thumbnail\"><img loading=\"lazy\" decoding=\"async\" width=\"768\" height=\"432\" src=\"https:\/\/www.sunnysafari.fi\/wp-content\/uploads\/2021\/02\/Rejuvenate-Like-A-Finnish-Local-in-the-Arctic-Wilderness-768x432.jpg\" class=\"attachment-medium_large size-medium_large wp-post-image\" alt=\"\" \/><\/div>\n\t\t\t<div class=\"text-content\">\n\t\t\n\t\t\t\n\t\t\t\t<h2 class=\"post_heading\">Ressourcez-vous comme un Local dans la Nature Arctique<\/h2>\n\t\t\t\n\t\n\n\t\t\t\t<div class=\"departure_time\">Dur\u00e9e 3h<\/div>\n\n\t\t\t\t<div class=\"post_excerpt\">Cette excursion constitue une excellente opportunit\u00e9 pour s\u2019\u00e9loigner de la ville, afin de vous lib\u00e9rer de toute forme de stress, relaxer votre corps et votre esprit, et surtout recharger vos batteries au contact de la nature arctique, comme le font les locaux.<\/div>\n\t\t\t\t\n\t\t\t\n\t\t\t<\/div>\t\t\n\t\t\t<p class=\"location\">Rovaniemi<\/p>\n\t\t\t\t<p class=\"price\">79<\/p>\n\n\t\t<\/div>\n\n\t\t<\/a>\n\t\t\t\t\t\t\t\n<a href=\"https:\/\/www.sunnysafari.fi\/fr\/tresors-de-la-nature-cueillette-de-champignons-et-de-baies\/\" class=\"linkki\">\n\n\t\t<div class=\"one_post\">\n\t\t\t\n\n\n\t\t\t\n\t\t\t<div class=\"post_thumbnail\"><img loading=\"lazy\" decoding=\"async\" width=\"768\" height=\"432\" src=\"https:\/\/www.sunnysafari.fi\/wp-content\/uploads\/2021\/02\/Treasures-of-Nature-Picking-up-Mushrooms-Berries-768x432.jpg\" class=\"attachment-medium_large size-medium_large wp-post-image\" alt=\"\" \/><\/div>\n\t\t\t<div class=\"text-content\">\n\t\t\n\t\t\t\n\t\t\t\t<h2 class=\"post_heading\">Tr\u00e9sors de la Nature &#8211; Cueillette de Champignons et de Baies<\/h2>\n\t\t\t\n\t\n\n\t\t\t\t<div class=\"departure_time\">Dur\u00e9e 3,5h<\/div>\n\n\t\t\t\t<div class=\"post_excerpt\">Partez \u00e0 la recherche de tr\u00e9sors naturels dans les for\u00eats bor\u00e9ales lapones !<\/div>\n\t\t\t\t\n\t\t\t\n\t\t\t<\/div>\t\t\n\t\t\t<p class=\"location\">Rovaniemi<\/p>\n\t\t\t\t<p class=\"price\">99<\/p>\n\n\t\t<\/div>\n\n\t\t<\/a>\n\t\t\t\t\t\t\t\n<a href=\"https:\/\/www.sunnysafari.fi\/fr\/decouvrez-la-nature-boreale-randonnee-peche\/\" class=\"linkki\">\n\n\t\t<div class=\"one_post\">\n\t\t\t\n\n\n\t\t\t\n\t\t\t<div class=\"post_thumbnail\"><img loading=\"lazy\" decoding=\"async\" width=\"768\" height=\"432\" src=\"https:\/\/www.sunnysafari.fi\/wp-content\/uploads\/2021\/02\/Entering-into-the-Wilderness-HikingFishing-768x432.jpg\" class=\"attachment-medium_large size-medium_large wp-post-image\" alt=\"\" \/><\/div>\n\t\t\t<div class=\"text-content\">\n\t\t\n\t\t\t\n\t\t\t\t<h2 class=\"post_heading\">\u00c0 la D\u00e9couverte de la Nature Sauvage Arctique (Randonn\u00e9e &#038; P\u00eache)<\/h2>\n\t\t\t\n\t\n\n\t\t\t\t<div class=\"departure_time\">Dur\u00e9e 4h<\/div>\n\n\t\t\t\t<div class=\"post_excerpt\">Une excursion id\u00e9ale pour les amoureux de la nature ! Une randonn\u00e9e m\u00e9morable vous permettra de d\u00e9couvrir et admirer les paysages lapons avant de faire l'exp\u00e9rience de la p\u00eache traditionnelle en rivi\u00e8re arctique !<\/div>\n\t\t\t\t\n\t\t\t\n\t\t\t<\/div>\t\t\n\t\t\t<p class=\"location\">Rovaniemi<\/p>\n\t\t\t\t<p class=\"price\">129<\/p>\n\n\t\t<\/div>\n\n\t\t<\/a>\n\t\t\t\t\t\t\t\n<a href=\"https:\/\/www.sunnysafari.fi\/fr\/une-journee-aux-chutes-de-korouoma-dauttikongas\/\" class=\"linkki\">\n\n\t\t<div class=\"one_post\">\n\t\t\t\n\n\n\t\t\t\n\t\t\t<div class=\"post_thumbnail\"><img loading=\"lazy\" decoding=\"async\" width=\"768\" height=\"432\" src=\"https:\/\/www.sunnysafari.fi\/wp-content\/uploads\/2021\/02\/Day-at-Korouoma-Canyon-National-Park-Auttikongas-Fall-768x432.jpg\" class=\"attachment-medium_large size-medium_large wp-post-image\" alt=\"\" \/><\/div>\n\t\t\t<div class=\"text-content\">\n\t\t\n\t\t\t\n\t\t\t\t<h2 class=\"post_heading\">Une Journ\u00e9e aux Chutes de Korouoma &#038; d\u2019Auttik\u00f6ng\u00e4s<\/h2>\n\t\t\t\n\t\n\n\t\t\t\t<div class=\"departure_time\">Dur\u00e9e 6 h<\/div>\n\n\t\t\t\t<div class=\"post_excerpt\">Chargez vos appareils photos pour cette excursion aux chutes de Korouoma et d'Auttik\u00f6ng\u00e4s ! La randonn\u00e9e traverse une superbe for\u00eat bor\u00e9ale d'o\u00f9 vous pourrez profiter d'une vue panoramique sur l'impressionnant canyon de la r\u00e9serve naturelle de Korouoma. <\/div>\n\t\t\t\t\n\t\t\t\n\t\t\t<\/div>\t\t\n\t\t\t<p class=\"location\">Rovaniemi<\/p>\n\t\t\t\t<p class=\"price\">169<\/p>\n\n\t\t<\/div>\n\n\t\t<\/a>\n\t\t\t\t\t\t\t\n<a href=\"https:\/\/www.sunnysafari.fi\/fr\/bienvenue-au-cercle-polaire-arctique-ete-automne\/\" class=\"linkki\">\n\n\t\t<div class=\"one_post\">\n\t\t\t\n\n\n\t\t\t\n\t\t\t<div class=\"post_thumbnail\"><img loading=\"lazy\" decoding=\"async\" width=\"768\" height=\"432\" src=\"https:\/\/www.sunnysafari.fi\/wp-content\/uploads\/2021\/02\/Welcome-to-the-Arctic-Circle-Summer-Autumn-768x432.jpg\" class=\"attachment-medium_large size-medium_large wp-post-image\" alt=\"\" \/><\/div>\n\t\t\t<div class=\"text-content\">\n\t\t\n\t\t\t\n\t\t\t\t<h2 class=\"post_heading\">Bienvenue au Cercle Polaire Arctique &#8211; \u00c9t\u00e9 &#038; Automne<\/h2>\n\t\t\t\n\t\n\n\t\t\t\t<div class=\"departure_time\">Dur\u00e9e 6 h<\/div>\n\n\t\t\t\t<div class=\"post_excerpt\">D\u00e9couvrez et admirez la beaut\u00e9 de la nature lapone durant cette excursion de 6 heures \u00e0 l'int\u00e9rieur du cercle polaire arctique.<\/div>\n\t\t\t\t\n\t\t\t\n\t\t\t<\/div>\t\t\n\t\t\t<p class=\"location\">Rovaniemi<\/p>\n\t\t\t\t<p class=\"price\">199<\/p>\n\n\t\t<\/div>\n\n\t\t<\/a>\n\t\t\t\t\t\t\t\n<a href=\"https:\/\/www.sunnysafari.fi\/fr\/randonnee-sous-le-soleil-de-minuit-excursion-photo-au-canyon-de-korouoma\/\" class=\"linkki\">\n\n\t\t<div class=\"one_post\">\n\t\t\t\n\n\n\t\t\t\n\t\t\t<div class=\"post_thumbnail\"><img loading=\"lazy\" decoding=\"async\" width=\"768\" height=\"432\" src=\"https:\/\/www.sunnysafari.fi\/wp-content\/uploads\/2021\/02\/Midnight-Sun-Hiking-Photography-Trip-to-Korouoma-Canyon-768x432.jpg\" class=\"attachment-medium_large size-medium_large wp-post-image\" alt=\"\" \/><\/div>\n\t\t\t<div class=\"text-content\">\n\t\t\n\t\t\t\n\t\t\t\t<h2 class=\"post_heading\">Randonn\u00e9e sous le Soleil de Minuit &#038; Excursion Photo au Canyon de Korouoma<\/h2>\n\t\t\t\n\t\n\n\t\t\t\t<div class=\"departure_time\">Dur\u00e9e 5,5<\/div>\n\n\t\t\t\t<div class=\"post_excerpt\">Cette excursion vous permettra de vous \u00e9merveiller aussi bien devant les superbes couleurs du ciel enflamm\u00e9 par le Soleil de Minuit que devant le canyon et les chutes de Korouoma. La randonn\u00e9e comprend un photographe, qui prendra de magnifiques photos de vous dans la nature lapone, sous le Soleil de Minuit !<\/div>\n\t\t\t\t\n\t\t\t\n\t\t\t<\/div>\t\t\n\t\t\t<p class=\"location\">Rovaniemi<\/p>\n\t\t\t\t<p class=\"price\">189<\/p>\n\n\t\t<\/div>\n\n\t\t<\/a>\n\t\t\t\t\t\t\t\n<a href=\"https:\/\/www.sunnysafari.fi\/fr\/sauna-flottant-baignade-en-riviere-arctique\/\" class=\"linkki\">\n\n\t\t<div class=\"one_post\">\n\t\t\t\n\n\n\t\t\t\n\t\t\t<div class=\"post_thumbnail\"><img loading=\"lazy\" decoding=\"async\" width=\"768\" height=\"432\" src=\"https:\/\/www.sunnysafari.fi\/wp-content\/uploads\/2021\/02\/Floating-Sauna-Arctic-River-Swimming-768x432.jpg\" class=\"attachment-medium_large size-medium_large wp-post-image\" alt=\"\" \/><\/div>\n\t\t\t<div class=\"text-content\">\n\t\t\n\t\t\t\n\t\t\t\t<h2 class=\"post_heading\">Sauna Flottant &#038; Baignade en Rivi\u00e8re Arctique<\/h2>\n\t\t\t\n\t\n\n\t\t\t\t<div class=\"departure_time\">Dur\u00e9e 3h<\/div>\n\n\t\t\t\t<div class=\"post_excerpt\">Faites l'exp\u00e9rience culturelle unique de vous relaxer dans un sauna flottant, avant de vous rafra\u00eechir en plongeant dans la rivi\u00e8re arctique sur laquelle flotte l'habitacle du sauna. <\/div>\n\t\t\t\t\n\t\t\t\n\t\t\t<\/div>\t\t\n\t\t\t<p class=\"location\">Rovaniemi<\/p>\n\t\t\t\t<p class=\"price\">109<\/p>\n\n\t\t<\/div>\n\n\t\t<\/a>\n\t\t\t\t\t\t\t\n<a href=\"https:\/\/www.sunnysafari.fi\/fr\/sauna-traditionnel-au-feu-de-bois-gastronomie-locale\/\" class=\"linkki\">\n\n\t\t<div class=\"one_post\">\n\t\t\t\n\n\n\t\t\t\n\t\t\t<div class=\"post_thumbnail\"><img loading=\"lazy\" decoding=\"async\" width=\"768\" height=\"432\" src=\"https:\/\/www.sunnysafari.fi\/wp-content\/uploads\/2021\/02\/Wood-Heatd-Log-Sauna-Finnish-Food-768x432.jpg\" class=\"attachment-medium_large size-medium_large wp-post-image\" alt=\"\" \/><\/div>\n\t\t\t<div class=\"text-content\">\n\t\t\n\t\t\t\n\t\t\t\t<h2 class=\"post_heading\">Sauna Traditionnel au Feu de Bois &#038; Gastronomie Locale<\/h2>\n\t\t\t\n\t\n\n\t\t\t\t<div class=\"departure_time\">Dur\u00e9e 3h<\/div>\n\n\t\t\t\t<div class=\"post_excerpt\">Immergez-vous au coeur du mode de vie local en appr\u00e9ciant la douce chaleur d\u2019un sauna traditionnel au feu de bois.<\/div>\n\t\t\t\t\n\t\t\t\n\t\t\t<\/div>\t\t\n\t\t\t<p class=\"location\">Rovaniemi<\/p>\n\t\t\t\t<p class=\"price\">139<\/p>\n\n\t\t<\/div>\n\n\t\t<\/a>\n\t\t\t\t<\/div>\n\n\t\n\t<div class=\"pagination\">\n\t\t\tPage 1 of 1<br \/>\n\n\t\t<div class=\"nav-previous\"><\/div>\n\t\t<div class=\"nav-next\"><\/div>\n\t\t\t<\/div>\n\t<\/div>[\/et_pb_code][\/et_pb_column][\/et_pb_row][\/et_pb_section]<\/p>\n","protected":false},"excerpt":{"rendered":"En plus de sa nature et de ses paysages arctiques exceptionnels, la Laponie offre une culture locale unique. D\u00e9couvrez le mode de vie traditionnel lapon gr\u00e2ce \u00e0 nos excursions.\r\n","protected":false},"author":1,"featured_media":16720,"parent":0,"menu_order":0,"comment_status":"closed","ping_status":"closed","template":"","meta":{"_et_pb_use_builder":"on","_et_pb_old_content":"","_et_gb_content_width":"","footnotes":""},"class_list":["post-6242","page","type-page","status-publish","has-post-thumbnail","hentry"],"yoast_head":"<!-- This site is optimized with the Yoast SEO plugin v26.8 - https:\/\/yoast.com\/product\/yoast-seo-wordpress\/ -->\n<title>Nature Sauvage Lapone et Style De Vie Local &#8211; Sunny Safari &#8211; Culture locale<\/title>\n<meta name=\"description\" content=\"En plus de sa nature et de ses paysages arctiques exceptionnels,la Laponie offre une culture locale unique. D\u00e9couvrez le mode de vie traditionnel lapon gr\u00e2ce \u00e0 nos excursions.\" \/>\n<meta name=\"robots\" content=\"index, follow, max-snippet:-1, max-image-preview:large, max-video-preview:-1\" \/>\n<link rel=\"canonical\" href=\"https:\/\/www.sunnysafari.fi\/fr\/culture-et-traditions-locales\/\" \/>\n<meta property=\"og:locale\" content=\"fr_FR\" \/>\n<meta property=\"og:type\" content=\"article\" \/>\n<meta property=\"og:title\" content=\"Nature Sauvage Lapone et Style De Vie Local &#8211; Sunny Safari &#8211; Culture locale\" \/>\n<meta property=\"og:description\" content=\"En plus de sa nature et de ses paysages arctiques exceptionnels,la Laponie offre une culture locale unique. D\u00e9couvrez le mode de vie traditionnel lapon gr\u00e2ce \u00e0 nos excursions.\" \/>\n<meta property=\"og:url\" content=\"https:\/\/www.sunnysafari.fi\/fr\/culture-et-traditions-locales\/\" \/>\n<meta property=\"og:site_name\" content=\"Sunny Safari\" \/>\n<meta property=\"article:modified_time\" content=\"2021-02-17T10:12:56+00:00\" \/>\n<meta property=\"og:image\" content=\"https:\/\/www.sunnysafari.fi\/wp-content\/uploads\/2021\/02\/Lappish-Wilderness-Local-Lifestyle.jpg\" \/>\n\t<meta property=\"og:image:width\" content=\"1920\" \/>\n\t<meta property=\"og:image:height\" content=\"799\" \/>\n\t<meta property=\"og:image:type\" content=\"image\/jpeg\" \/>\n<meta name=\"twitter:card\" content=\"summary_large_image\" \/>\n<meta name=\"twitter:label1\" content=\"Dur\u00e9e de lecture estim\u00e9e\" \/>\n\t<meta name=\"twitter:data1\" content=\"2 minutes\" \/>\n<script type=\"application\/ld+json\" class=\"yoast-schema-graph\">{\"@context\":\"https:\/\/schema.org\",\"@graph\":[{\"@type\":\"WebPage\",\"@id\":\"https:\/\/www.sunnysafari.fi\/fr\/culture-et-traditions-locales\/\",\"url\":\"https:\/\/www.sunnysafari.fi\/fr\/culture-et-traditions-locales\/\",\"name\":\"Nature Sauvage Lapone et Style De Vie Local &#8211; Sunny Safari &#8211; Culture locale\",\"isPartOf\":{\"@id\":\"https:\/\/www.sunnysafari.fi\/fr\/#website\"},\"primaryImageOfPage\":{\"@id\":\"https:\/\/www.sunnysafari.fi\/fr\/culture-et-traditions-locales\/#primaryimage\"},\"image\":{\"@id\":\"https:\/\/www.sunnysafari.fi\/fr\/culture-et-traditions-locales\/#primaryimage\"},\"thumbnailUrl\":\"https:\/\/www.sunnysafari.fi\/wp-content\/uploads\/2021\/02\/Lappish-Wilderness-Local-Lifestyle.jpg\",\"datePublished\":\"2019-11-08T14:12:45+00:00\",\"dateModified\":\"2021-02-17T10:12:56+00:00\",\"description\":\"En plus de sa nature et de ses paysages arctiques exceptionnels,la Laponie offre une culture locale unique. D\u00e9couvrez le mode de vie traditionnel lapon gr\u00e2ce \u00e0 nos excursions.\",\"breadcrumb\":{\"@id\":\"https:\/\/www.sunnysafari.fi\/fr\/culture-et-traditions-locales\/#breadcrumb\"},\"inLanguage\":\"fr-FR\",\"potentialAction\":[{\"@type\":\"ReadAction\",\"target\":[\"https:\/\/www.sunnysafari.fi\/fr\/culture-et-traditions-locales\/\"]}]},{\"@type\":\"ImageObject\",\"inLanguage\":\"fr-FR\",\"@id\":\"https:\/\/www.sunnysafari.fi\/fr\/culture-et-traditions-locales\/#primaryimage\",\"url\":\"https:\/\/www.sunnysafari.fi\/wp-content\/uploads\/2021\/02\/Lappish-Wilderness-Local-Lifestyle.jpg\",\"contentUrl\":\"https:\/\/www.sunnysafari.fi\/wp-content\/uploads\/2021\/02\/Lappish-Wilderness-Local-Lifestyle.jpg\",\"width\":1920,\"height\":799},{\"@type\":\"BreadcrumbList\",\"@id\":\"https:\/\/www.sunnysafari.fi\/fr\/culture-et-traditions-locales\/#breadcrumb\",\"itemListElement\":[{\"@type\":\"ListItem\",\"position\":1,\"name\":\"Home\",\"item\":\"https:\/\/www.sunnysafari.fi\/fr\/\"},{\"@type\":\"ListItem\",\"position\":2,\"name\":\"Nature Sauvage Lapone et Style De Vie Local\"}]},{\"@type\":\"WebSite\",\"@id\":\"https:\/\/www.sunnysafari.fi\/fr\/#website\",\"url\":\"https:\/\/www.sunnysafari.fi\/fr\/\",\"name\":\"Sunny Safari\",\"description\":\"Safari activities provider in Lapland\",\"publisher\":{\"@id\":\"https:\/\/www.sunnysafari.fi\/fr\/#organization\"},\"potentialAction\":[{\"@type\":\"SearchAction\",\"target\":{\"@type\":\"EntryPoint\",\"urlTemplate\":\"https:\/\/www.sunnysafari.fi\/fr\/?s={search_term_string}\"},\"query-input\":{\"@type\":\"PropertyValueSpecification\",\"valueRequired\":true,\"valueName\":\"search_term_string\"}}],\"inLanguage\":\"fr-FR\"},{\"@type\":\"Organization\",\"@id\":\"https:\/\/www.sunnysafari.fi\/fr\/#organization\",\"name\":\"Sunny Safari Oy\",\"url\":\"https:\/\/www.sunnysafari.fi\/fr\/\",\"logo\":{\"@type\":\"ImageObject\",\"inLanguage\":\"fr-FR\",\"@id\":\"https:\/\/www.sunnysafari.fi\/fr\/#\/schema\/logo\/image\/\",\"url\":\"https:\/\/www.sunnysafari.fi\/wp-content\/uploads\/2019\/08\/SunnySafari_logo_111-33.png\",\"contentUrl\":\"https:\/\/www.sunnysafari.fi\/wp-content\/uploads\/2019\/08\/SunnySafari_logo_111-33.png\",\"width\":306,\"height\":311,\"caption\":\"Sunny Safari Oy\"},\"image\":{\"@id\":\"https:\/\/www.sunnysafari.fi\/fr\/#\/schema\/logo\/image\/\"}}]}<\/script>\n<!-- \/ Yoast SEO plugin. -->","yoast_head_json":{"title":"Nature Sauvage Lapone et Style De Vie Local &#8211; Sunny Safari &#8211; Culture locale","description":"En plus de sa nature et de ses paysages arctiques exceptionnels,la Laponie offre une culture locale unique. D\u00e9couvrez le mode de vie traditionnel lapon gr\u00e2ce \u00e0 nos excursions.","robots":{"index":"index","follow":"follow","max-snippet":"max-snippet:-1","max-image-preview":"max-image-preview:large","max-video-preview":"max-video-preview:-1"},"canonical":"https:\/\/www.sunnysafari.fi\/fr\/culture-et-traditions-locales\/","og_locale":"fr_FR","og_type":"article","og_title":"Nature Sauvage Lapone et Style De Vie Local &#8211; Sunny Safari &#8211; Culture locale","og_description":"En plus de sa nature et de ses paysages arctiques exceptionnels,la Laponie offre une culture locale unique. D\u00e9couvrez le mode de vie traditionnel lapon gr\u00e2ce \u00e0 nos excursions.","og_url":"https:\/\/www.sunnysafari.fi\/fr\/culture-et-traditions-locales\/","og_site_name":"Sunny Safari","article_modified_time":"2021-02-17T10:12:56+00:00","og_image":[{"width":1920,"height":799,"url":"https:\/\/www.sunnysafari.fi\/wp-content\/uploads\/2021\/02\/Lappish-Wilderness-Local-Lifestyle.jpg","type":"image\/jpeg"}],"twitter_card":"summary_large_image","twitter_misc":{"Dur\u00e9e de lecture estim\u00e9e":"2 minutes"},"schema":{"@context":"https:\/\/schema.org","@graph":[{"@type":"WebPage","@id":"https:\/\/www.sunnysafari.fi\/fr\/culture-et-traditions-locales\/","url":"https:\/\/www.sunnysafari.fi\/fr\/culture-et-traditions-locales\/","name":"Nature Sauvage Lapone et Style De Vie Local &#8211; Sunny Safari &#8211; Culture locale","isPartOf":{"@id":"https:\/\/www.sunnysafari.fi\/fr\/#website"},"primaryImageOfPage":{"@id":"https:\/\/www.sunnysafari.fi\/fr\/culture-et-traditions-locales\/#primaryimage"},"image":{"@id":"https:\/\/www.sunnysafari.fi\/fr\/culture-et-traditions-locales\/#primaryimage"},"thumbnailUrl":"https:\/\/www.sunnysafari.fi\/wp-content\/uploads\/2021\/02\/Lappish-Wilderness-Local-Lifestyle.jpg","datePublished":"2019-11-08T14:12:45+00:00","dateModified":"2021-02-17T10:12:56+00:00","description":"En plus de sa nature et de ses paysages arctiques exceptionnels,la Laponie offre une culture locale unique. D\u00e9couvrez le mode de vie traditionnel lapon gr\u00e2ce \u00e0 nos excursions.","breadcrumb":{"@id":"https:\/\/www.sunnysafari.fi\/fr\/culture-et-traditions-locales\/#breadcrumb"},"inLanguage":"fr-FR","potentialAction":[{"@type":"ReadAction","target":["https:\/\/www.sunnysafari.fi\/fr\/culture-et-traditions-locales\/"]}]},{"@type":"ImageObject","inLanguage":"fr-FR","@id":"https:\/\/www.sunnysafari.fi\/fr\/culture-et-traditions-locales\/#primaryimage","url":"https:\/\/www.sunnysafari.fi\/wp-content\/uploads\/2021\/02\/Lappish-Wilderness-Local-Lifestyle.jpg","contentUrl":"https:\/\/www.sunnysafari.fi\/wp-content\/uploads\/2021\/02\/Lappish-Wilderness-Local-Lifestyle.jpg","width":1920,"height":799},{"@type":"BreadcrumbList","@id":"https:\/\/www.sunnysafari.fi\/fr\/culture-et-traditions-locales\/#breadcrumb","itemListElement":[{"@type":"ListItem","position":1,"name":"Home","item":"https:\/\/www.sunnysafari.fi\/fr\/"},{"@type":"ListItem","position":2,"name":"Nature Sauvage Lapone et Style De Vie Local"}]},{"@type":"WebSite","@id":"https:\/\/www.sunnysafari.fi\/fr\/#website","url":"https:\/\/www.sunnysafari.fi\/fr\/","name":"Sunny Safari","description":"Safari activities provider in Lapland","publisher":{"@id":"https:\/\/www.sunnysafari.fi\/fr\/#organization"},"potentialAction":[{"@type":"SearchAction","target":{"@type":"EntryPoint","urlTemplate":"https:\/\/www.sunnysafari.fi\/fr\/?s={search_term_string}"},"query-input":{"@type":"PropertyValueSpecification","valueRequired":true,"valueName":"search_term_string"}}],"inLanguage":"fr-FR"},{"@type":"Organization","@id":"https:\/\/www.sunnysafari.fi\/fr\/#organization","name":"Sunny Safari Oy","url":"https:\/\/www.sunnysafari.fi\/fr\/","logo":{"@type":"ImageObject","inLanguage":"fr-FR","@id":"https:\/\/www.sunnysafari.fi\/fr\/#\/schema\/logo\/image\/","url":"https:\/\/www.sunnysafari.fi\/wp-content\/uploads\/2019\/08\/SunnySafari_logo_111-33.png","contentUrl":"https:\/\/www.sunnysafari.fi\/wp-content\/uploads\/2019\/08\/SunnySafari_logo_111-33.png","width":306,"height":311,"caption":"Sunny Safari Oy"},"image":{"@id":"https:\/\/www.sunnysafari.fi\/fr\/#\/schema\/logo\/image\/"}}]}},"_links":{"self":[{"href":"https:\/\/www.sunnysafari.fi\/fr\/wp-json\/wp\/v2\/pages\/6242","targetHints":{"allow":["GET"]}}],"collection":[{"href":"https:\/\/www.sunnysafari.fi\/fr\/wp-json\/wp\/v2\/pages"}],"about":[{"href":"https:\/\/www.sunnysafari.fi\/fr\/wp-json\/wp\/v2\/types\/page"}],"author":[{"embeddable":true,"href":"https:\/\/www.sunnysafari.fi\/fr\/wp-json\/wp\/v2\/users\/1"}],"replies":[{"embeddable":true,"href":"https:\/\/www.sunnysafari.fi\/fr\/wp-json\/wp\/v2\/comments?post=6242"}],"version-history":[{"count":15,"href":"https:\/\/www.sunnysafari.fi\/fr\/wp-json\/wp\/v2\/pages\/6242\/revisions"}],"predecessor-version":[{"id":16798,"href":"https:\/\/www.sunnysafari.fi\/fr\/wp-json\/wp\/v2\/pages\/6242\/revisions\/16798"}],"wp:featuredmedia":[{"embeddable":true,"href":"https:\/\/www.sunnysafari.fi\/fr\/wp-json\/wp\/v2\/media\/16720"}],"wp:attachment":[{"href":"https:\/\/www.sunnysafari.fi\/fr\/wp-json\/wp\/v2\/media?parent=6242"}],"curies":[{"name":"wp","href":"https:\/\/api.w.org\/{rel}","templated":true}]}}