{"id":6231,"date":"2019-11-08T13:13:15","date_gmt":"2019-11-08T13:13:15","guid":{"rendered":"https:\/\/www.sunnysafari.fi\/excursions-en-traineau-a-chiens-et-a-rennes\/"},"modified":"2021-02-14T14:47:05","modified_gmt":"2021-02-14T14:47:05","slug":"excursions-en-traineau-a-chiens-et-a-rennes","status":"publish","type":"page","link":"https:\/\/www.sunnysafari.fi\/fr\/excursions-en-traineau-a-chiens-et-a-rennes\/","title":{"rendered":"Excursions en tra\u00eeneau \u00e0 chiens et \u00e0 rennes"},"content":{"rendered":"<p>[et_pb_section fb_built=\u00a0\u00bb1&Prime; _builder_version=\u00a0\u00bb4.8.2&Prime; background_image=\u00a0\u00bbhttps:\/\/www.sunnysafari.fi\/wp-content\/uploads\/2021\/02\/HuskyReindeer.jpg\u00a0\u00bb custom_padding=\u00a0\u00bb0px||0px|||\u00a0\u00bb][et_pb_row column_structure=\u00a0\u00bb1_2,1_2&Prime; use_custom_gutter=\u00a0\u00bbon\u00a0\u00bb custom_padding_last_edited=\u00a0\u00bbon|desktop\u00a0\u00bb _builder_version=\u00a0\u00bb3.26.3&Prime; width_tablet=\u00a0\u00bb\u00a0\u00bb width_phone=\u00a0\u00bb100%\u00a0\u00bb width_last_edited=\u00a0\u00bbon|phone\u00a0\u00bb custom_margin=\u00a0\u00bb||||false|false\u00a0\u00bb custom_padding=\u00a0\u00bb0px||0px|||\u00a0\u00bb custom_padding_tablet=\u00a0\u00bb\u00a0\u00bb custom_padding_phone=\u00a0\u00bb\u00a0\u00bb][et_pb_column type=\u00a0\u00bb1_2&Prime; _builder_version=\u00a0\u00bb3.26.3&Prime;][et_pb_text _builder_version=\u00a0\u00bb3.27.4&Prime; text_text_color=\u00a0\u00bb#ffffff\u00a0\u00bb header_font=\u00a0\u00bb|700|||||||\u00a0\u00bb header_text_color=\u00a0\u00bb#ffffff\u00a0\u00bb header_font_size=\u00a0\u00bb78px\u00a0\u00bb header_4_font=\u00a0\u00bb|700|||||||\u00a0\u00bb header_4_text_color=\u00a0\u00bb#ffffff\u00a0\u00bb header_4_line_height=\u00a0\u00bb1.3em\u00a0\u00bb header_5_font=\u00a0\u00bb|700|||||||\u00a0\u00bb header_5_text_color=\u00a0\u00bb#ffffff\u00a0\u00bb header_5_line_height=\u00a0\u00bb1.3em\u00a0\u00bb header_6_font=\u00a0\u00bb|300|||||||\u00a0\u00bb header_6_text_color=\u00a0\u00bb#ffffff\u00a0\u00bb header_6_font_size=\u00a0\u00bb16px\u00a0\u00bb header_6_line_height=\u00a0\u00bb1.3em\u00a0\u00bb custom_padding=\u00a0\u00bb25%|5%|25%|5%|false|false\u00a0\u00bb custom_padding_tablet=\u00a0\u00bb25%||0%||false|false\u00a0\u00bb custom_padding_phone=\u00a0\u00bb|7%||7%|false|false\u00a0\u00bb custom_padding_last_edited=\u00a0\u00bbon|phone\u00a0\u00bb header_font_size_tablet=\u00a0\u00bb52px\u00a0\u00bb header_font_size_phone=\u00a0\u00bb56px\u00a0\u00bb header_font_size_last_edited=\u00a0\u00bbon|tablet\u00a0\u00bb header_4_font_size_tablet=\u00a0\u00bb21px\u00a0\u00bb header_4_font_size_phone=\u00a0\u00bb18px\u00a0\u00bb header_4_font_size_last_edited=\u00a0\u00bbon|phone\u00a0\u00bb header_text_shadow_style=\u00a0\u00bbpreset1&Prime; header_4_text_shadow_style=\u00a0\u00bbpreset1&Prime; background__hover_enabled=\u00a0\u00bbon\u00a0\u00bb]<\/p>\n<h1>Excursions en tra\u00eeneau \u00e0 chiens et \u00e0 rennes<\/h1>\n<p>[\/et_pb_text][\/et_pb_column][et_pb_column type=\u00a0\u00bb1_2&Prime; _builder_version=\u00a0\u00bb3.26.3&Prime;][et_pb_text _builder_version=\u00a0\u00bb3.27.4&Prime; text_text_color=\u00a0\u00bb#ffffff\u00a0\u00bb header_font=\u00a0\u00bb|700|||||||\u00a0\u00bb header_text_color=\u00a0\u00bb#ffffff\u00a0\u00bb header_font_size=\u00a0\u00bb78px\u00a0\u00bb header_4_font=\u00a0\u00bb|700|||||||\u00a0\u00bb header_4_text_color=\u00a0\u00bb#ffffff\u00a0\u00bb header_4_line_height=\u00a0\u00bb1.3em\u00a0\u00bb header_5_font=\u00a0\u00bb|700|||||||\u00a0\u00bb header_5_text_color=\u00a0\u00bb#ffffff\u00a0\u00bb header_5_line_height=\u00a0\u00bb1.3em\u00a0\u00bb header_6_font=\u00a0\u00bb|300|||||||\u00a0\u00bb header_6_text_color=\u00a0\u00bb#ffffff\u00a0\u00bb header_6_font_size=\u00a0\u00bb16px\u00a0\u00bb header_6_line_height=\u00a0\u00bb1.3em\u00a0\u00bb use_background_color_gradient=\u00a0\u00bbon\u00a0\u00bb background_color_gradient_start=\u00a0\u00bbrgba(0,0,0,0)\u00a0\u00bb background_color_gradient_end=\u00a0\u00bbrgba(0,0,0,0.44)\u00a0\u00bb background_color_gradient_end_position=\u00a0\u00bb33%\u00a0\u00bb custom_padding=\u00a0\u00bb25%|5%|25%|5%|false|false\u00a0\u00bb custom_padding_tablet=\u00a0\u00bb0%||||false|false\u00a0\u00bb custom_padding_phone=\u00a0\u00bb|7%||7%|false|false\u00a0\u00bb custom_padding_last_edited=\u00a0\u00bbon|tablet\u00a0\u00bb header_font_size_tablet=\u00a0\u00bb52px\u00a0\u00bb header_font_size_phone=\u00a0\u00bb56px\u00a0\u00bb header_font_size_last_edited=\u00a0\u00bbon|tablet\u00a0\u00bb header_4_font_size_tablet=\u00a0\u00bb21px\u00a0\u00bb header_4_font_size_phone=\u00a0\u00bb18px\u00a0\u00bb header_4_font_size_last_edited=\u00a0\u00bbon|phone\u00a0\u00bb header_text_shadow_style=\u00a0\u00bbpreset1&Prime; header_4_text_shadow_style=\u00a0\u00bbpreset1&Prime; background__hover_enabled=\u00a0\u00bbon\u00a0\u00bb min_height=\u00a0\u00bb580.7px\u00a0\u00bb]<\/p>\n<h4>Depuis longtemps, les rennes et les chiens de tra\u00eeneau (huskys) sont d&rsquo;une grande aide pour les habitants de l&rsquo;Arctique. Visiter un \u00e9levage de rennes ou un chenil et partir sur un tra\u00eeneau tir\u00e9 par eux est un souvenir inoubliable.<\/h4>\n<p>&nbsp;<\/p>\n<p>&nbsp;<\/p>\n<p>&nbsp;[\/et_pb_text][\/et_pb_column][\/et_pb_row][\/et_pb_section][et_pb_section fb_built=\u00a0\u00bb1&Prime; _builder_version=\u00a0\u00bb3.26.3&Prime; custom_padding=\u00a0\u00bb0%||2%||false|false\u00a0\u00bb][et_pb_row custom_padding_last_edited=\u00a0\u00bbon|phone\u00a0\u00bb _builder_version=\u00a0\u00bb3.26.3&Prime; custom_padding=\u00a0\u00bb5%||2%||false|false\u00a0\u00bb custom_padding_tablet=\u00a0\u00bb\u00a0\u00bb custom_padding_phone=\u00a0\u00bb15%||5%||false|false\u00a0\u00bb][et_pb_column type=\u00a0\u00bb4_4&Prime; _builder_version=\u00a0\u00bb3.26.3&Prime;][et_pb_code _builder_version=\u00a0\u00bb4.7.1&Prime; locked=\u00a0\u00bboff\u00a0\u00bb]<div class=\"search-filter-results\" id=\"search-filter-results-6654\">\t<div class=\"post_count\">\n\t\tFound 5 Results<br \/>\n\tPage 1 of 1<br \/>\n<\/div>\n\t\n\t\n\t<div class=\"pagination\">\n\t\t\n\t\t<div class=\"nav-previous\"><\/div>\n\t\t<div class=\"nav-next\"><\/div>\n\t\t\t<\/div>\n\t<div class=\"clearfix\">\n\t\t\n\t\t\t\t\t\t\n<a href=\"https:\/\/www.sunnysafari.fi\/fr\/bienvenue-au-cercle-polaire-arctique-hiver\/\" class=\"linkki\">\n\n\t\t<div class=\"one_post\">\n\t\t\t\n\n\n\t\t\t\n\t\t\t<div class=\"post_thumbnail\"><img loading=\"lazy\" decoding=\"async\" width=\"768\" height=\"432\" src=\"https:\/\/www.sunnysafari.fi\/wp-content\/uploads\/2021\/02\/Welcome-to-the-Arctic-Circle-Winter-768x432.jpg\" class=\"attachment-medium_large size-medium_large wp-post-image\" alt=\"\" \/><\/div>\n\t\t\t<div class=\"text-content\">\n\t\t\n\t\t\t\n\t\t\t\t<h2 class=\"post_heading\">Bienvenue au Cercle Polaire Arctique &#8211; Hiver<\/h2>\n\t\t\t\n\t\n\n\t\t\t\t<div class=\"departure_time\">Dur\u00e9e 7h<\/div>\n\n\t\t\t\t<div class=\"post_excerpt\">D\u00e9couvrez la capitale de la Laponie, Rovaniemi, lors de cette visite autour du cercle polaire arctique !<\/div>\n\t\t\t\t\n\t\t\t\n\t\t\t<\/div>\t\t\n\t\t\t<p class=\"location\">Rovaniemi<\/p>\n\t\t\t\t<p class=\"price\">239<\/p>\n\n\t\t<\/div>\n\n\t\t<\/a>\n\t\t\t\t\t\t\t\n<a href=\"https:\/\/www.sunnysafari.fi\/fr\/le-top-3-de-nos-excursions-jour-complet-dexcursion\/\" class=\"linkki\">\n\n\t\t<div class=\"one_post\">\n\t\t\t\n\n\n\t\t\t\n\t\t\t<div class=\"post_thumbnail\"><img loading=\"lazy\" decoding=\"async\" width=\"768\" height=\"432\" src=\"https:\/\/www.sunnysafari.fi\/wp-content\/uploads\/2021\/02\/Combination-of-Top-Three-\u2013-One-Day-Tour-768x432.jpg\" class=\"attachment-medium_large size-medium_large wp-post-image\" alt=\"\" srcset=\"https:\/\/www.sunnysafari.fi\/wp-content\/uploads\/2021\/02\/Combination-of-Top-Three-\u2013-One-Day-Tour-768x432.jpg 768w, https:\/\/www.sunnysafari.fi\/wp-content\/uploads\/2021\/02\/Combination-of-Top-Three-\u2013-One-Day-Tour-300x169.jpg 300w, https:\/\/www.sunnysafari.fi\/wp-content\/uploads\/2021\/02\/Combination-of-Top-Three-\u2013-One-Day-Tour-1024x576.jpg 1024w, https:\/\/www.sunnysafari.fi\/wp-content\/uploads\/2021\/02\/Combination-of-Top-Three-\u2013-One-Day-Tour-1536x864.jpg 1536w, https:\/\/www.sunnysafari.fi\/wp-content\/uploads\/2021\/02\/Combination-of-Top-Three-\u2013-One-Day-Tour-1080x608.jpg 1080w, https:\/\/www.sunnysafari.fi\/wp-content\/uploads\/2021\/02\/Combination-of-Top-Three-\u2013-One-Day-Tour-1280x720.jpg 1280w, https:\/\/www.sunnysafari.fi\/wp-content\/uploads\/2021\/02\/Combination-of-Top-Three-\u2013-One-Day-Tour-980x551.jpg 980w, https:\/\/www.sunnysafari.fi\/wp-content\/uploads\/2021\/02\/Combination-of-Top-Three-\u2013-One-Day-Tour-480x270.jpg 480w, https:\/\/www.sunnysafari.fi\/wp-content\/uploads\/2021\/02\/Combination-of-Top-Three-\u2013-One-Day-Tour.jpg 1920w\" sizes=\"(max-width: 768px) 100vw, 768px\" \/><\/div>\n\t\t\t<div class=\"text-content\">\n\t\t\n\t\t\t\n\t\t\t\t<h2 class=\"post_heading\">Le Top 3 de nos Excursions &#8211; Jour Complet d&rsquo;Excursion<\/h2>\n\t\t\t\n\t\n\n\t\t\t\t<div class=\"departure_time\">Dur\u00e9e 6.5h<\/div>\n\n\t\t\t\t<div class=\"post_excerpt\">D\u00e9couvrez la Laponie en participant \u00e0 nos activit\u00e9s pr\u00e9f\u00e9r\u00e9es : un safari en motoneige, mais aussi deux incontournables excursions dans la nature arctique en tra\u00eeneau tir\u00e9 par un renne et des huskies ! <\/div>\n\t\t\t\t\n\t\t\t\n\t\t\t<\/div>\t\t\n\t\t\t<p class=\"location\">Rovaniemi<\/p>\n\t\t\t\t<p class=\"price\">249<\/p>\n\n\t\t<\/div>\n\n\t\t<\/a>\n\t\t\t\t\t\t\t\n<a href=\"https:\/\/www.sunnysafari.fi\/fr\/une-journee-pleine-daventures-jour-complet-dexcursion\/\" class=\"linkki\">\n\n\t\t<div class=\"one_post\">\n\t\t\t\n\n\n\t\t\t\n\t\t\t<div class=\"post_thumbnail\"><img loading=\"lazy\" decoding=\"async\" width=\"768\" height=\"432\" src=\"https:\/\/www.sunnysafari.fi\/wp-content\/uploads\/2021\/02\/Day-Full-of-Adventures-768x432.jpg\" class=\"attachment-medium_large size-medium_large wp-post-image\" alt=\"\" \/><\/div>\n\t\t\t<div class=\"text-content\">\n\t\t\n\t\t\t\n\t\t\t\t<h2 class=\"post_heading\">Une Journ\u00e9e Pleine d&rsquo;Aventures &#8211; Jour Complet d&rsquo;excursion<\/h2>\n\t\t\t\n\t\n\n\t\t\t\t<div class=\"departure_time\">Dur\u00e9e 8 h<\/div>\n\n\t\t\t\t<div class=\"post_excerpt\">Faites l'exp\u00e9rience des meilleurs safaris et activit\u00e9s lapones : une excursion en motoneige ainsi que la rencontre avec les Rennes, les Huskies et le P\u00e8re No\u00ebl feront de votre journ\u00e9e une aventure inoubliable !<\/div>\n\t\t\t\t\n\t\t\t\n\t\t\t<\/div>\t\t\n\t\t\t<p class=\"location\">Rovaniemi<\/p>\n\t\t\t\t<p class=\"price\">339<\/p>\n\n\t\t<\/div>\n\n\t\t<\/a>\n\t\t\t\t\t\t\t\n<a href=\"https:\/\/www.sunnysafari.fi\/fr\/excursion-en-traineau-a-rennes-dans-les-etendues-arctiques\/\" class=\"linkki\">\n\n\t\t<div class=\"one_post\">\n\t\t\t\n\n\n\t\t\t\n\t\t\t<div class=\"post_thumbnail\"><img loading=\"lazy\" decoding=\"async\" width=\"768\" height=\"432\" src=\"https:\/\/www.sunnysafari.fi\/wp-content\/uploads\/2021\/02\/Reindeer-Safari-in-Arctic-Wilderness-768x432.jpg\" class=\"attachment-medium_large size-medium_large wp-post-image\" alt=\"\" \/><\/div>\n\t\t\t<div class=\"text-content\">\n\t\t\n\t\t\t\n\t\t\t\t<h2 class=\"post_heading\">Excursion en Tra\u00eeneau \u00e0 Rennes dans les \u00c9tendues Arctiques<\/h2>\n\t\t\t\n\t\n\n\t\t\t\t<div class=\"departure_time\">Dur\u00e9e 3.5h<\/div>\n\n\t\t\t\t<div class=\"post_excerpt\">Partez \u00e0 la d\u00e9couverte de la nature arctique en prenant place dans un confortable tra\u00eeneau tir\u00e9 par un renne ! Au chaud, envelopp\u00e9s dans d'\u00e9paisses couvertures en peaux de rennes fournies par des \u00e9leveurs traditionnels lapons, vous pourrez ainsi pleinement profiter de la beaut\u00e9 des paysages enneig\u00e9s.<\/div>\n\t\t\t\t\n\t\t\t\n\t\t\t<\/div>\t\t\n\t\t\t<p class=\"location\">Rovaniemi<\/p>\n\t\t\t\t<p class=\"price\">189<\/p>\n\n\t\t<\/div>\n\n\t\t<\/a>\n\t\t\t\t\t\t\t\n<a href=\"https:\/\/www.sunnysafari.fi\/fr\/visite-dun-elevage-de-rennes-tour-en-traineau\/\" class=\"linkki\">\n\n\t\t<div class=\"one_post\">\n\t\t\t\n\n\n\t\t\t\n\t\t\t<div class=\"post_thumbnail\"><img loading=\"lazy\" decoding=\"async\" width=\"768\" height=\"432\" src=\"https:\/\/www.sunnysafari.fi\/wp-content\/uploads\/2021\/02\/Reindeer-Farm-Visit-Short-Sled-Ride-768x432.jpg\" class=\"attachment-medium_large size-medium_large wp-post-image\" alt=\"\" \/><\/div>\n\t\t\t<div class=\"text-content\">\n\t\t\n\t\t\t\n\t\t\t\t<h2 class=\"post_heading\">Visite d\u2019un \u00c9levage de Rennes &#038; Tour en Tra\u00eeneau<\/h2>\n\t\t\t\n\t\n\n\t\t\t\t<div class=\"departure_time\">Dur\u00e9e 2.5h<\/div>\n\n\t\t\t\t<div class=\"post_excerpt\">Visitez une ferme traditionnelle de rennes avant de faire l'exp\u00e9rience d'un petit tour en traineau tir\u00e9 par vos nouveaux compagnons ! <\/div>\n\t\t\t\t\n\t\t\t\n\t\t\t<\/div>\t\t\n\t\t\t<p class=\"location\">Rovaniemi<\/p>\n\t\t\t\t<p class=\"price\">95<\/p>\n\n\t\t<\/div>\n\n\t\t<\/a>\n\t\t\t\t<\/div>\n\n\t\n\t<div class=\"pagination\">\n\t\t\tPage 1 of 1<br \/>\n\n\t\t<div class=\"nav-previous\"><\/div>\n\t\t<div class=\"nav-next\"><\/div>\n\t\t\t<\/div>\n\t<\/div>[\/et_pb_code][\/et_pb_column][\/et_pb_row][\/et_pb_section]<\/p>\n","protected":false},"excerpt":{"rendered":"Les huskies et les rennes sont des animaux d'une grande importance pour les personnes qui vivent en Laponie. Rendez visite \u00e0 ces animaux adorables, tissez des liens avec eux et profitez d'une balade en tra\u00ceneau : vous vous cr\u00e9\u00e9rez des souvenirs inoubliables.\r\n","protected":false},"author":1,"featured_media":15675,"parent":0,"menu_order":0,"comment_status":"closed","ping_status":"closed","template":"","meta":{"_et_pb_use_builder":"on","_et_pb_old_content":"","_et_gb_content_width":"","footnotes":""},"class_list":["post-6231","page","type-page","status-publish","has-post-thumbnail","hentry"],"yoast_head":"<!-- This site is optimized with the Yoast SEO plugin v26.8 - https:\/\/yoast.com\/product\/yoast-seo-wordpress\/ -->\n<title>Excursions en tra\u00eeneau \u00e0 chiens et \u00e0 rennes &#8211; Sunny Safari - Profitez de la nature en Laponie<\/title>\n<meta name=\"description\" content=\"Les huskies et les rennes sont des animaux d&#039;une grande importance pour les personnes qui vivent en Laponie. Rendez visite \u00e0 ces animaux adorables, tissez des liens avec eux et profitez d&#039;une balade en tra\u00ceneau : vous vous cr\u00e9\u00e9rez des souvenirs inoubliables.\" \/>\n<meta name=\"robots\" content=\"index, follow, max-snippet:-1, max-image-preview:large, max-video-preview:-1\" \/>\n<link rel=\"canonical\" href=\"https:\/\/www.sunnysafari.fi\/fr\/excursions-en-traineau-a-chiens-et-a-rennes\/\" \/>\n<meta property=\"og:locale\" content=\"fr_FR\" \/>\n<meta property=\"og:type\" content=\"article\" \/>\n<meta property=\"og:title\" content=\"Excursions en tra\u00eeneau \u00e0 chiens et \u00e0 rennes &#8211; Sunny Safari - Profitez de la nature en Laponie\" \/>\n<meta property=\"og:description\" content=\"Les huskies et les rennes sont des animaux d&#039;une grande importance pour les personnes qui vivent en Laponie. Rendez visite \u00e0 ces animaux adorables, tissez des liens avec eux et profitez d&#039;une balade en tra\u00ceneau : vous vous cr\u00e9\u00e9rez des souvenirs inoubliables.\" \/>\n<meta property=\"og:url\" content=\"https:\/\/www.sunnysafari.fi\/fr\/excursions-en-traineau-a-chiens-et-a-rennes\/\" \/>\n<meta property=\"og:site_name\" content=\"Sunny Safari\" \/>\n<meta property=\"article:modified_time\" content=\"2021-02-14T14:47:05+00:00\" \/>\n<meta property=\"og:image\" content=\"https:\/\/www.sunnysafari.fi\/wp-content\/uploads\/2021\/02\/HuskyReindeer.jpg\" \/>\n\t<meta property=\"og:image:width\" content=\"1920\" \/>\n\t<meta property=\"og:image:height\" content=\"799\" \/>\n\t<meta property=\"og:image:type\" content=\"image\/jpeg\" \/>\n<meta name=\"twitter:card\" content=\"summary_large_image\" \/>\n<meta name=\"twitter:label1\" content=\"Dur\u00e9e de lecture estim\u00e9e\" \/>\n\t<meta name=\"twitter:data1\" content=\"2 minutes\" \/>\n<script type=\"application\/ld+json\" class=\"yoast-schema-graph\">{\"@context\":\"https:\/\/schema.org\",\"@graph\":[{\"@type\":\"WebPage\",\"@id\":\"https:\/\/www.sunnysafari.fi\/fr\/excursions-en-traineau-a-chiens-et-a-rennes\/\",\"url\":\"https:\/\/www.sunnysafari.fi\/fr\/excursions-en-traineau-a-chiens-et-a-rennes\/\",\"name\":\"Excursions en tra\u00eeneau \u00e0 chiens et \u00e0 rennes &#8211; Sunny Safari - Profitez de la nature en Laponie\",\"isPartOf\":{\"@id\":\"https:\/\/www.sunnysafari.fi\/fr\/#website\"},\"primaryImageOfPage\":{\"@id\":\"https:\/\/www.sunnysafari.fi\/fr\/excursions-en-traineau-a-chiens-et-a-rennes\/#primaryimage\"},\"image\":{\"@id\":\"https:\/\/www.sunnysafari.fi\/fr\/excursions-en-traineau-a-chiens-et-a-rennes\/#primaryimage\"},\"thumbnailUrl\":\"https:\/\/www.sunnysafari.fi\/wp-content\/uploads\/2021\/02\/HuskyReindeer.jpg\",\"datePublished\":\"2019-11-08T13:13:15+00:00\",\"dateModified\":\"2021-02-14T14:47:05+00:00\",\"description\":\"Les huskies et les rennes sont des animaux d'une grande importance pour les personnes qui vivent en Laponie. Rendez visite \u00e0 ces animaux adorables, tissez des liens avec eux et profitez d'une balade en tra\u00ceneau : vous vous cr\u00e9\u00e9rez des souvenirs inoubliables.\",\"breadcrumb\":{\"@id\":\"https:\/\/www.sunnysafari.fi\/fr\/excursions-en-traineau-a-chiens-et-a-rennes\/#breadcrumb\"},\"inLanguage\":\"fr-FR\",\"potentialAction\":[{\"@type\":\"ReadAction\",\"target\":[\"https:\/\/www.sunnysafari.fi\/fr\/excursions-en-traineau-a-chiens-et-a-rennes\/\"]}]},{\"@type\":\"ImageObject\",\"inLanguage\":\"fr-FR\",\"@id\":\"https:\/\/www.sunnysafari.fi\/fr\/excursions-en-traineau-a-chiens-et-a-rennes\/#primaryimage\",\"url\":\"https:\/\/www.sunnysafari.fi\/wp-content\/uploads\/2021\/02\/HuskyReindeer.jpg\",\"contentUrl\":\"https:\/\/www.sunnysafari.fi\/wp-content\/uploads\/2021\/02\/HuskyReindeer.jpg\",\"width\":1920,\"height\":799},{\"@type\":\"BreadcrumbList\",\"@id\":\"https:\/\/www.sunnysafari.fi\/fr\/excursions-en-traineau-a-chiens-et-a-rennes\/#breadcrumb\",\"itemListElement\":[{\"@type\":\"ListItem\",\"position\":1,\"name\":\"Home\",\"item\":\"https:\/\/www.sunnysafari.fi\/fr\/\"},{\"@type\":\"ListItem\",\"position\":2,\"name\":\"Excursions en tra\u00eeneau \u00e0 chiens et \u00e0 rennes\"}]},{\"@type\":\"WebSite\",\"@id\":\"https:\/\/www.sunnysafari.fi\/fr\/#website\",\"url\":\"https:\/\/www.sunnysafari.fi\/fr\/\",\"name\":\"Sunny Safari\",\"description\":\"Safari activities provider in Lapland\",\"publisher\":{\"@id\":\"https:\/\/www.sunnysafari.fi\/fr\/#organization\"},\"potentialAction\":[{\"@type\":\"SearchAction\",\"target\":{\"@type\":\"EntryPoint\",\"urlTemplate\":\"https:\/\/www.sunnysafari.fi\/fr\/?s={search_term_string}\"},\"query-input\":{\"@type\":\"PropertyValueSpecification\",\"valueRequired\":true,\"valueName\":\"search_term_string\"}}],\"inLanguage\":\"fr-FR\"},{\"@type\":\"Organization\",\"@id\":\"https:\/\/www.sunnysafari.fi\/fr\/#organization\",\"name\":\"Sunny Safari Oy\",\"url\":\"https:\/\/www.sunnysafari.fi\/fr\/\",\"logo\":{\"@type\":\"ImageObject\",\"inLanguage\":\"fr-FR\",\"@id\":\"https:\/\/www.sunnysafari.fi\/fr\/#\/schema\/logo\/image\/\",\"url\":\"https:\/\/www.sunnysafari.fi\/wp-content\/uploads\/2019\/08\/SunnySafari_logo_111-33.png\",\"contentUrl\":\"https:\/\/www.sunnysafari.fi\/wp-content\/uploads\/2019\/08\/SunnySafari_logo_111-33.png\",\"width\":306,\"height\":311,\"caption\":\"Sunny Safari Oy\"},\"image\":{\"@id\":\"https:\/\/www.sunnysafari.fi\/fr\/#\/schema\/logo\/image\/\"}}]}<\/script>\n<!-- \/ Yoast SEO plugin. -->","yoast_head_json":{"title":"Excursions en tra\u00eeneau \u00e0 chiens et \u00e0 rennes &#8211; Sunny Safari - Profitez de la nature en Laponie","description":"Les huskies et les rennes sont des animaux d'une grande importance pour les personnes qui vivent en Laponie. Rendez visite \u00e0 ces animaux adorables, tissez des liens avec eux et profitez d'une balade en tra\u00ceneau : vous vous cr\u00e9\u00e9rez des souvenirs inoubliables.","robots":{"index":"index","follow":"follow","max-snippet":"max-snippet:-1","max-image-preview":"max-image-preview:large","max-video-preview":"max-video-preview:-1"},"canonical":"https:\/\/www.sunnysafari.fi\/fr\/excursions-en-traineau-a-chiens-et-a-rennes\/","og_locale":"fr_FR","og_type":"article","og_title":"Excursions en tra\u00eeneau \u00e0 chiens et \u00e0 rennes &#8211; Sunny Safari - Profitez de la nature en Laponie","og_description":"Les huskies et les rennes sont des animaux d'une grande importance pour les personnes qui vivent en Laponie. Rendez visite \u00e0 ces animaux adorables, tissez des liens avec eux et profitez d'une balade en tra\u00ceneau : vous vous cr\u00e9\u00e9rez des souvenirs inoubliables.","og_url":"https:\/\/www.sunnysafari.fi\/fr\/excursions-en-traineau-a-chiens-et-a-rennes\/","og_site_name":"Sunny Safari","article_modified_time":"2021-02-14T14:47:05+00:00","og_image":[{"width":1920,"height":799,"url":"https:\/\/www.sunnysafari.fi\/wp-content\/uploads\/2021\/02\/HuskyReindeer.jpg","type":"image\/jpeg"}],"twitter_card":"summary_large_image","twitter_misc":{"Dur\u00e9e de lecture estim\u00e9e":"2 minutes"},"schema":{"@context":"https:\/\/schema.org","@graph":[{"@type":"WebPage","@id":"https:\/\/www.sunnysafari.fi\/fr\/excursions-en-traineau-a-chiens-et-a-rennes\/","url":"https:\/\/www.sunnysafari.fi\/fr\/excursions-en-traineau-a-chiens-et-a-rennes\/","name":"Excursions en tra\u00eeneau \u00e0 chiens et \u00e0 rennes &#8211; Sunny Safari - Profitez de la nature en Laponie","isPartOf":{"@id":"https:\/\/www.sunnysafari.fi\/fr\/#website"},"primaryImageOfPage":{"@id":"https:\/\/www.sunnysafari.fi\/fr\/excursions-en-traineau-a-chiens-et-a-rennes\/#primaryimage"},"image":{"@id":"https:\/\/www.sunnysafari.fi\/fr\/excursions-en-traineau-a-chiens-et-a-rennes\/#primaryimage"},"thumbnailUrl":"https:\/\/www.sunnysafari.fi\/wp-content\/uploads\/2021\/02\/HuskyReindeer.jpg","datePublished":"2019-11-08T13:13:15+00:00","dateModified":"2021-02-14T14:47:05+00:00","description":"Les huskies et les rennes sont des animaux d'une grande importance pour les personnes qui vivent en Laponie. Rendez visite \u00e0 ces animaux adorables, tissez des liens avec eux et profitez d'une balade en tra\u00ceneau : vous vous cr\u00e9\u00e9rez des souvenirs inoubliables.","breadcrumb":{"@id":"https:\/\/www.sunnysafari.fi\/fr\/excursions-en-traineau-a-chiens-et-a-rennes\/#breadcrumb"},"inLanguage":"fr-FR","potentialAction":[{"@type":"ReadAction","target":["https:\/\/www.sunnysafari.fi\/fr\/excursions-en-traineau-a-chiens-et-a-rennes\/"]}]},{"@type":"ImageObject","inLanguage":"fr-FR","@id":"https:\/\/www.sunnysafari.fi\/fr\/excursions-en-traineau-a-chiens-et-a-rennes\/#primaryimage","url":"https:\/\/www.sunnysafari.fi\/wp-content\/uploads\/2021\/02\/HuskyReindeer.jpg","contentUrl":"https:\/\/www.sunnysafari.fi\/wp-content\/uploads\/2021\/02\/HuskyReindeer.jpg","width":1920,"height":799},{"@type":"BreadcrumbList","@id":"https:\/\/www.sunnysafari.fi\/fr\/excursions-en-traineau-a-chiens-et-a-rennes\/#breadcrumb","itemListElement":[{"@type":"ListItem","position":1,"name":"Home","item":"https:\/\/www.sunnysafari.fi\/fr\/"},{"@type":"ListItem","position":2,"name":"Excursions en tra\u00eeneau \u00e0 chiens et \u00e0 rennes"}]},{"@type":"WebSite","@id":"https:\/\/www.sunnysafari.fi\/fr\/#website","url":"https:\/\/www.sunnysafari.fi\/fr\/","name":"Sunny Safari","description":"Safari activities provider in Lapland","publisher":{"@id":"https:\/\/www.sunnysafari.fi\/fr\/#organization"},"potentialAction":[{"@type":"SearchAction","target":{"@type":"EntryPoint","urlTemplate":"https:\/\/www.sunnysafari.fi\/fr\/?s={search_term_string}"},"query-input":{"@type":"PropertyValueSpecification","valueRequired":true,"valueName":"search_term_string"}}],"inLanguage":"fr-FR"},{"@type":"Organization","@id":"https:\/\/www.sunnysafari.fi\/fr\/#organization","name":"Sunny Safari Oy","url":"https:\/\/www.sunnysafari.fi\/fr\/","logo":{"@type":"ImageObject","inLanguage":"fr-FR","@id":"https:\/\/www.sunnysafari.fi\/fr\/#\/schema\/logo\/image\/","url":"https:\/\/www.sunnysafari.fi\/wp-content\/uploads\/2019\/08\/SunnySafari_logo_111-33.png","contentUrl":"https:\/\/www.sunnysafari.fi\/wp-content\/uploads\/2019\/08\/SunnySafari_logo_111-33.png","width":306,"height":311,"caption":"Sunny Safari Oy"},"image":{"@id":"https:\/\/www.sunnysafari.fi\/fr\/#\/schema\/logo\/image\/"}}]}},"_links":{"self":[{"href":"https:\/\/www.sunnysafari.fi\/fr\/wp-json\/wp\/v2\/pages\/6231","targetHints":{"allow":["GET"]}}],"collection":[{"href":"https:\/\/www.sunnysafari.fi\/fr\/wp-json\/wp\/v2\/pages"}],"about":[{"href":"https:\/\/www.sunnysafari.fi\/fr\/wp-json\/wp\/v2\/types\/page"}],"author":[{"embeddable":true,"href":"https:\/\/www.sunnysafari.fi\/fr\/wp-json\/wp\/v2\/users\/1"}],"replies":[{"embeddable":true,"href":"https:\/\/www.sunnysafari.fi\/fr\/wp-json\/wp\/v2\/comments?post=6231"}],"version-history":[{"count":11,"href":"https:\/\/www.sunnysafari.fi\/fr\/wp-json\/wp\/v2\/pages\/6231\/revisions"}],"predecessor-version":[{"id":16679,"href":"https:\/\/www.sunnysafari.fi\/fr\/wp-json\/wp\/v2\/pages\/6231\/revisions\/16679"}],"wp:featuredmedia":[{"embeddable":true,"href":"https:\/\/www.sunnysafari.fi\/fr\/wp-json\/wp\/v2\/media\/15675"}],"wp:attachment":[{"href":"https:\/\/www.sunnysafari.fi\/fr\/wp-json\/wp\/v2\/media?parent=6231"}],"curies":[{"name":"wp","href":"https:\/\/api.w.org\/{rel}","templated":true}]}}