{"id":6195,"date":"2019-11-08T10:39:05","date_gmt":"2019-11-08T10:39:05","guid":{"rendered":"https:\/\/www.sunnysafari.fi\/autour-de-leau\/"},"modified":"2021-02-17T10:04:21","modified_gmt":"2021-02-17T10:04:21","slug":"autour-de-leau","status":"publish","type":"page","link":"https:\/\/www.sunnysafari.fi\/fr\/autour-de-leau\/","title":{"rendered":"Nautisme et p\u00eache"},"content":{"rendered":"<p>[et_pb_section fb_built=\u00a0\u00bb1&Prime; _builder_version=\u00a0\u00bb4.9.0&Prime; use_background_color_gradient=\u00a0\u00bbon\u00a0\u00bb background_color_gradient_start=\u00a0\u00bbrgba(0,0,0,0.4)\u00a0\u00bb background_color_gradient_end=\u00a0\u00bbrgba(41,196,169,0)\u00a0\u00bb background_color_gradient_overlays_image=\u00a0\u00bbon\u00a0\u00bb background_image=\u00a0\u00bbhttps:\/\/www.sunnysafari.fi\/wp-content\/uploads\/2021\/02\/Boating-and-Fishing.jpg\u00a0\u00bb custom_padding=\u00a0\u00bb0px||0px|||\u00a0\u00bb hover_enabled=\u00a0\u00bb0&Prime; title_text=\u00a0\u00bbBoating and Fishing\u00a0\u00bb sticky_enabled=\u00a0\u00bb0&Prime;][et_pb_row column_structure=\u00a0\u00bb1_2,1_2&Prime; use_custom_gutter=\u00a0\u00bbon\u00a0\u00bb custom_padding_last_edited=\u00a0\u00bbon|desktop\u00a0\u00bb admin_label=\u00a0\u00bbRow\u00a0\u00bb _builder_version=\u00a0\u00bb3.26.3&Prime; width_tablet=\u00a0\u00bb\u00a0\u00bb width_phone=\u00a0\u00bb100%\u00a0\u00bb width_last_edited=\u00a0\u00bbon|phone\u00a0\u00bb custom_margin=\u00a0\u00bb||||false|false\u00a0\u00bb custom_padding=\u00a0\u00bb0px||0px|||\u00a0\u00bb custom_padding_tablet=\u00a0\u00bb\u00a0\u00bb custom_padding_phone=\u00a0\u00bb\u00a0\u00bb locked=\u00a0\u00bboff\u00a0\u00bb][et_pb_column type=\u00a0\u00bb1_2&Prime; _builder_version=\u00a0\u00bb3.26.3&Prime;][et_pb_text _builder_version=\u00a0\u00bb4.9.0&Prime; text_text_color=\u00a0\u00bb#ffffff\u00a0\u00bb header_font=\u00a0\u00bb|700|||||||\u00a0\u00bb header_text_color=\u00a0\u00bb#ffffff\u00a0\u00bb header_font_size=\u00a0\u00bb78px\u00a0\u00bb header_4_font=\u00a0\u00bb|700|||||||\u00a0\u00bb header_4_text_color=\u00a0\u00bb#ffffff\u00a0\u00bb header_4_line_height=\u00a0\u00bb1.3em\u00a0\u00bb header_5_font=\u00a0\u00bb|700|||||||\u00a0\u00bb header_5_text_color=\u00a0\u00bb#ffffff\u00a0\u00bb header_5_line_height=\u00a0\u00bb1.3em\u00a0\u00bb header_6_font=\u00a0\u00bb|300|||||||\u00a0\u00bb header_6_text_color=\u00a0\u00bb#ffffff\u00a0\u00bb header_6_font_size=\u00a0\u00bb16px\u00a0\u00bb header_6_line_height=\u00a0\u00bb1.3em\u00a0\u00bb custom_padding=\u00a0\u00bb25%|5%|25%|5%|false|false\u00a0\u00bb custom_padding_tablet=\u00a0\u00bb25%||0%||false|false\u00a0\u00bb custom_padding_phone=\u00a0\u00bb|7%||7%|false|false\u00a0\u00bb custom_padding_last_edited=\u00a0\u00bbon|phone\u00a0\u00bb header_font_size_tablet=\u00a0\u00bb52px\u00a0\u00bb header_font_size_phone=\u00a0\u00bb56px\u00a0\u00bb header_font_size_last_edited=\u00a0\u00bbon|tablet\u00a0\u00bb header_4_font_size_tablet=\u00a0\u00bb21px\u00a0\u00bb header_4_font_size_phone=\u00a0\u00bb18px\u00a0\u00bb header_4_font_size_last_edited=\u00a0\u00bbon|phone\u00a0\u00bb header_text_shadow_style=\u00a0\u00bbpreset1&Prime; header_4_text_shadow_style=\u00a0\u00bbpreset1&Prime; background__hover_enabled=\u00a0\u00bbon\u00a0\u00bb]<\/p>\n<h1>Nautisme et p\u00eache<\/h1>\n<p>[\/et_pb_text][\/et_pb_column][et_pb_column type=\u00a0\u00bb1_2&Prime; _builder_version=\u00a0\u00bb3.26.3&Prime;][et_pb_text _builder_version=\u00a0\u00bb4.9.0&Prime; text_text_color=\u00a0\u00bb#ffffff\u00a0\u00bb header_font=\u00a0\u00bb|700|||||||\u00a0\u00bb header_text_color=\u00a0\u00bb#ffffff\u00a0\u00bb header_font_size=\u00a0\u00bb78px\u00a0\u00bb header_4_font=\u00a0\u00bb|700|||||||\u00a0\u00bb header_4_text_color=\u00a0\u00bb#ffffff\u00a0\u00bb header_4_line_height=\u00a0\u00bb1.3em\u00a0\u00bb header_5_font=\u00a0\u00bb|700|||||||\u00a0\u00bb header_5_text_color=\u00a0\u00bb#ffffff\u00a0\u00bb header_5_line_height=\u00a0\u00bb1.3em\u00a0\u00bb header_6_font=\u00a0\u00bb|300|||||||\u00a0\u00bb header_6_text_color=\u00a0\u00bb#ffffff\u00a0\u00bb header_6_font_size=\u00a0\u00bb16px\u00a0\u00bb header_6_line_height=\u00a0\u00bb1.3em\u00a0\u00bb use_background_color_gradient=\u00a0\u00bbon\u00a0\u00bb background_color_gradient_start=\u00a0\u00bbrgba(0,0,0,0)\u00a0\u00bb background_color_gradient_end=\u00a0\u00bbrgba(0,0,0,0.44)\u00a0\u00bb background_color_gradient_end_position=\u00a0\u00bb33%\u00a0\u00bb custom_padding=\u00a0\u00bb25%|5%|25%|5%|false|false\u00a0\u00bb custom_padding_tablet=\u00a0\u00bb0%||||false|false\u00a0\u00bb custom_padding_phone=\u00a0\u00bb|7%||7%|false|false\u00a0\u00bb custom_padding_last_edited=\u00a0\u00bbon|tablet\u00a0\u00bb header_font_size_tablet=\u00a0\u00bb52px\u00a0\u00bb header_font_size_phone=\u00a0\u00bb56px\u00a0\u00bb header_font_size_last_edited=\u00a0\u00bbon|tablet\u00a0\u00bb header_4_font_size_tablet=\u00a0\u00bb21px\u00a0\u00bb header_4_font_size_phone=\u00a0\u00bb18px\u00a0\u00bb header_4_font_size_last_edited=\u00a0\u00bbon|phone\u00a0\u00bb header_text_shadow_style=\u00a0\u00bbpreset1&Prime; header_4_text_shadow_style=\u00a0\u00bbpreset1&Prime; background__hover_enabled=\u00a0\u00bbon\u00a0\u00bb]<\/p>\n<h4>Nous proposons diff\u00e9rents types de sorties en bateau et de p\u00eache sur les lacs et rivi\u00e8res de l&rsquo;Arctique. Venez nous rejoindre en profitant de la vie comme un Finlandais en Laponie!<\/h4>\n<p>[\/et_pb_text][\/et_pb_column][\/et_pb_row][\/et_pb_section][et_pb_section fb_built=\u00a0\u00bb1&Prime; _builder_version=\u00a0\u00bb3.26.3&Prime; custom_padding=\u00a0\u00bb0%||2%||false|false\u00a0\u00bb][et_pb_row _builder_version=\u00a0\u00bb3.26.3&Prime; custom_padding=\u00a0\u00bb5%||5%||false|false\u00a0\u00bb][et_pb_column type=\u00a0\u00bb4_4&Prime; _builder_version=\u00a0\u00bb3.26.3&Prime;][et_pb_code _builder_version=\u00a0\u00bb3.26.3&Prime;]<div class=\"search-filter-results\" id=\"search-filter-results-6652\">\t<div class=\"post_count\">\n\t\tFound 5 Results<br \/>\n\tPage 1 of 1<br \/>\n<\/div>\n\t\n\t\n\t<div class=\"pagination\">\n\t\t\n\t\t<div class=\"nav-previous\"><\/div>\n\t\t<div class=\"nav-next\"><\/div>\n\t\t\t<\/div>\n\t<div class=\"clearfix\">\n\t\t\n\t\t\t\t\t\t\n<a href=\"https:\/\/www.sunnysafari.fi\/fr\/peche-en-laponie-saumon-fume\/\" class=\"linkki\">\n\n\t\t<div class=\"one_post\">\n\t\t\t\n\n\n\t\t\t\n\t\t\t<div class=\"post_thumbnail\"><img loading=\"lazy\" decoding=\"async\" width=\"768\" height=\"432\" src=\"https:\/\/www.sunnysafari.fi\/wp-content\/uploads\/2021\/02\/FishingSmoked-Salmon-768x432.jpg\" class=\"attachment-medium_large size-medium_large wp-post-image\" alt=\"\" \/><\/div>\n\t\t\t<div class=\"text-content\">\n\t\t\n\t\t\t\n\t\t\t\t<h2 class=\"post_heading\">P\u00eache en Laponie &#038; Saumon Fum\u00e9<\/h2>\n\t\t\t\n\t\n\n\t\t\t\t<div class=\"departure_time\">Dur\u00e9e 3.5h<\/div>\n\n\t\t\t\t<div class=\"post_excerpt\">Faites l'exp\u00e9rience de la p\u00eache arctique, en immersion dans le calme et la beaut\u00e9 de la for\u00eat bor\u00e9ale!<\/div>\n\t\t\t\t\n\t\t\t\n\t\t\t<\/div>\t\t\n\t\t\t<p class=\"location\">Rovaniemi<\/p>\n\t\t\t\t<p class=\"price\">119<\/p>\n\n\t\t<\/div>\n\n\t\t<\/a>\n\t\t\t\t\t\t\t\n<a href=\"https:\/\/www.sunnysafari.fi\/fr\/decouvrez-la-nature-boreale-randonnee-peche\/\" class=\"linkki\">\n\n\t\t<div class=\"one_post\">\n\t\t\t\n\n\n\t\t\t\n\t\t\t<div class=\"post_thumbnail\"><img loading=\"lazy\" decoding=\"async\" width=\"768\" height=\"432\" src=\"https:\/\/www.sunnysafari.fi\/wp-content\/uploads\/2021\/02\/Entering-into-the-Wilderness-HikingFishing-768x432.jpg\" class=\"attachment-medium_large size-medium_large wp-post-image\" alt=\"\" \/><\/div>\n\t\t\t<div class=\"text-content\">\n\t\t\n\t\t\t\n\t\t\t\t<h2 class=\"post_heading\">\u00c0 la D\u00e9couverte de la Nature Sauvage Arctique (Randonn\u00e9e &#038; P\u00eache)<\/h2>\n\t\t\t\n\t\n\n\t\t\t\t<div class=\"departure_time\">Dur\u00e9e 4h<\/div>\n\n\t\t\t\t<div class=\"post_excerpt\">Une excursion id\u00e9ale pour les amoureux de la nature ! Une randonn\u00e9e m\u00e9morable vous permettra de d\u00e9couvrir et admirer les paysages lapons avant de faire l'exp\u00e9rience de la p\u00eache traditionnelle en rivi\u00e8re arctique !<\/div>\n\t\t\t\t\n\t\t\t\n\t\t\t<\/div>\t\t\n\t\t\t<p class=\"location\">Rovaniemi<\/p>\n\t\t\t\t<p class=\"price\">129<\/p>\n\n\t\t<\/div>\n\n\t\t<\/a>\n\t\t\t\t\t\t\t\n<a href=\"https:\/\/www.sunnysafari.fi\/fr\/excursion-privee-en-bateau-sur-un-lac-arctique\/\" class=\"linkki\">\n\n\t\t<div class=\"one_post\">\n\t\t\t\n\n\n\t\t\t\n\t\t\t<div class=\"post_thumbnail\"><img loading=\"lazy\" decoding=\"async\" width=\"768\" height=\"432\" src=\"https:\/\/www.sunnysafari.fi\/wp-content\/uploads\/2021\/02\/Private-Arctic-Boating-Trip-768x432.jpg\" class=\"attachment-medium_large size-medium_large wp-post-image\" alt=\"\" \/><\/div>\n\t\t\t<div class=\"text-content\">\n\t\t\n\t\t\t\n\t\t\t\t<h2 class=\"post_heading\">Excursion Priv\u00e9e en B\u00e2teau sur un Lac Arctique<\/h2>\n\t\t\t\n\t\n\n\t\t\t\t<div class=\"departure_time\">Dur\u00e9e 3h<\/div>\n\n\t\t\t\t<div class=\"post_excerpt\">Durant cette excursion, vous naviguerez dans un petit bateau \u00e0 moteur entre les \u00eeles et les berges des rivi\u00e8res, tout en d\u00e9couvrant la culture lapone, \u00e0 laquelle notre guide vous introduira !\r\n<\/div>\n\t\t\t\t\n\t\t\t\n\t\t\t<\/div>\t\t\n\t\t\t<p class=\"location\">Rovaniemi<\/p>\n\t\t\t\t<p class=\"price\">89<\/p>\n\n\t\t<\/div>\n\n\t\t<\/a>\n\t\t\t\t\t\t\t\n<a href=\"https:\/\/www.sunnysafari.fi\/fr\/partie-de-peche-privee-en-bateau-saumon-fume\/\" class=\"linkki\">\n\n\t\t<div class=\"one_post\">\n\t\t\t\n\n\n\t\t\t\n\t\t\t<div class=\"post_thumbnail\"><img loading=\"lazy\" decoding=\"async\" width=\"768\" height=\"432\" src=\"https:\/\/www.sunnysafari.fi\/wp-content\/uploads\/2021\/02\/Private-Fishing-by-Boat-Smoked-Salmon-768x432.jpg\" class=\"attachment-medium_large size-medium_large wp-post-image\" alt=\"\" \/><\/div>\n\t\t\t<div class=\"text-content\">\n\t\t\n\t\t\t\n\t\t\t\t<h2 class=\"post_heading\">Partie de P\u00eache Priv\u00e9e en B\u00e2teau &#038; Saumon Fum\u00e9<\/h2>\n\t\t\t\n\t\n\n\t\t\t\t<div class=\"departure_time\">Dur\u00e9e 4,5h<\/div>\n\n\t\t\t\t<div class=\"post_excerpt\">Appr\u00e9ciez la beaut\u00e9 estivale de la Laponie en p\u00eachant \u00e0 la facon locale sur les eaux arctiques d'un lac, dans l'une de nos propri\u00e9t\u00e9s priv\u00e9es.<\/div>\n\t\t\t\t\n\t\t\t\n\t\t\t<\/div>\t\t\n\t\t\t<p class=\"location\">Rovaniemi<\/p>\n\t\t\t\t<p class=\"price\">149<\/p>\n\n\t\t<\/div>\n\n\t\t<\/a>\n\t\t\t\t\t\t\t\n<a href=\"https:\/\/www.sunnysafari.fi\/fr\/visite-dune-ferme-locale-de-rennes-peche-en-arctique-avec-du-saumon-fume\/\" class=\"linkki\">\n\n\t\t<div class=\"one_post\">\n\t\t\t\n\n\n\t\t\t\n\t\t\t<div class=\"post_thumbnail\"><img loading=\"lazy\" decoding=\"async\" width=\"768\" height=\"432\" src=\"https:\/\/www.sunnysafari.fi\/wp-content\/uploads\/2021\/02\/Local-Reindeer-Farm-Visit-Arctic-Fishing-with-Smoked-Salmon-768x432.jpg\" class=\"attachment-medium_large size-medium_large wp-post-image\" alt=\"\" \/><\/div>\n\t\t\t<div class=\"text-content\">\n\t\t\n\t\t\t\n\t\t\t\t<h2 class=\"post_heading\">Visite d&rsquo;une Ferme Locale de Rennes &#038; P\u00eache en Arctique avec du Saumon Fum\u00e9<\/h2>\n\t\t\t\n\t\n\n\t\t\t\t<div class=\"departure_time\">Dur\u00e9e 5h<\/div>\n\n\t\t\t\t<div class=\"post_excerpt\">Visitez une ferme authentique de rennes, et essayez-vous \u00e0 la p\u00eache traditionnelle lapone dans un des nombreux lacs du pays !<\/div>\n\t\t\t\t\n\t\t\t\n\t\t\t<\/div>\t\t\n\t\t\t<p class=\"location\">Rovaniemi<\/p>\n\t\t\t\t<p class=\"price\">159<\/p>\n\n\t\t<\/div>\n\n\t\t<\/a>\n\t\t\t\t<\/div>\n\n\t\n\t<div class=\"pagination\">\n\t\t\tPage 1 of 1<br \/>\n\n\t\t<div class=\"nav-previous\"><\/div>\n\t\t<div class=\"nav-next\"><\/div>\n\t\t\t<\/div>\n\t<\/div>[\/et_pb_code][\/et_pb_column][\/et_pb_row][\/et_pb_section]<\/p>\n","protected":false},"excerpt":{"rendered":"Rovaniemi en Laponie offre une vari\u00e9t\u00e9 incroyable d'activit\u00e9s aquatiques, \u00e0 l'instar de sorties en barque pour une partie de p\u00eache, ou bien de sauna sur des lacs arctiques. Vous pouvez choisir parmi notre large offre !\r\n","protected":false},"author":1,"featured_media":16710,"parent":0,"menu_order":0,"comment_status":"closed","ping_status":"closed","template":"","meta":{"_et_pb_use_builder":"on","_et_pb_old_content":"","_et_gb_content_width":"","footnotes":""},"class_list":["post-6195","page","type-page","status-publish","has-post-thumbnail","hentry"],"yoast_head":"<!-- This site is optimized with the Yoast SEO plugin v26.8 - https:\/\/yoast.com\/product\/yoast-seo-wordpress\/ -->\n<title>Nautisme et p\u00eache &#8211; Sunny Safari<\/title>\n<meta name=\"description\" content=\"Rovaniemi en Laponie offre une vari\u00e9t\u00e9 incroyable d&#039;activit\u00e9s aquatiques, \u00e0 l&#039;instar de sorties en barque pour une partie de p\u00eache, ou bien de sauna sur des lacs arctiques. Vous pouvez choisir parmis notre large offre !\" \/>\n<meta name=\"robots\" content=\"index, follow, max-snippet:-1, max-image-preview:large, max-video-preview:-1\" \/>\n<link rel=\"canonical\" href=\"https:\/\/www.sunnysafari.fi\/fr\/autour-de-leau\/\" \/>\n<meta property=\"og:locale\" content=\"fr_FR\" \/>\n<meta property=\"og:type\" content=\"article\" \/>\n<meta property=\"og:title\" content=\"Nautisme et p\u00eache &#8211; Sunny Safari\" \/>\n<meta property=\"og:description\" content=\"Rovaniemi en Laponie offre une vari\u00e9t\u00e9 incroyable d&#039;activit\u00e9s aquatiques, \u00e0 l&#039;instar de sorties en barque pour une partie de p\u00eache, ou bien de sauna sur des lacs arctiques. Vous pouvez choisir parmis notre large offre !\" \/>\n<meta property=\"og:url\" content=\"https:\/\/www.sunnysafari.fi\/fr\/autour-de-leau\/\" \/>\n<meta property=\"og:site_name\" content=\"Sunny Safari\" \/>\n<meta property=\"article:modified_time\" content=\"2021-02-17T10:04:21+00:00\" \/>\n<meta property=\"og:image\" content=\"https:\/\/www.sunnysafari.fi\/wp-content\/uploads\/2021\/02\/Boating-and-Fishing.jpg\" \/>\n\t<meta property=\"og:image:width\" content=\"1920\" \/>\n\t<meta property=\"og:image:height\" content=\"799\" \/>\n\t<meta property=\"og:image:type\" content=\"image\/jpeg\" \/>\n<meta name=\"twitter:card\" content=\"summary_large_image\" \/>\n<meta name=\"twitter:label1\" content=\"Dur\u00e9e de lecture estim\u00e9e\" \/>\n\t<meta name=\"twitter:data1\" content=\"2 minutes\" \/>\n<script type=\"application\/ld+json\" class=\"yoast-schema-graph\">{\"@context\":\"https:\/\/schema.org\",\"@graph\":[{\"@type\":\"WebPage\",\"@id\":\"https:\/\/www.sunnysafari.fi\/fr\/autour-de-leau\/\",\"url\":\"https:\/\/www.sunnysafari.fi\/fr\/autour-de-leau\/\",\"name\":\"Nautisme et p\u00eache &#8211; Sunny Safari\",\"isPartOf\":{\"@id\":\"https:\/\/www.sunnysafari.fi\/fr\/#website\"},\"primaryImageOfPage\":{\"@id\":\"https:\/\/www.sunnysafari.fi\/fr\/autour-de-leau\/#primaryimage\"},\"image\":{\"@id\":\"https:\/\/www.sunnysafari.fi\/fr\/autour-de-leau\/#primaryimage\"},\"thumbnailUrl\":\"https:\/\/www.sunnysafari.fi\/wp-content\/uploads\/2021\/02\/Boating-and-Fishing.jpg\",\"datePublished\":\"2019-11-08T10:39:05+00:00\",\"dateModified\":\"2021-02-17T10:04:21+00:00\",\"description\":\"Rovaniemi en Laponie offre une vari\u00e9t\u00e9 incroyable d'activit\u00e9s aquatiques, \u00e0 l'instar de sorties en barque pour une partie de p\u00eache, ou bien de sauna sur des lacs arctiques. Vous pouvez choisir parmis notre large offre !\",\"breadcrumb\":{\"@id\":\"https:\/\/www.sunnysafari.fi\/fr\/autour-de-leau\/#breadcrumb\"},\"inLanguage\":\"fr-FR\",\"potentialAction\":[{\"@type\":\"ReadAction\",\"target\":[\"https:\/\/www.sunnysafari.fi\/fr\/autour-de-leau\/\"]}]},{\"@type\":\"ImageObject\",\"inLanguage\":\"fr-FR\",\"@id\":\"https:\/\/www.sunnysafari.fi\/fr\/autour-de-leau\/#primaryimage\",\"url\":\"https:\/\/www.sunnysafari.fi\/wp-content\/uploads\/2021\/02\/Boating-and-Fishing.jpg\",\"contentUrl\":\"https:\/\/www.sunnysafari.fi\/wp-content\/uploads\/2021\/02\/Boating-and-Fishing.jpg\",\"width\":1920,\"height\":799},{\"@type\":\"BreadcrumbList\",\"@id\":\"https:\/\/www.sunnysafari.fi\/fr\/autour-de-leau\/#breadcrumb\",\"itemListElement\":[{\"@type\":\"ListItem\",\"position\":1,\"name\":\"Home\",\"item\":\"https:\/\/www.sunnysafari.fi\/fr\/\"},{\"@type\":\"ListItem\",\"position\":2,\"name\":\"Nautisme et p\u00eache\"}]},{\"@type\":\"WebSite\",\"@id\":\"https:\/\/www.sunnysafari.fi\/fr\/#website\",\"url\":\"https:\/\/www.sunnysafari.fi\/fr\/\",\"name\":\"Sunny Safari\",\"description\":\"Safari activities provider in Lapland\",\"publisher\":{\"@id\":\"https:\/\/www.sunnysafari.fi\/fr\/#organization\"},\"potentialAction\":[{\"@type\":\"SearchAction\",\"target\":{\"@type\":\"EntryPoint\",\"urlTemplate\":\"https:\/\/www.sunnysafari.fi\/fr\/?s={search_term_string}\"},\"query-input\":{\"@type\":\"PropertyValueSpecification\",\"valueRequired\":true,\"valueName\":\"search_term_string\"}}],\"inLanguage\":\"fr-FR\"},{\"@type\":\"Organization\",\"@id\":\"https:\/\/www.sunnysafari.fi\/fr\/#organization\",\"name\":\"Sunny Safari Oy\",\"url\":\"https:\/\/www.sunnysafari.fi\/fr\/\",\"logo\":{\"@type\":\"ImageObject\",\"inLanguage\":\"fr-FR\",\"@id\":\"https:\/\/www.sunnysafari.fi\/fr\/#\/schema\/logo\/image\/\",\"url\":\"https:\/\/www.sunnysafari.fi\/wp-content\/uploads\/2019\/08\/SunnySafari_logo_111-33.png\",\"contentUrl\":\"https:\/\/www.sunnysafari.fi\/wp-content\/uploads\/2019\/08\/SunnySafari_logo_111-33.png\",\"width\":306,\"height\":311,\"caption\":\"Sunny Safari Oy\"},\"image\":{\"@id\":\"https:\/\/www.sunnysafari.fi\/fr\/#\/schema\/logo\/image\/\"}}]}<\/script>\n<!-- \/ Yoast SEO plugin. -->","yoast_head_json":{"title":"Nautisme et p\u00eache &#8211; Sunny Safari","description":"Rovaniemi en Laponie offre une vari\u00e9t\u00e9 incroyable d'activit\u00e9s aquatiques, \u00e0 l'instar de sorties en barque pour une partie de p\u00eache, ou bien de sauna sur des lacs arctiques. Vous pouvez choisir parmis notre large offre !","robots":{"index":"index","follow":"follow","max-snippet":"max-snippet:-1","max-image-preview":"max-image-preview:large","max-video-preview":"max-video-preview:-1"},"canonical":"https:\/\/www.sunnysafari.fi\/fr\/autour-de-leau\/","og_locale":"fr_FR","og_type":"article","og_title":"Nautisme et p\u00eache &#8211; Sunny Safari","og_description":"Rovaniemi en Laponie offre une vari\u00e9t\u00e9 incroyable d'activit\u00e9s aquatiques, \u00e0 l'instar de sorties en barque pour une partie de p\u00eache, ou bien de sauna sur des lacs arctiques. Vous pouvez choisir parmis notre large offre !","og_url":"https:\/\/www.sunnysafari.fi\/fr\/autour-de-leau\/","og_site_name":"Sunny Safari","article_modified_time":"2021-02-17T10:04:21+00:00","og_image":[{"width":1920,"height":799,"url":"https:\/\/www.sunnysafari.fi\/wp-content\/uploads\/2021\/02\/Boating-and-Fishing.jpg","type":"image\/jpeg"}],"twitter_card":"summary_large_image","twitter_misc":{"Dur\u00e9e de lecture estim\u00e9e":"2 minutes"},"schema":{"@context":"https:\/\/schema.org","@graph":[{"@type":"WebPage","@id":"https:\/\/www.sunnysafari.fi\/fr\/autour-de-leau\/","url":"https:\/\/www.sunnysafari.fi\/fr\/autour-de-leau\/","name":"Nautisme et p\u00eache &#8211; Sunny Safari","isPartOf":{"@id":"https:\/\/www.sunnysafari.fi\/fr\/#website"},"primaryImageOfPage":{"@id":"https:\/\/www.sunnysafari.fi\/fr\/autour-de-leau\/#primaryimage"},"image":{"@id":"https:\/\/www.sunnysafari.fi\/fr\/autour-de-leau\/#primaryimage"},"thumbnailUrl":"https:\/\/www.sunnysafari.fi\/wp-content\/uploads\/2021\/02\/Boating-and-Fishing.jpg","datePublished":"2019-11-08T10:39:05+00:00","dateModified":"2021-02-17T10:04:21+00:00","description":"Rovaniemi en Laponie offre une vari\u00e9t\u00e9 incroyable d'activit\u00e9s aquatiques, \u00e0 l'instar de sorties en barque pour une partie de p\u00eache, ou bien de sauna sur des lacs arctiques. Vous pouvez choisir parmis notre large offre !","breadcrumb":{"@id":"https:\/\/www.sunnysafari.fi\/fr\/autour-de-leau\/#breadcrumb"},"inLanguage":"fr-FR","potentialAction":[{"@type":"ReadAction","target":["https:\/\/www.sunnysafari.fi\/fr\/autour-de-leau\/"]}]},{"@type":"ImageObject","inLanguage":"fr-FR","@id":"https:\/\/www.sunnysafari.fi\/fr\/autour-de-leau\/#primaryimage","url":"https:\/\/www.sunnysafari.fi\/wp-content\/uploads\/2021\/02\/Boating-and-Fishing.jpg","contentUrl":"https:\/\/www.sunnysafari.fi\/wp-content\/uploads\/2021\/02\/Boating-and-Fishing.jpg","width":1920,"height":799},{"@type":"BreadcrumbList","@id":"https:\/\/www.sunnysafari.fi\/fr\/autour-de-leau\/#breadcrumb","itemListElement":[{"@type":"ListItem","position":1,"name":"Home","item":"https:\/\/www.sunnysafari.fi\/fr\/"},{"@type":"ListItem","position":2,"name":"Nautisme et p\u00eache"}]},{"@type":"WebSite","@id":"https:\/\/www.sunnysafari.fi\/fr\/#website","url":"https:\/\/www.sunnysafari.fi\/fr\/","name":"Sunny Safari","description":"Safari activities provider in Lapland","publisher":{"@id":"https:\/\/www.sunnysafari.fi\/fr\/#organization"},"potentialAction":[{"@type":"SearchAction","target":{"@type":"EntryPoint","urlTemplate":"https:\/\/www.sunnysafari.fi\/fr\/?s={search_term_string}"},"query-input":{"@type":"PropertyValueSpecification","valueRequired":true,"valueName":"search_term_string"}}],"inLanguage":"fr-FR"},{"@type":"Organization","@id":"https:\/\/www.sunnysafari.fi\/fr\/#organization","name":"Sunny Safari Oy","url":"https:\/\/www.sunnysafari.fi\/fr\/","logo":{"@type":"ImageObject","inLanguage":"fr-FR","@id":"https:\/\/www.sunnysafari.fi\/fr\/#\/schema\/logo\/image\/","url":"https:\/\/www.sunnysafari.fi\/wp-content\/uploads\/2019\/08\/SunnySafari_logo_111-33.png","contentUrl":"https:\/\/www.sunnysafari.fi\/wp-content\/uploads\/2019\/08\/SunnySafari_logo_111-33.png","width":306,"height":311,"caption":"Sunny Safari Oy"},"image":{"@id":"https:\/\/www.sunnysafari.fi\/fr\/#\/schema\/logo\/image\/"}}]}},"_links":{"self":[{"href":"https:\/\/www.sunnysafari.fi\/fr\/wp-json\/wp\/v2\/pages\/6195","targetHints":{"allow":["GET"]}}],"collection":[{"href":"https:\/\/www.sunnysafari.fi\/fr\/wp-json\/wp\/v2\/pages"}],"about":[{"href":"https:\/\/www.sunnysafari.fi\/fr\/wp-json\/wp\/v2\/types\/page"}],"author":[{"embeddable":true,"href":"https:\/\/www.sunnysafari.fi\/fr\/wp-json\/wp\/v2\/users\/1"}],"replies":[{"embeddable":true,"href":"https:\/\/www.sunnysafari.fi\/fr\/wp-json\/wp\/v2\/comments?post=6195"}],"version-history":[{"count":16,"href":"https:\/\/www.sunnysafari.fi\/fr\/wp-json\/wp\/v2\/pages\/6195\/revisions"}],"predecessor-version":[{"id":16790,"href":"https:\/\/www.sunnysafari.fi\/fr\/wp-json\/wp\/v2\/pages\/6195\/revisions\/16790"}],"wp:featuredmedia":[{"embeddable":true,"href":"https:\/\/www.sunnysafari.fi\/fr\/wp-json\/wp\/v2\/media\/16710"}],"wp:attachment":[{"href":"https:\/\/www.sunnysafari.fi\/fr\/wp-json\/wp\/v2\/media?parent=6195"}],"curies":[{"name":"wp","href":"https:\/\/api.w.org\/{rel}","templated":true}]}}