{"id":8095,"date":"2020-03-30T05:22:46","date_gmt":"2020-03-30T05:22:46","guid":{"rendered":"https:\/\/www.sunnysafari.fi\/paquetes-de-viajes\/"},"modified":"2021-01-19T09:40:49","modified_gmt":"2021-01-19T09:40:49","slug":"paquetes-de-viajes","status":"publish","type":"page","link":"https:\/\/www.sunnysafari.fi\/es\/paquetes-de-viajes\/","title":{"rendered":"Vacaciones combinadas"},"content":{"rendered":"<p>[et_pb_section fb_built=\u00bb1&#8243; _builder_version=\u00bb3.26.3&#8243; background_image=\u00bbhttps:\/\/www.sunnysafari.fi\/wp-content\/uploads\/2020\/07\/005.jpg\u00bb custom_padding=\u00bb0px||0px|||\u00bb][et_pb_row column_structure=\u00bb1_2,1_2&#8243; use_custom_gutter=\u00bbon\u00bb custom_padding_last_edited=\u00bbon|desktop\u00bb _builder_version=\u00bb3.26.3&#8243; width_tablet=\u00bb\u00bb width_phone=\u00bb100%\u00bb width_last_edited=\u00bbon|phone\u00bb custom_margin=\u00bb||||false|false\u00bb custom_padding=\u00bb0px||0px|||\u00bb custom_padding_tablet=\u00bb\u00bb custom_padding_phone=\u00bb\u00bb][et_pb_column type=\u00bb1_2&#8243; _builder_version=\u00bb3.26.3&#8243;][et_pb_text _builder_version=\u00bb3.27.4&#8243; text_text_color=\u00bb#ffffff\u00bb header_font=\u00bb|700|||||||\u00bb header_text_color=\u00bb#ffffff\u00bb header_font_size=\u00bb78px\u00bb header_4_font=\u00bb|700|||||||\u00bb header_4_text_color=\u00bb#ffffff\u00bb header_4_line_height=\u00bb1.3em\u00bb header_5_font=\u00bb|700|||||||\u00bb header_5_text_color=\u00bb#ffffff\u00bb header_5_line_height=\u00bb1.3em\u00bb header_6_font=\u00bb|300|||||||\u00bb header_6_text_color=\u00bb#ffffff\u00bb header_6_font_size=\u00bb16px\u00bb header_6_line_height=\u00bb1.3em\u00bb custom_padding=\u00bb25%|5%|25%|5%|false|false\u00bb custom_padding_tablet=\u00bb25%||0%||false|false\u00bb custom_padding_phone=\u00bb|7%||7%|false|false\u00bb custom_padding_last_edited=\u00bbon|phone\u00bb header_font_size_tablet=\u00bb52px\u00bb header_font_size_phone=\u00bb56px\u00bb header_font_size_last_edited=\u00bbon|tablet\u00bb header_4_font_size_tablet=\u00bb21px\u00bb header_4_font_size_phone=\u00bb18px\u00bb header_4_font_size_last_edited=\u00bbon|phone\u00bb header_text_shadow_style=\u00bbpreset1&#8243; header_4_text_shadow_style=\u00bbpreset1&#8243; background__hover_enabled=\u00bbon\u00bb]<\/p>\n<h1>Vacaciones combinadas<\/h1>\n<p>[\/et_pb_text][\/et_pb_column][et_pb_column type=\u00bb1_2&#8243; _builder_version=\u00bb3.26.3&#8243;][et_pb_text _builder_version=\u00bb4.7.1&#8243; text_text_color=\u00bb#ffffff\u00bb header_font=\u00bb|700|||||||\u00bb header_text_color=\u00bb#ffffff\u00bb header_font_size=\u00bb78px\u00bb header_4_font=\u00bb|700|||||||\u00bb header_4_text_color=\u00bb#ffffff\u00bb header_4_line_height=\u00bb1.3em\u00bb header_5_font=\u00bb|700|||||||\u00bb header_5_text_color=\u00bb#ffffff\u00bb header_5_line_height=\u00bb1.3em\u00bb header_6_font=\u00bb|300|||||||\u00bb header_6_text_color=\u00bb#ffffff\u00bb header_6_font_size=\u00bb16px\u00bb header_6_line_height=\u00bb1.3em\u00bb use_background_color_gradient=\u00bbon\u00bb background_color_gradient_start=\u00bbrgba(0,0,0,0)\u00bb background_color_gradient_end=\u00bbrgba(0,0,0,0.44)\u00bb background_color_gradient_end_position=\u00bb33%\u00bb custom_padding=\u00bb25%|5%|25%|5%|false|false\u00bb custom_padding_tablet=\u00bb0%||||false|false\u00bb custom_padding_phone=\u00bb|7%||7%|false|false\u00bb custom_padding_last_edited=\u00bbon|tablet\u00bb header_font_size_tablet=\u00bb52px\u00bb header_font_size_phone=\u00bb56px\u00bb header_font_size_last_edited=\u00bbon|tablet\u00bb header_4_font_size_tablet=\u00bb21px\u00bb header_4_font_size_phone=\u00bb18px\u00bb header_4_font_size_last_edited=\u00bbon|phone\u00bb header_text_shadow_style=\u00bbpreset1&#8243; header_4_text_shadow_style=\u00bbpreset1&#8243; background__hover_enabled=\u00bbon\u00bb]<\/p>\n<h4>Descubre la Laponia con nuestras excursiones numerosas. Si elijes uno de nuestros paquete de actividades combinadas, tus vacaciones van a ser inolvidables !<\/h4>\n<h6>\u00a0<\/h6>\n<p>&nbsp;<\/p>\n<p>[\/et_pb_text][\/et_pb_column][\/et_pb_row][\/et_pb_section][et_pb_section fb_built=\u00bb1&#8243; _builder_version=\u00bb3.26.3&#8243; custom_padding=\u00bb0%||2%||false|false\u00bb][et_pb_row custom_padding_last_edited=\u00bbon|phone\u00bb _builder_version=\u00bb3.26.3&#8243; custom_padding=\u00bb5%||2%||false|false\u00bb custom_padding_tablet=\u00bb\u00bb custom_padding_phone=\u00bb15%||5%||false|false\u00bb][et_pb_column type=\u00bb4_4&#8243; _builder_version=\u00bb3.26.3&#8243;][et_pb_code _builder_version=\u00bb3.26.3&#8243; background_color=\u00bbrgba(0,0,0,0)\u00bb]<div class=\"search-filter-results\" id=\"search-filter-results-8099\">\t<div class=\"post_count\">\n\t\tFound 4 Results<br \/>\n\tPage 1 of 1<br \/>\n<\/div>\n\t\n\t\n\t<div class=\"pagination\">\n\t\t\n\t\t<div class=\"nav-previous\"><\/div>\n\t\t<div class=\"nav-next\"><\/div>\n\t\t\t<\/div>\n\t<div class=\"clearfix\">\n\t\t\n\t\t\t\t\t\t\n<a href=\"https:\/\/www.sunnysafari.fi\/es\/las-mejores-vacaciones-familiares-en-laponia\/\" class=\"linkki\">\n\n\t\t<div class=\"one_post\">\n\t\t\t\n\n\n\t\t\t\n\t\t\t<div class=\"post_thumbnail\"><\/div>\n\t\t\t<div class=\"text-content\">\n\t\t\n\t\t\t\n\t\t\t\t<h2 class=\"post_heading\">LAS MEJORES VACACIONES FAMILIARES EN LAPONIA<\/h2>\n\t\t\t\n\t\n\n\t\t\t\t<div class=\"departure_time\">Duraci\u00f3n 3 d\u00edas<\/div>\n\n\t\t\t\t<div class=\"post_excerpt\">Durante nuestro programa de 3 d\u00edas  descubrir la Laponia a trav\u00e9s de varias actividades populares de verano para famili\u00e1s. <\/div>\n\t\t\t\t\n\t\t\t\n\t\t\t<\/div>\t\t\n\t\t\t<p class=\"location\">Rovaniemi<\/p>\n\t\t\t\t<p class=\"price\">374<\/p>\n\n\t\t<\/div>\n\n\t\t<\/a>\n\t\t\t\t\t\t\t\n<a href=\"https:\/\/www.sunnysafari.fi\/es\/descubre-el-verano-de-laponia\/\" class=\"linkki\">\n\n\t\t<div class=\"one_post\">\n\t\t\t\n\n\n\t\t\t\n\t\t\t<div class=\"post_thumbnail\"><\/div>\n\t\t\t<div class=\"text-content\">\n\t\t\n\t\t\t\n\t\t\t\t<h2 class=\"post_heading\">Descubre la Laponia en verano<\/h2>\n\t\t\t\n\t\n\n\t\t\t\t<div class=\"departure_time\">Duraci\u00f3n 3 di\u00e1s<\/div>\n\n\t\t\t\t<div class=\"post_excerpt\">Nuestro paquete de vacaciones personalizado de 3 d\u00edas te permitir\u00e1 descubrir la vida tradicional de Laponia y su belleza natural intacta a trav\u00e9s de varias actividades populares de verano.<\/div>\n\t\t\t\t\n\t\t\t\n\t\t\t<\/div>\t\t\n\t\t\t<p class=\"location\">Rovaniemi<\/p>\n\t\t\t\t<p class=\"price\">369<\/p>\n\n\t\t<\/div>\n\n\t\t<\/a>\n\t\t\t\t\t\t\t\n<a href=\"https:\/\/www.sunnysafari.fi\/es\/admirando-el-sol-de-medianoche\/\" class=\"linkki\">\n\n\t\t<div class=\"one_post\">\n\t\t\t\n\n\n\t\t\t\n\t\t\t<div class=\"post_thumbnail\"><\/div>\n\t\t\t<div class=\"text-content\">\n\t\t\n\t\t\t\n\t\t\t\t<h2 class=\"post_heading\">Admirando el Sol de Medianoche<\/h2>\n\t\t\t\n\t\n\n\t\t\t\t<div class=\"departure_time\">Duraci\u00f3n 3 d\u00edas<\/div>\n\n\t\t\t\t<div class=\"post_excerpt\">Durante nuestro programa de 3 d\u00edas tendr\u00e1s la oportunidad de admirar este fascinante fen\u00f3meno natural del Sol de Medianoche.<\/div>\n\t\t\t\t\n\t\t\t\n\t\t\t<\/div>\t\t\n\t\t\t<p class=\"location\">Rovaniemi<\/p>\n\t\t\t\t<p class=\"price\">319<\/p>\n\n\t\t<\/div>\n\n\t\t<\/a>\n\t\t\t\t\t\t\t\n<a href=\"https:\/\/www.sunnysafari.fi\/es\/descubre-la-laponia-en-otono-con-las-actividades-las-mas-populares\/\" class=\"linkki\">\n\n\t\t<div class=\"one_post\">\n\t\t\t\n\n\n\t\t\t\n\t\t\t<div class=\"post_thumbnail\"><\/div>\n\t\t\t<div class=\"text-content\">\n\t\t\n\t\t\t\n\t\t\t\t<h2 class=\"post_heading\">Descubre la Laponia en Oto\u00f1o con las actividades las m\u00e1s populares<\/h2>\n\t\t\t\n\t\n\n\t\t\t\t<div class=\"departure_time\"><\/div>\n\n\t\t\t\t<div class=\"post_excerpt\">Al principio de oto\u00f1o, los paisajes lap\u00f3n se ti\u00f1en de colores dorados incre\u00edbles y el cielo nocturno est\u00e1 adornado con las unicas auroras boreales. Gracias a estos tres d\u00edas de excursi\u00f3n, tendr\u00e1s la oportunidad de descubrir la maravillosa naturaleza del \u00c1rtico y aprender el estilo de vida local.   <\/div>\n\t\t\t\t\n\t\t\t\n\t\t\t<\/div>\t\t\n\t\t\t<p class=\"location\"><\/p>\n\t\t\t\t<p class=\"price\"><\/p>\n\n\t\t<\/div>\n\n\t\t<\/a>\n\t\t\t\t<\/div>\n\n\t\n\t<div class=\"pagination\">\n\t\t\tPage 1 of 1<br \/>\n\n\t\t<div class=\"nav-previous\"><\/div>\n\t\t<div class=\"nav-next\"><\/div>\n\t\t\t<\/div>\n\t<\/div>[\/et_pb_code][\/et_pb_column][\/et_pb_row][\/et_pb_section]<\/p>\n","protected":false},"excerpt":{"rendered":"<p>[et_pb_section fb_built=\u00bb1&#8243; _builder_version=\u00bb3.26.3&#8243; use_background_color_gradient=\u00bbon\u00bb background_color_gradient_start=\u00bbrgba(0,0,0,0.4)\u00bb background_color_gradient_end=\u00bbrgba(41,196,169,0)\u00bb background_color_gradient_overlays_image=\u00bbon\u00bb background_image=\u00bbhttps:\/\/www.sunnysafari.fi\/wp-content\/uploads\/2019\/10\/Lapland-Nature-Day-Plan-B.jpg\u00bb min_height=\u00bb659px\u00bb custom_margin=\u00bb||0px||false|false\u00bb custom_padding=\u00bb0px||0px||false|false\u00bb][et_pb_row column_structure=\u00bb1_2,1_2&#8243; use_custom_gutter=\u00bbon\u00bb custom_padding_last_edited=\u00bbon|desktop\u00bb _builder_version=\u00bb3.26.3&#8243; <\/p>","protected":false},"author":2,"featured_media":0,"parent":0,"menu_order":0,"comment_status":"closed","ping_status":"closed","template":"","meta":{"_et_pb_use_builder":"on","_et_pb_old_content":"","_et_gb_content_width":"","footnotes":""},"class_list":["post-8095","page","type-page","status-publish","hentry"],"yoast_head":"<!-- This site is optimized with the Yoast SEO plugin v26.8 - https:\/\/yoast.com\/product\/yoast-seo-wordpress\/ -->\n<title>Vacaciones combinadas &#8211; Sunny Safari<\/title>\n<meta name=\"description\" content=\"Descubre la Laponia con nuestras excursiones numerosas. Si elijes uno de nuestros paquete de actividades combinadas, tus vacaciones van a ser inolvidables !\" \/>\n<meta name=\"robots\" content=\"index, follow, max-snippet:-1, max-image-preview:large, max-video-preview:-1\" \/>\n<link rel=\"canonical\" href=\"https:\/\/www.sunnysafari.fi\/es\/paquetes-de-viajes\/\" \/>\n<meta property=\"og:locale\" content=\"es_ES\" \/>\n<meta property=\"og:type\" content=\"article\" \/>\n<meta property=\"og:title\" content=\"Vacaciones combinadas &#8211; Sunny Safari\" \/>\n<meta property=\"og:description\" content=\"Descubre la Laponia con nuestras excursiones numerosas. Si elijes uno de nuestros paquete de actividades combinadas, tus vacaciones van a ser inolvidables !\" \/>\n<meta property=\"og:url\" content=\"https:\/\/www.sunnysafari.fi\/es\/paquetes-de-viajes\/\" \/>\n<meta property=\"og:site_name\" content=\"Sunny Safari\" \/>\n<meta property=\"article:modified_time\" content=\"2021-01-19T09:40:49+00:00\" \/>\n<meta name=\"twitter:card\" content=\"summary_large_image\" \/>\n<meta name=\"twitter:label1\" content=\"Tiempo de lectura\" \/>\n\t<meta name=\"twitter:data1\" content=\"2 minutos\" \/>\n<script type=\"application\/ld+json\" class=\"yoast-schema-graph\">{\"@context\":\"https:\/\/schema.org\",\"@graph\":[{\"@type\":\"WebPage\",\"@id\":\"https:\/\/www.sunnysafari.fi\/es\/paquetes-de-viajes\/\",\"url\":\"https:\/\/www.sunnysafari.fi\/es\/paquetes-de-viajes\/\",\"name\":\"Vacaciones combinadas &#8211; Sunny Safari\",\"isPartOf\":{\"@id\":\"https:\/\/www.sunnysafari.fi\/fr\/#website\"},\"datePublished\":\"2020-03-30T05:22:46+00:00\",\"dateModified\":\"2021-01-19T09:40:49+00:00\",\"description\":\"Descubre la Laponia con nuestras excursiones numerosas. Si elijes uno de nuestros paquete de actividades combinadas, tus vacaciones van a ser inolvidables !\",\"breadcrumb\":{\"@id\":\"https:\/\/www.sunnysafari.fi\/es\/paquetes-de-viajes\/#breadcrumb\"},\"inLanguage\":\"es\",\"potentialAction\":[{\"@type\":\"ReadAction\",\"target\":[\"https:\/\/www.sunnysafari.fi\/es\/paquetes-de-viajes\/\"]}]},{\"@type\":\"BreadcrumbList\",\"@id\":\"https:\/\/www.sunnysafari.fi\/es\/paquetes-de-viajes\/#breadcrumb\",\"itemListElement\":[{\"@type\":\"ListItem\",\"position\":1,\"name\":\"Home\",\"item\":\"https:\/\/www.sunnysafari.fi\/es\/\"},{\"@type\":\"ListItem\",\"position\":2,\"name\":\"Vacaciones combinadas\"}]},{\"@type\":\"WebSite\",\"@id\":\"https:\/\/www.sunnysafari.fi\/fr\/#website\",\"url\":\"https:\/\/www.sunnysafari.fi\/fr\/\",\"name\":\"Sunny Safari\",\"description\":\"Safari activities provider in Lapland\",\"publisher\":{\"@id\":\"https:\/\/www.sunnysafari.fi\/fr\/#organization\"},\"potentialAction\":[{\"@type\":\"SearchAction\",\"target\":{\"@type\":\"EntryPoint\",\"urlTemplate\":\"https:\/\/www.sunnysafari.fi\/fr\/?s={search_term_string}\"},\"query-input\":{\"@type\":\"PropertyValueSpecification\",\"valueRequired\":true,\"valueName\":\"search_term_string\"}}],\"inLanguage\":\"es\"},{\"@type\":\"Organization\",\"@id\":\"https:\/\/www.sunnysafari.fi\/fr\/#organization\",\"name\":\"Sunny Safari Oy\",\"url\":\"https:\/\/www.sunnysafari.fi\/fr\/\",\"logo\":{\"@type\":\"ImageObject\",\"inLanguage\":\"es\",\"@id\":\"https:\/\/www.sunnysafari.fi\/fr\/#\/schema\/logo\/image\/\",\"url\":\"https:\/\/www.sunnysafari.fi\/wp-content\/uploads\/2019\/08\/SunnySafari_logo_111-33.png\",\"contentUrl\":\"https:\/\/www.sunnysafari.fi\/wp-content\/uploads\/2019\/08\/SunnySafari_logo_111-33.png\",\"width\":306,\"height\":311,\"caption\":\"Sunny Safari Oy\"},\"image\":{\"@id\":\"https:\/\/www.sunnysafari.fi\/fr\/#\/schema\/logo\/image\/\"}}]}<\/script>\n<!-- \/ Yoast SEO plugin. -->","yoast_head_json":{"title":"Vacaciones combinadas &#8211; Sunny Safari","description":"Descubre la Laponia con nuestras excursiones numerosas. Si elijes uno de nuestros paquete de actividades combinadas, tus vacaciones van a ser inolvidables !","robots":{"index":"index","follow":"follow","max-snippet":"max-snippet:-1","max-image-preview":"max-image-preview:large","max-video-preview":"max-video-preview:-1"},"canonical":"https:\/\/www.sunnysafari.fi\/es\/paquetes-de-viajes\/","og_locale":"es_ES","og_type":"article","og_title":"Vacaciones combinadas &#8211; Sunny Safari","og_description":"Descubre la Laponia con nuestras excursiones numerosas. Si elijes uno de nuestros paquete de actividades combinadas, tus vacaciones van a ser inolvidables !","og_url":"https:\/\/www.sunnysafari.fi\/es\/paquetes-de-viajes\/","og_site_name":"Sunny Safari","article_modified_time":"2021-01-19T09:40:49+00:00","twitter_card":"summary_large_image","twitter_misc":{"Tiempo de lectura":"2 minutos"},"schema":{"@context":"https:\/\/schema.org","@graph":[{"@type":"WebPage","@id":"https:\/\/www.sunnysafari.fi\/es\/paquetes-de-viajes\/","url":"https:\/\/www.sunnysafari.fi\/es\/paquetes-de-viajes\/","name":"Vacaciones combinadas &#8211; Sunny Safari","isPartOf":{"@id":"https:\/\/www.sunnysafari.fi\/fr\/#website"},"datePublished":"2020-03-30T05:22:46+00:00","dateModified":"2021-01-19T09:40:49+00:00","description":"Descubre la Laponia con nuestras excursiones numerosas. Si elijes uno de nuestros paquete de actividades combinadas, tus vacaciones van a ser inolvidables !","breadcrumb":{"@id":"https:\/\/www.sunnysafari.fi\/es\/paquetes-de-viajes\/#breadcrumb"},"inLanguage":"es","potentialAction":[{"@type":"ReadAction","target":["https:\/\/www.sunnysafari.fi\/es\/paquetes-de-viajes\/"]}]},{"@type":"BreadcrumbList","@id":"https:\/\/www.sunnysafari.fi\/es\/paquetes-de-viajes\/#breadcrumb","itemListElement":[{"@type":"ListItem","position":1,"name":"Home","item":"https:\/\/www.sunnysafari.fi\/es\/"},{"@type":"ListItem","position":2,"name":"Vacaciones combinadas"}]},{"@type":"WebSite","@id":"https:\/\/www.sunnysafari.fi\/fr\/#website","url":"https:\/\/www.sunnysafari.fi\/fr\/","name":"Sunny Safari","description":"Safari activities provider in Lapland","publisher":{"@id":"https:\/\/www.sunnysafari.fi\/fr\/#organization"},"potentialAction":[{"@type":"SearchAction","target":{"@type":"EntryPoint","urlTemplate":"https:\/\/www.sunnysafari.fi\/fr\/?s={search_term_string}"},"query-input":{"@type":"PropertyValueSpecification","valueRequired":true,"valueName":"search_term_string"}}],"inLanguage":"es"},{"@type":"Organization","@id":"https:\/\/www.sunnysafari.fi\/fr\/#organization","name":"Sunny Safari Oy","url":"https:\/\/www.sunnysafari.fi\/fr\/","logo":{"@type":"ImageObject","inLanguage":"es","@id":"https:\/\/www.sunnysafari.fi\/fr\/#\/schema\/logo\/image\/","url":"https:\/\/www.sunnysafari.fi\/wp-content\/uploads\/2019\/08\/SunnySafari_logo_111-33.png","contentUrl":"https:\/\/www.sunnysafari.fi\/wp-content\/uploads\/2019\/08\/SunnySafari_logo_111-33.png","width":306,"height":311,"caption":"Sunny Safari Oy"},"image":{"@id":"https:\/\/www.sunnysafari.fi\/fr\/#\/schema\/logo\/image\/"}}]}},"_links":{"self":[{"href":"https:\/\/www.sunnysafari.fi\/es\/wp-json\/wp\/v2\/pages\/8095","targetHints":{"allow":["GET"]}}],"collection":[{"href":"https:\/\/www.sunnysafari.fi\/es\/wp-json\/wp\/v2\/pages"}],"about":[{"href":"https:\/\/www.sunnysafari.fi\/es\/wp-json\/wp\/v2\/types\/page"}],"author":[{"embeddable":true,"href":"https:\/\/www.sunnysafari.fi\/es\/wp-json\/wp\/v2\/users\/2"}],"replies":[{"embeddable":true,"href":"https:\/\/www.sunnysafari.fi\/es\/wp-json\/wp\/v2\/comments?post=8095"}],"version-history":[{"count":13,"href":"https:\/\/www.sunnysafari.fi\/es\/wp-json\/wp\/v2\/pages\/8095\/revisions"}],"predecessor-version":[{"id":13609,"href":"https:\/\/www.sunnysafari.fi\/es\/wp-json\/wp\/v2\/pages\/8095\/revisions\/13609"}],"wp:attachment":[{"href":"https:\/\/www.sunnysafari.fi\/es\/wp-json\/wp\/v2\/media?parent=8095"}],"curies":[{"name":"wp","href":"https:\/\/api.w.org\/{rel}","templated":true}]}}