{"id":7656,"date":"2020-03-25T09:12:53","date_gmt":"2020-03-25T09:12:53","guid":{"rendered":"https:\/\/www.sunnysafari.fi\/tour-de-un-dia-en-rovaniemi\/"},"modified":"2021-02-17T10:46:06","modified_gmt":"2021-02-17T10:46:06","slug":"tour-de-un-dia-en-rovaniemi","status":"publish","type":"page","link":"https:\/\/www.sunnysafari.fi\/es\/tour-de-un-dia-en-rovaniemi\/","title":{"rendered":"Tour de un d\u00eda en Rovaniemi"},"content":{"rendered":"<p>[et_pb_section fb_built=\u00bb1&#8243; _builder_version=\u00bb4.9.0&#8243; background_image=\u00bbhttps:\/\/www.sunnysafari.fi\/wp-content\/uploads\/2021\/02\/One-Day-Tour-Winter.jpg\u00bb custom_padding=\u00bb0px||0px|||\u00bb hover_enabled=\u00bb0&#8243; title_text=\u00bbOne Day Tour &#8211; Winter\u00bb sticky_enabled=\u00bb0&#8243;][et_pb_row column_structure=\u00bb1_2,1_2&#8243; use_custom_gutter=\u00bbon\u00bb custom_padding_last_edited=\u00bbon|desktop\u00bb _builder_version=\u00bb3.26.3&#8243; width_tablet=\u00bb\u00bb width_phone=\u00bb100%\u00bb width_last_edited=\u00bbon|phone\u00bb custom_margin=\u00bb||||false|false\u00bb custom_padding=\u00bb0px||0px|||\u00bb custom_padding_tablet=\u00bb\u00bb custom_padding_phone=\u00bb\u00bb][et_pb_column type=\u00bb1_2&#8243; _builder_version=\u00bb3.26.3&#8243;][et_pb_text _builder_version=\u00bb4.9.0&#8243; text_text_color=\u00bb#ffffff\u00bb header_font=\u00bb|700|||||||\u00bb header_text_color=\u00bb#ffffff\u00bb header_font_size=\u00bb78px\u00bb header_4_font=\u00bb|700|||||||\u00bb header_4_text_color=\u00bb#ffffff\u00bb header_4_line_height=\u00bb1.3em\u00bb header_5_font=\u00bb|700|||||||\u00bb header_5_text_color=\u00bb#ffffff\u00bb header_5_line_height=\u00bb1.3em\u00bb header_6_font=\u00bb|300|||||||\u00bb header_6_text_color=\u00bb#ffffff\u00bb header_6_font_size=\u00bb16px\u00bb header_6_line_height=\u00bb1.3em\u00bb custom_padding=\u00bb25%|5%|10.4%|5%|false|false\u00bb custom_padding_tablet=\u00bb25%||0%||false|false\u00bb custom_padding_phone=\u00bb|7%||7%|false|false\u00bb custom_padding_last_edited=\u00bbon|phone\u00bb header_font_size_tablet=\u00bb52px\u00bb header_font_size_phone=\u00bb56px\u00bb header_font_size_last_edited=\u00bbon|tablet\u00bb header_4_font_size_tablet=\u00bb21px\u00bb header_4_font_size_phone=\u00bb18px\u00bb header_4_font_size_last_edited=\u00bbon|phone\u00bb header_text_shadow_style=\u00bbpreset1&#8243; header_4_text_shadow_style=\u00bbpreset1&#8243; background__hover_enabled=\u00bbon\u00bb]<\/p>\n<h1>Tour de un d\u00eda en Rovaniemi<\/h1>\n<p>[\/et_pb_text][\/et_pb_column][et_pb_column type=\u00bb1_2&#8243; _builder_version=\u00bb3.26.3&#8243;][et_pb_text _builder_version=\u00bb3.27.4&#8243; text_text_color=\u00bb#ffffff\u00bb header_font=\u00bb|700|||||||\u00bb header_text_color=\u00bb#ffffff\u00bb header_font_size=\u00bb78px\u00bb header_4_font=\u00bb|700|||||||\u00bb header_4_text_color=\u00bb#ffffff\u00bb header_4_line_height=\u00bb1.3em\u00bb header_5_font=\u00bb|700|||||||\u00bb header_5_text_color=\u00bb#ffffff\u00bb header_5_line_height=\u00bb1.3em\u00bb header_6_font=\u00bb|300|||||||\u00bb header_6_text_color=\u00bb#ffffff\u00bb header_6_font_size=\u00bb16px\u00bb header_6_line_height=\u00bb1.3em\u00bb use_background_color_gradient=\u00bbon\u00bb background_color_gradient_start=\u00bbrgba(0,0,0,0)\u00bb background_color_gradient_end=\u00bbrgba(0,0,0,0.44)\u00bb background_color_gradient_end_position=\u00bb33%\u00bb custom_padding=\u00bb30%|5%|34%|5%|false|false\u00bb custom_padding_tablet=\u00bb0%||||false|false\u00bb custom_padding_phone=\u00bb|7%||7%|false|false\u00bb custom_padding_last_edited=\u00bbon|tablet\u00bb hover_enabled=\u00bb0&#8243; header_font_size_tablet=\u00bb52px\u00bb header_font_size_phone=\u00bb56px\u00bb header_font_size_last_edited=\u00bbon|tablet\u00bb header_4_font_size_tablet=\u00bb21px\u00bb header_4_font_size_phone=\u00bb18px\u00bb header_4_font_size_last_edited=\u00bbon|phone\u00bb header_text_shadow_style=\u00bbpreset1&#8243; header_4_text_shadow_style=\u00bbpreset1&#8243; background__hover_enabled=\u00bbon\u00bb sticky_enabled=\u00bb0&#8243;]<\/p>\n<h4>Combinamos los Safaris que m\u00e1s te interesen de entre los m\u00e1s populares y te ofrecemos m\u00e1s opciones y diversi\u00f3n para tu estancia en Rovaniemi.<\/h4>\n<p>&nbsp;<br \/>\n[\/et_pb_text][\/et_pb_column][\/et_pb_row][\/et_pb_section][et_pb_section fb_built=\u00bb1&#8243; _builder_version=\u00bb3.26.3&#8243; custom_padding=\u00bb0%||2%||false|false\u00bb][et_pb_row custom_padding_last_edited=\u00bbon|phone\u00bb _builder_version=\u00bb3.26.3&#8243; custom_padding=\u00bb5%||2%||false|false\u00bb custom_padding_tablet=\u00bb\u00bb custom_padding_phone=\u00bb15%||5%||false|false\u00bb][et_pb_column type=\u00bb4_4&#8243; _builder_version=\u00bb3.26.3&#8243;][et_pb_code _builder_version=\u00bb3.26.3&#8243;]<div class=\"search-filter-results\" id=\"search-filter-results-7921\">\t<div class=\"post_count\">\n\t\tFound 7 Results<br \/>\n\tPage 1 of 1<br \/>\n<\/div>\n\t\n\t\n\t<div class=\"pagination\">\n\t\t\n\t\t<div class=\"nav-previous\"><\/div>\n\t\t<div class=\"nav-next\"><\/div>\n\t\t\t<\/div>\n\t<div class=\"clearfix\">\n\t\t\n\t\t\t\t\t\t\n<a href=\"https:\/\/www.sunnysafari.fi\/es\/dia-completo-de-aventuras-en-motonieve\/\" class=\"linkki\">\n\n\t\t<div class=\"one_post\">\n\t\t\t\n\n\n\t\t\t\n\t\t\t<div class=\"post_thumbnail\"><img loading=\"lazy\" decoding=\"async\" width=\"768\" height=\"432\" src=\"https:\/\/www.sunnysafari.fi\/wp-content\/uploads\/2021\/02\/Whole-Day-Adventure-of-Snowmobile-768x432.jpg\" class=\"attachment-medium_large size-medium_large wp-post-image\" alt=\"\" \/><\/div>\n\t\t\t<div class=\"text-content\">\n\t\t\n\t\t\t\n\t\t\t\t<h2 class=\"post_heading\">D\u00eda Completo de Aventuras en Motonieve &#8211; Grupo Reducido<\/h2>\n\t\t\t\n\t\n\n\t\t\t\t<div class=\"departure_time\">Duraci\u00f3n 6.5h<\/div>\n\n\t\t\t\t<div class=\"post_excerpt\">\u00a1Si te gustan las motonieves, esta excursi\u00f3n es para t\u00fa! Descubres la naturaleza \u00e1rtica en motonieve por un d\u00eda completo y admiras la belleza de los paisajes nevados alrededor del C\u00edrculo Polar \u00c1rtico!<\/div>\n\t\t\t\t\n\t\t\t\n\t\t\t<\/div>\t\t\n\t\t\t<p class=\"location\">Rovaniemi<\/p>\n\t\t\t\t<p class=\"price\">289<\/p>\n\n\t\t<\/div>\n\n\t\t<\/a>\n\t\t\t\t\t\t\t\n<a href=\"https:\/\/www.sunnysafari.fi\/es\/disfrutas-de-los-favoritos-de-los-locales-en-un-dia\/\" class=\"linkki\">\n\n\t\t<div class=\"one_post\">\n\t\t\t\n\n\n\t\t\t\n\t\t\t<div class=\"post_thumbnail\"><img loading=\"lazy\" decoding=\"async\" width=\"768\" height=\"432\" src=\"https:\/\/www.sunnysafari.fi\/wp-content\/uploads\/2021\/02\/Enjoy-the-Arctic-the-Lappish-Way-Snowmobile-Ice-Fishing-Snowshoeing-768x432.jpg\" class=\"attachment-medium_large size-medium_large wp-post-image\" alt=\"\" \/><\/div>\n\t\t\t<div class=\"text-content\">\n\t\t\n\t\t\t\n\t\t\t\t<h2 class=\"post_heading\">Disfrutas de los Favoritos de los Locales en un d\u00eda<\/h2>\n\t\t\t\n\t\n\n\t\t\t\t<div class=\"departure_time\">Duraci\u00f3n 5.5h<\/div>\n\n\t\t\t\t<div class=\"post_excerpt\">Haces la experiencia de un aut\u00e9ntico invierno en Laponia con un trekking en raquetas de nieve para una inmersi\u00f3n en la naturaleza, una pescada sobre un lago helado y un tour en motonieve alrededor del Circul\u00f3 Polar \u00c1rtico<\/div>\n\t\t\t\t\n\t\t\t\n\t\t\t<\/div>\t\t\n\t\t\t<p class=\"location\">Rovaniemi<\/p>\n\t\t\t\t<p class=\"price\">199<\/p>\n\n\t\t<\/div>\n\n\t\t<\/a>\n\t\t\t\t\t\t\t\n<a href=\"https:\/\/www.sunnysafari.fi\/es\/bienvenidos-en-el-circulo-polar-artico-invierno\/\" class=\"linkki\">\n\n\t\t<div class=\"one_post\">\n\t\t\t\n\n\n\t\t\t\n\t\t\t<div class=\"post_thumbnail\"><img loading=\"lazy\" decoding=\"async\" width=\"768\" height=\"432\" src=\"https:\/\/www.sunnysafari.fi\/wp-content\/uploads\/2021\/02\/Welcome-to-the-Arctic-Circle-Winter-768x432.jpg\" class=\"attachment-medium_large size-medium_large wp-post-image\" alt=\"\" \/><\/div>\n\t\t\t<div class=\"text-content\">\n\t\t\n\t\t\t\n\t\t\t\t<h2 class=\"post_heading\">Bienvenidos en el C\u00edrculo Polar \u00c1rtico &#8211; Invierno<\/h2>\n\t\t\t\n\t\n\n\t\t\t\t<div class=\"departure_time\">Duraci\u00f3n 7h<\/div>\n\n\t\t\t\t<div class=\"post_excerpt\">Descubre la capital de Laponia, Rovaniemi, con esta excursi\u00f3n de un d\u00eda alrededor del C\u00edrculo Polar \u00c1rtico.<\/div>\n\t\t\t\t\n\t\t\t\n\t\t\t<\/div>\t\t\n\t\t\t<p class=\"location\">Rovaniemi<\/p>\n\t\t\t\t<p class=\"price\">239<\/p>\n\n\t\t<\/div>\n\n\t\t<\/a>\n\t\t\t\t\t\t\t\n<a href=\"https:\/\/www.sunnysafari.fi\/es\/el-top-3-de-nuestras-excursiones-dia-completo-de-excursion\/\" class=\"linkki\">\n\n\t\t<div class=\"one_post\">\n\t\t\t\n\n\n\t\t\t\n\t\t\t<div class=\"post_thumbnail\"><img loading=\"lazy\" decoding=\"async\" width=\"768\" height=\"432\" src=\"https:\/\/www.sunnysafari.fi\/wp-content\/uploads\/2021\/02\/Combination-of-Top-Three-\u2013-One-Day-Tour-768x432.jpg\" class=\"attachment-medium_large size-medium_large wp-post-image\" alt=\"\" srcset=\"https:\/\/www.sunnysafari.fi\/wp-content\/uploads\/2021\/02\/Combination-of-Top-Three-\u2013-One-Day-Tour-768x432.jpg 768w, https:\/\/www.sunnysafari.fi\/wp-content\/uploads\/2021\/02\/Combination-of-Top-Three-\u2013-One-Day-Tour-300x169.jpg 300w, https:\/\/www.sunnysafari.fi\/wp-content\/uploads\/2021\/02\/Combination-of-Top-Three-\u2013-One-Day-Tour-1024x576.jpg 1024w, https:\/\/www.sunnysafari.fi\/wp-content\/uploads\/2021\/02\/Combination-of-Top-Three-\u2013-One-Day-Tour-1536x864.jpg 1536w, https:\/\/www.sunnysafari.fi\/wp-content\/uploads\/2021\/02\/Combination-of-Top-Three-\u2013-One-Day-Tour-1080x608.jpg 1080w, https:\/\/www.sunnysafari.fi\/wp-content\/uploads\/2021\/02\/Combination-of-Top-Three-\u2013-One-Day-Tour-1280x720.jpg 1280w, https:\/\/www.sunnysafari.fi\/wp-content\/uploads\/2021\/02\/Combination-of-Top-Three-\u2013-One-Day-Tour-980x551.jpg 980w, https:\/\/www.sunnysafari.fi\/wp-content\/uploads\/2021\/02\/Combination-of-Top-Three-\u2013-One-Day-Tour-480x270.jpg 480w, https:\/\/www.sunnysafari.fi\/wp-content\/uploads\/2021\/02\/Combination-of-Top-Three-\u2013-One-Day-Tour.jpg 1920w\" sizes=\"(max-width: 768px) 100vw, 768px\" \/><\/div>\n\t\t\t<div class=\"text-content\">\n\t\t\n\t\t\t\n\t\t\t\t<h2 class=\"post_heading\">El Top 3 de nuestras Excursiones &#8211; D\u00eda Completo de Excursi\u00f3n<\/h2>\n\t\t\t\n\t\n\n\t\t\t\t<div class=\"departure_time\">Duraci\u00f3n 6.5h<\/div>\n\n\t\t\t\t<div class=\"post_excerpt\">Descubres la Laponia por sus mejores actividades : \u00a1safari en motonieve, safari de huskys y tambi\u00e9n de renos para un d\u00eda inolvidable!<\/div>\n\t\t\t\t\n\t\t\t\n\t\t\t<\/div>\t\t\n\t\t\t<p class=\"location\">Rovaniemi<\/p>\n\t\t\t\t<p class=\"price\">249<\/p>\n\n\t\t<\/div>\n\n\t\t<\/a>\n\t\t\t\t\t\t\t\n<a href=\"https:\/\/www.sunnysafari.fi\/es\/cataratas-heladas-de-korouoma-senderismo-en-un-parque-nacional\/\" class=\"linkki\">\n\n\t\t<div class=\"one_post\">\n\t\t\t\n\n\n\t\t\t\n\t\t\t<div class=\"post_thumbnail\"><img loading=\"lazy\" decoding=\"async\" width=\"768\" height=\"432\" src=\"https:\/\/www.sunnysafari.fi\/wp-content\/uploads\/2021\/02\/Korouoma-Ice-Waterfalls-National-Park-Hiking-768x432.jpg\" class=\"attachment-medium_large size-medium_large wp-post-image\" alt=\"\" \/><\/div>\n\t\t\t<div class=\"text-content\">\n\t\t\n\t\t\t\n\t\t\t\t<h2 class=\"post_heading\">Cataratas Heladas de Korouoma &#038; Senderismo en un Parque Nacional<\/h2>\n\t\t\t\n\t\n\n\t\t\t\t<div class=\"departure_time\">Duraci\u00f3n 7h<\/div>\n\n\t\t\t\t<div class=\"post_excerpt\">\u00a1Las cataratas heladas de Korouoma son las m\u00e1s famosas de Finlandia por probar escalada en hielo!<\/div>\n\t\t\t\t\n\t\t\t\n\t\t\t<\/div>\t\t\n\t\t\t<p class=\"location\">Rovaniemi<\/p>\n\t\t\t\t<p class=\"price\">199<\/p>\n\n\t\t<\/div>\n\n\t\t<\/a>\n\t\t\t\t\t\t\t\n<a href=\"https:\/\/www.sunnysafari.fi\/es\/un-dia-en-el-zoo-de-la-fauna-artica-de-ranua\/\" class=\"linkki\">\n\n\t\t<div class=\"one_post\">\n\t\t\t\n\n\n\t\t\t\n\t\t\t<div class=\"post_thumbnail\"><\/div>\n\t\t\t<div class=\"text-content\">\n\t\t\n\t\t\t\n\t\t\t\t<h2 class=\"post_heading\">Un D\u00eda en el Zoo de la Fauna \u00c1rtica de Ranua<\/h2>\n\t\t\t\n\t\n\n\t\t\t\t<div class=\"departure_time\">Duraci\u00f3n 6h<\/div>\n\n\t\t\t\t<div class=\"post_excerpt\">\u00bfHas visitado alguna vez un parque zool\u00f3gico consagrado a los animales del \u00c1rtico? En el zoo de la fauna \u00e1rtica de Ranua, puedes observar estos animales en su ambiente natural. Despues de la visita, pruebes los deliciosos chocolates Fazer, \u00a1la marca la m\u00e1s conocida de Finlandia, en su tienda de f\u00e1brica!<\/div>\n\t\t\t\t\n\t\t\t\n\t\t\t<\/div>\t\t\n\t\t\t<p class=\"location\">Rovaniemi<\/p>\n\t\t\t\t<p class=\"price\">159<\/p>\n\n\t\t<\/div>\n\n\t\t<\/a>\n\t\t\t\t\t\t\t\n<a href=\"https:\/\/www.sunnysafari.fi\/es\/un-dia-lleno-de-aventuras-dia-completo-de-excursion\/\" class=\"linkki\">\n\n\t\t<div class=\"one_post\">\n\t\t\t\n\n\n\t\t\t\n\t\t\t<div class=\"post_thumbnail\"><img loading=\"lazy\" decoding=\"async\" width=\"768\" height=\"432\" src=\"https:\/\/www.sunnysafari.fi\/wp-content\/uploads\/2021\/02\/Day-Full-of-Adventures-768x432.jpg\" class=\"attachment-medium_large size-medium_large wp-post-image\" alt=\"\" \/><\/div>\n\t\t\t<div class=\"text-content\">\n\t\t\n\t\t\t\n\t\t\t\t<h2 class=\"post_heading\">Un D\u00eda Lleno de Aventuras &#8211; D\u00eda Completo de Excursi\u00f3n<\/h2>\n\t\t\t\n\t\n\n\t\t\t\t<div class=\"departure_time\">Duraci\u00f3n 8h<\/div>\n\n\t\t\t\t<div class=\"post_excerpt\">Disfruta de la magia de la Laponia en invierno y pruebe las mejores actividades : excursi\u00f3n en motonieve, encuentro con renos y huskys, tambi\u00e9n con Pap\u00e1 Noel : \u00a1vas a vivir una aventura inolvidable! <\/div>\n\t\t\t\t\n\t\t\t\n\t\t\t<\/div>\t\t\n\t\t\t<p class=\"location\">Rovaniemi<\/p>\n\t\t\t\t<p class=\"price\">339<\/p>\n\n\t\t<\/div>\n\n\t\t<\/a>\n\t\t\t\t<\/div>\n\n\t\n\t<div class=\"pagination\">\n\t\t\tPage 1 of 1<br \/>\n\n\t\t<div class=\"nav-previous\"><\/div>\n\t\t<div class=\"nav-next\"><\/div>\n\t\t\t<\/div>\n\t<\/div>[\/et_pb_code][\/et_pb_column][\/et_pb_row][\/et_pb_section]<\/p>\n","protected":false},"excerpt":{"rendered":"<p>[et_pb_section fb_built=\u00bb1&#8243; _builder_version=\u00bb4.9.2&#8243; use_background_color_gradient=\u00bbon\u00bb background_color_gradient_start=\u00bbrgba(0,0,0,0.4)\u00bb background_color_gradient_end=\u00bbrgba(41,196,169,0)\u00bb background_color_gradient_overlays_image=\u00bbon\u00bb background_image=\u00bbhttps:\/\/www.sunnysafari.fi\/wp-content\/uploads\/2021\/02\/Day-Full-of-Adventures.jpg\u00bb custom_padding=\u00bb0px||0px|||\u00bb][et_pb_row column_structure=\u00bb1_2,1_2&#8243; use_custom_gutter=\u00bbon\u00bb custom_padding_last_edited=\u00bbon|desktop\u00bb _builder_version=\u00bb4.7.1&#8243; width_tablet=\u00bb\u00bb width_phone=\u00bb100%\u00bb <\/p>","protected":false},"author":1,"featured_media":16737,"parent":0,"menu_order":0,"comment_status":"closed","ping_status":"closed","template":"","meta":{"_et_pb_use_builder":"on","_et_pb_old_content":"","_et_gb_content_width":"","footnotes":""},"class_list":["post-7656","page","type-page","status-publish","has-post-thumbnail","hentry"],"yoast_head":"<!-- This site is optimized with the Yoast SEO plugin v26.8 - https:\/\/yoast.com\/product\/yoast-seo-wordpress\/ -->\n<title>Tour de un d\u00eda en Rovaniemi &#8211; Sunny Safari<\/title>\n<meta name=\"description\" content=\"Combinamos los Safaris que m\u00e1s te interesen de entre los m\u00e1s populares y te ofrecemos m\u00e1s opciones y diversi\u00f3n para tu estancia en Rovaniemi.\" \/>\n<meta name=\"robots\" content=\"index, follow, max-snippet:-1, max-image-preview:large, max-video-preview:-1\" \/>\n<link rel=\"canonical\" href=\"https:\/\/www.sunnysafari.fi\/es\/tour-de-un-dia-en-rovaniemi\/\" \/>\n<meta property=\"og:locale\" content=\"es_ES\" \/>\n<meta property=\"og:type\" content=\"article\" \/>\n<meta property=\"og:title\" content=\"Tour de un d\u00eda en Rovaniemi &#8211; Sunny Safari\" \/>\n<meta property=\"og:description\" content=\"Combinamos los Safaris que m\u00e1s te interesen de entre los m\u00e1s populares y te ofrecemos m\u00e1s opciones y diversi\u00f3n para tu estancia en Rovaniemi.\" \/>\n<meta property=\"og:url\" content=\"https:\/\/www.sunnysafari.fi\/es\/tour-de-un-dia-en-rovaniemi\/\" \/>\n<meta property=\"og:site_name\" content=\"Sunny Safari\" \/>\n<meta property=\"article:modified_time\" content=\"2021-02-17T10:46:06+00:00\" \/>\n<meta property=\"og:image\" content=\"https:\/\/www.sunnysafari.fi\/wp-content\/uploads\/2021\/02\/One-Day-Tour-Winter.jpg\" \/>\n\t<meta property=\"og:image:width\" content=\"1920\" \/>\n\t<meta property=\"og:image:height\" content=\"800\" \/>\n\t<meta property=\"og:image:type\" content=\"image\/jpeg\" \/>\n<meta name=\"twitter:card\" content=\"summary_large_image\" \/>\n<meta name=\"twitter:label1\" content=\"Tiempo de lectura\" \/>\n\t<meta name=\"twitter:data1\" content=\"2 minutos\" \/>\n<script type=\"application\/ld+json\" class=\"yoast-schema-graph\">{\"@context\":\"https:\/\/schema.org\",\"@graph\":[{\"@type\":\"WebPage\",\"@id\":\"https:\/\/www.sunnysafari.fi\/es\/tour-de-un-dia-en-rovaniemi\/\",\"url\":\"https:\/\/www.sunnysafari.fi\/es\/tour-de-un-dia-en-rovaniemi\/\",\"name\":\"Tour de un d\u00eda en Rovaniemi &#8211; Sunny Safari\",\"isPartOf\":{\"@id\":\"https:\/\/www.sunnysafari.fi\/fr\/#website\"},\"primaryImageOfPage\":{\"@id\":\"https:\/\/www.sunnysafari.fi\/es\/tour-de-un-dia-en-rovaniemi\/#primaryimage\"},\"image\":{\"@id\":\"https:\/\/www.sunnysafari.fi\/es\/tour-de-un-dia-en-rovaniemi\/#primaryimage\"},\"thumbnailUrl\":\"https:\/\/www.sunnysafari.fi\/wp-content\/uploads\/2021\/02\/One-Day-Tour-Winter.jpg\",\"datePublished\":\"2020-03-25T09:12:53+00:00\",\"dateModified\":\"2021-02-17T10:46:06+00:00\",\"description\":\"Combinamos los Safaris que m\u00e1s te interesen de entre los m\u00e1s populares y te ofrecemos m\u00e1s opciones y diversi\u00f3n para tu estancia en Rovaniemi.\",\"breadcrumb\":{\"@id\":\"https:\/\/www.sunnysafari.fi\/es\/tour-de-un-dia-en-rovaniemi\/#breadcrumb\"},\"inLanguage\":\"es\",\"potentialAction\":[{\"@type\":\"ReadAction\",\"target\":[\"https:\/\/www.sunnysafari.fi\/es\/tour-de-un-dia-en-rovaniemi\/\"]}]},{\"@type\":\"ImageObject\",\"inLanguage\":\"es\",\"@id\":\"https:\/\/www.sunnysafari.fi\/es\/tour-de-un-dia-en-rovaniemi\/#primaryimage\",\"url\":\"https:\/\/www.sunnysafari.fi\/wp-content\/uploads\/2021\/02\/One-Day-Tour-Winter.jpg\",\"contentUrl\":\"https:\/\/www.sunnysafari.fi\/wp-content\/uploads\/2021\/02\/One-Day-Tour-Winter.jpg\",\"width\":1920,\"height\":800},{\"@type\":\"BreadcrumbList\",\"@id\":\"https:\/\/www.sunnysafari.fi\/es\/tour-de-un-dia-en-rovaniemi\/#breadcrumb\",\"itemListElement\":[{\"@type\":\"ListItem\",\"position\":1,\"name\":\"Home\",\"item\":\"https:\/\/www.sunnysafari.fi\/es\/\"},{\"@type\":\"ListItem\",\"position\":2,\"name\":\"Tour de un d\u00eda en Rovaniemi\"}]},{\"@type\":\"WebSite\",\"@id\":\"https:\/\/www.sunnysafari.fi\/fr\/#website\",\"url\":\"https:\/\/www.sunnysafari.fi\/fr\/\",\"name\":\"Sunny Safari\",\"description\":\"Safari activities provider in Lapland\",\"publisher\":{\"@id\":\"https:\/\/www.sunnysafari.fi\/fr\/#organization\"},\"potentialAction\":[{\"@type\":\"SearchAction\",\"target\":{\"@type\":\"EntryPoint\",\"urlTemplate\":\"https:\/\/www.sunnysafari.fi\/fr\/?s={search_term_string}\"},\"query-input\":{\"@type\":\"PropertyValueSpecification\",\"valueRequired\":true,\"valueName\":\"search_term_string\"}}],\"inLanguage\":\"es\"},{\"@type\":\"Organization\",\"@id\":\"https:\/\/www.sunnysafari.fi\/fr\/#organization\",\"name\":\"Sunny Safari Oy\",\"url\":\"https:\/\/www.sunnysafari.fi\/fr\/\",\"logo\":{\"@type\":\"ImageObject\",\"inLanguage\":\"es\",\"@id\":\"https:\/\/www.sunnysafari.fi\/fr\/#\/schema\/logo\/image\/\",\"url\":\"https:\/\/www.sunnysafari.fi\/wp-content\/uploads\/2019\/08\/SunnySafari_logo_111-33.png\",\"contentUrl\":\"https:\/\/www.sunnysafari.fi\/wp-content\/uploads\/2019\/08\/SunnySafari_logo_111-33.png\",\"width\":306,\"height\":311,\"caption\":\"Sunny Safari Oy\"},\"image\":{\"@id\":\"https:\/\/www.sunnysafari.fi\/fr\/#\/schema\/logo\/image\/\"}}]}<\/script>\n<!-- \/ Yoast SEO plugin. -->","yoast_head_json":{"title":"Tour de un d\u00eda en Rovaniemi &#8211; Sunny Safari","description":"Combinamos los Safaris que m\u00e1s te interesen de entre los m\u00e1s populares y te ofrecemos m\u00e1s opciones y diversi\u00f3n para tu estancia en Rovaniemi.","robots":{"index":"index","follow":"follow","max-snippet":"max-snippet:-1","max-image-preview":"max-image-preview:large","max-video-preview":"max-video-preview:-1"},"canonical":"https:\/\/www.sunnysafari.fi\/es\/tour-de-un-dia-en-rovaniemi\/","og_locale":"es_ES","og_type":"article","og_title":"Tour de un d\u00eda en Rovaniemi &#8211; Sunny Safari","og_description":"Combinamos los Safaris que m\u00e1s te interesen de entre los m\u00e1s populares y te ofrecemos m\u00e1s opciones y diversi\u00f3n para tu estancia en Rovaniemi.","og_url":"https:\/\/www.sunnysafari.fi\/es\/tour-de-un-dia-en-rovaniemi\/","og_site_name":"Sunny Safari","article_modified_time":"2021-02-17T10:46:06+00:00","og_image":[{"width":1920,"height":800,"url":"https:\/\/www.sunnysafari.fi\/wp-content\/uploads\/2021\/02\/One-Day-Tour-Winter.jpg","type":"image\/jpeg"}],"twitter_card":"summary_large_image","twitter_misc":{"Tiempo de lectura":"2 minutos"},"schema":{"@context":"https:\/\/schema.org","@graph":[{"@type":"WebPage","@id":"https:\/\/www.sunnysafari.fi\/es\/tour-de-un-dia-en-rovaniemi\/","url":"https:\/\/www.sunnysafari.fi\/es\/tour-de-un-dia-en-rovaniemi\/","name":"Tour de un d\u00eda en Rovaniemi &#8211; Sunny Safari","isPartOf":{"@id":"https:\/\/www.sunnysafari.fi\/fr\/#website"},"primaryImageOfPage":{"@id":"https:\/\/www.sunnysafari.fi\/es\/tour-de-un-dia-en-rovaniemi\/#primaryimage"},"image":{"@id":"https:\/\/www.sunnysafari.fi\/es\/tour-de-un-dia-en-rovaniemi\/#primaryimage"},"thumbnailUrl":"https:\/\/www.sunnysafari.fi\/wp-content\/uploads\/2021\/02\/One-Day-Tour-Winter.jpg","datePublished":"2020-03-25T09:12:53+00:00","dateModified":"2021-02-17T10:46:06+00:00","description":"Combinamos los Safaris que m\u00e1s te interesen de entre los m\u00e1s populares y te ofrecemos m\u00e1s opciones y diversi\u00f3n para tu estancia en Rovaniemi.","breadcrumb":{"@id":"https:\/\/www.sunnysafari.fi\/es\/tour-de-un-dia-en-rovaniemi\/#breadcrumb"},"inLanguage":"es","potentialAction":[{"@type":"ReadAction","target":["https:\/\/www.sunnysafari.fi\/es\/tour-de-un-dia-en-rovaniemi\/"]}]},{"@type":"ImageObject","inLanguage":"es","@id":"https:\/\/www.sunnysafari.fi\/es\/tour-de-un-dia-en-rovaniemi\/#primaryimage","url":"https:\/\/www.sunnysafari.fi\/wp-content\/uploads\/2021\/02\/One-Day-Tour-Winter.jpg","contentUrl":"https:\/\/www.sunnysafari.fi\/wp-content\/uploads\/2021\/02\/One-Day-Tour-Winter.jpg","width":1920,"height":800},{"@type":"BreadcrumbList","@id":"https:\/\/www.sunnysafari.fi\/es\/tour-de-un-dia-en-rovaniemi\/#breadcrumb","itemListElement":[{"@type":"ListItem","position":1,"name":"Home","item":"https:\/\/www.sunnysafari.fi\/es\/"},{"@type":"ListItem","position":2,"name":"Tour de un d\u00eda en Rovaniemi"}]},{"@type":"WebSite","@id":"https:\/\/www.sunnysafari.fi\/fr\/#website","url":"https:\/\/www.sunnysafari.fi\/fr\/","name":"Sunny Safari","description":"Safari activities provider in Lapland","publisher":{"@id":"https:\/\/www.sunnysafari.fi\/fr\/#organization"},"potentialAction":[{"@type":"SearchAction","target":{"@type":"EntryPoint","urlTemplate":"https:\/\/www.sunnysafari.fi\/fr\/?s={search_term_string}"},"query-input":{"@type":"PropertyValueSpecification","valueRequired":true,"valueName":"search_term_string"}}],"inLanguage":"es"},{"@type":"Organization","@id":"https:\/\/www.sunnysafari.fi\/fr\/#organization","name":"Sunny Safari Oy","url":"https:\/\/www.sunnysafari.fi\/fr\/","logo":{"@type":"ImageObject","inLanguage":"es","@id":"https:\/\/www.sunnysafari.fi\/fr\/#\/schema\/logo\/image\/","url":"https:\/\/www.sunnysafari.fi\/wp-content\/uploads\/2019\/08\/SunnySafari_logo_111-33.png","contentUrl":"https:\/\/www.sunnysafari.fi\/wp-content\/uploads\/2019\/08\/SunnySafari_logo_111-33.png","width":306,"height":311,"caption":"Sunny Safari Oy"},"image":{"@id":"https:\/\/www.sunnysafari.fi\/fr\/#\/schema\/logo\/image\/"}}]}},"_links":{"self":[{"href":"https:\/\/www.sunnysafari.fi\/es\/wp-json\/wp\/v2\/pages\/7656","targetHints":{"allow":["GET"]}}],"collection":[{"href":"https:\/\/www.sunnysafari.fi\/es\/wp-json\/wp\/v2\/pages"}],"about":[{"href":"https:\/\/www.sunnysafari.fi\/es\/wp-json\/wp\/v2\/types\/page"}],"author":[{"embeddable":true,"href":"https:\/\/www.sunnysafari.fi\/es\/wp-json\/wp\/v2\/users\/1"}],"replies":[{"embeddable":true,"href":"https:\/\/www.sunnysafari.fi\/es\/wp-json\/wp\/v2\/comments?post=7656"}],"version-history":[{"count":7,"href":"https:\/\/www.sunnysafari.fi\/es\/wp-json\/wp\/v2\/pages\/7656\/revisions"}],"predecessor-version":[{"id":16829,"href":"https:\/\/www.sunnysafari.fi\/es\/wp-json\/wp\/v2\/pages\/7656\/revisions\/16829"}],"wp:featuredmedia":[{"embeddable":true,"href":"https:\/\/www.sunnysafari.fi\/es\/wp-json\/wp\/v2\/media\/16737"}],"wp:attachment":[{"href":"https:\/\/www.sunnysafari.fi\/es\/wp-json\/wp\/v2\/media?parent=7656"}],"curies":[{"name":"wp","href":"https:\/\/api.w.org\/{rel}","templated":true}]}}