{"id":7637,"date":"2020-03-25T09:10:05","date_gmt":"2020-03-25T09:10:05","guid":{"rendered":"https:\/\/www.sunnysafari.fi\/sol-de-medianoche-y-auroras-boreales\/"},"modified":"2021-02-17T10:27:49","modified_gmt":"2021-02-17T10:27:49","slug":"sol-de-medianoche-y-auroras-boreales","status":"publish","type":"page","link":"https:\/\/www.sunnysafari.fi\/es\/sol-de-medianoche-y-auroras-boreales\/","title":{"rendered":"Sol de Medianoche y Auroras Boreales"},"content":{"rendered":"<p>[et_pb_section fb_built=\u00bb1&#8243; _builder_version=\u00bb4.9.0&#8243; background_image=\u00bbhttps:\/\/www.sunnysafari.fi\/wp-content\/uploads\/2021\/02\/Midnight-Sun-Aurora-Borealis.jpg\u00bb custom_padding=\u00bb0px||0px|||\u00bb hover_enabled=\u00bb0&#8243; title_text=\u00bbMidnight Sun &#038; Aurora Borealis\u00bb sticky_enabled=\u00bb0&#8243;][et_pb_row column_structure=\u00bb1_2,1_2&#8243; use_custom_gutter=\u00bbon\u00bb custom_padding_last_edited=\u00bbon|desktop\u00bb _builder_version=\u00bb3.26.3&#8243; width_tablet=\u00bb\u00bb width_phone=\u00bb100%\u00bb width_last_edited=\u00bbon|phone\u00bb custom_margin=\u00bb||||false|false\u00bb custom_padding=\u00bb0px||0px|||\u00bb custom_padding_tablet=\u00bb\u00bb custom_padding_phone=\u00bb\u00bb locked=\u00bboff\u00bb][et_pb_column type=\u00bb1_2&#8243; _builder_version=\u00bb3.26.3&#8243;][et_pb_text _builder_version=\u00bb4.9.0&#8243; text_text_color=\u00bb#ffffff\u00bb header_font=\u00bb|700|||||||\u00bb header_text_color=\u00bb#ffffff\u00bb header_font_size=\u00bb78px\u00bb header_4_font=\u00bb|700|||||||\u00bb header_4_text_color=\u00bb#ffffff\u00bb header_4_line_height=\u00bb1.3em\u00bb header_5_font=\u00bb|700|||||||\u00bb header_5_text_color=\u00bb#ffffff\u00bb header_5_line_height=\u00bb1.3em\u00bb header_6_font=\u00bb|300|||||||\u00bb header_6_text_color=\u00bb#ffffff\u00bb header_6_font_size=\u00bb16px\u00bb header_6_line_height=\u00bb1.3em\u00bb custom_padding=\u00bb25%|5%|25%|5%|false|false\u00bb custom_padding_tablet=\u00bb25%||0%||false|false\u00bb custom_padding_phone=\u00bb|7%||7%|false|false\u00bb custom_padding_last_edited=\u00bbon|phone\u00bb header_font_size_tablet=\u00bb52px\u00bb header_font_size_phone=\u00bb56px\u00bb header_font_size_last_edited=\u00bbon|tablet\u00bb header_4_font_size_tablet=\u00bb21px\u00bb header_4_font_size_phone=\u00bb18px\u00bb header_4_font_size_last_edited=\u00bbon|phone\u00bb header_text_shadow_style=\u00bbpreset1&#8243; header_4_text_shadow_style=\u00bbpreset1&#8243; background__hover_enabled=\u00bbon\u00bb]<\/p>\n<h1>Sol de Medianoche y Auroras Boreales<\/h1>\n<p>[\/et_pb_text][\/et_pb_column][et_pb_column type=\u00bb1_2&#8243; _builder_version=\u00bb3.26.3&#8243;][et_pb_text _builder_version=\u00bb4.7.1&#8243; text_text_color=\u00bb#ffffff\u00bb header_font=\u00bb|700|||||||\u00bb header_text_color=\u00bb#ffffff\u00bb header_font_size=\u00bb78px\u00bb header_4_font=\u00bb|700|||||||\u00bb header_4_text_color=\u00bb#ffffff\u00bb header_4_line_height=\u00bb1.3em\u00bb header_5_font=\u00bb|700|||||||\u00bb header_5_text_color=\u00bb#ffffff\u00bb header_5_line_height=\u00bb1.3em\u00bb header_6_font=\u00bb|300|||||||\u00bb header_6_text_color=\u00bb#ffffff\u00bb header_6_font_size=\u00bb16px\u00bb header_6_line_height=\u00bb1.3em\u00bb use_background_color_gradient=\u00bbon\u00bb background_color_gradient_start=\u00bbrgba(0,0,0,0)\u00bb background_color_gradient_end=\u00bbrgba(0,0,0,0.44)\u00bb background_color_gradient_end_position=\u00bb33%\u00bb custom_padding=\u00bb25%|5%|25%|5%|false|false\u00bb custom_padding_tablet=\u00bb0%||||false|false\u00bb custom_padding_phone=\u00bb|7%||7%|false|false\u00bb custom_padding_last_edited=\u00bbon|tablet\u00bb hover_enabled=\u00bb0&#8243; header_font_size_tablet=\u00bb52px\u00bb header_font_size_phone=\u00bb56px\u00bb header_font_size_last_edited=\u00bbon|tablet\u00bb header_4_font_size_tablet=\u00bb21px\u00bb header_4_font_size_phone=\u00bb18px\u00bb header_4_font_size_last_edited=\u00bbon|phone\u00bb header_text_shadow_style=\u00bbpreset1&#8243; header_4_text_shadow_style=\u00bbpreset1&#8243; background__hover_enabled=\u00bbon\u00bb sticky_enabled=\u00bb0&#8243;]<\/p>\n<h4>El Sol de Medianoche y las Auroras Boreales son los fen\u00f3menos naturales m\u00e1s m\u00e1gicos de las regiones \u00e1rticas.<\/h4>\n<p>La mejor \u00e9poca para disfrutar el Sol de Medianoche es de junio a julio. Tan pronto como vuelve la oscuridad a finales de agosto es posible ver la danza de la Aurora.[\/et_pb_text][\/et_pb_column][\/et_pb_row][\/et_pb_section][et_pb_section fb_built=\u00bb1&#8243; _builder_version=\u00bb3.26.3&#8243; custom_padding=\u00bb0%||2%||false|false\u00bb][et_pb_row custom_padding_last_edited=\u00bbon|phone\u00bb _builder_version=\u00bb3.26.3&#8243; custom_padding=\u00bb5%||2%||false|false\u00bb custom_padding_tablet=\u00bb\u00bb custom_padding_phone=\u00bb15%||5%||false|false\u00bb][et_pb_column type=\u00bb4_4&#8243; _builder_version=\u00bb3.26.3&#8243;][et_pb_code _builder_version=\u00bb3.26.3&#8243;]<div class=\"search-filter-results\" id=\"search-filter-results-7916\">\t<div class=\"post_count\">\n\t\tFound 5 Results<br \/>\n\tPage 1 of 1<br \/>\n<\/div>\n\t\n\t\n\t<div class=\"pagination\">\n\t\t\n\t\t<div class=\"nav-previous\"><\/div>\n\t\t<div class=\"nav-next\"><\/div>\n\t\t\t<\/div>\n\t<div class=\"clearfix\">\n\t\t\n\t\t\t\t\t\t\n<a href=\"https:\/\/www.sunnysafari.fi\/es\/sol-de-medianoche-parrilla-con-fuego-de-lena\/\" class=\"linkki\">\n\n\t\t<div class=\"one_post\">\n\t\t\t\n\n\n\t\t\t\n\t\t\t<div class=\"post_thumbnail\"><img loading=\"lazy\" decoding=\"async\" width=\"768\" height=\"432\" src=\"https:\/\/www.sunnysafari.fi\/wp-content\/uploads\/2021\/02\/Midnight-Sun-Wild-Picnic-by-Open-Fire-768x432.jpg\" class=\"attachment-medium_large size-medium_large wp-post-image\" alt=\"\" \/><\/div>\n\t\t\t<div class=\"text-content\">\n\t\t\n\t\t\t\n\t\t\t\t<h2 class=\"post_heading\">Sol de Medianoche &#038; Parrilla con Fuego de Le\u00f1a<\/h2>\n\t\t\t\n\t\n\n\t\t\t\t<div class=\"departure_time\">Duraci\u00f3n 4h<\/div>\n\n\t\t\t\t<div class=\"post_excerpt\">Disfrutas del sol de medianoche en un bosque \u00e1rtico tranquilo, fuera del pueblo. Pruebe un picnic tradicional sobre un fuego de le\u00f1a, \u00a1para hacer de esta experiencia un momento \u00fanico al estilo local !<\/div>\n\t\t\t\t\n\t\t\t\n\t\t\t<\/div>\t\t\n\t\t\t<p class=\"location\">Rovaniemi<\/p>\n\t\t\t\t<p class=\"price\">79<\/p>\n\n\t\t<\/div>\n\n\t\t<\/a>\n\t\t\t\t\t\t\t\n<a href=\"https:\/\/www.sunnysafari.fi\/es\/excursion-foto-bajo-el-sol-de-medianoche\/\" class=\"linkki\">\n\n\t\t<div class=\"one_post\">\n\t\t\t\n\n\n\t\t\t\n\t\t\t<div class=\"post_thumbnail\"><img loading=\"lazy\" decoding=\"async\" width=\"768\" height=\"432\" src=\"https:\/\/www.sunnysafari.fi\/wp-content\/uploads\/2021\/02\/Midnight-Sun-Photography-Trip-768x432.jpg\" class=\"attachment-medium_large size-medium_large wp-post-image\" alt=\"\" \/><\/div>\n\t\t\t<div class=\"text-content\">\n\t\t\n\t\t\t\n\t\t\t\t<h2 class=\"post_heading\">Excursi\u00f3n Fot\u00f3 bajo el Sol de Medianoche<\/h2>\n\t\t\t\n\t\n\n\t\t\t\t<div class=\"departure_time\">Duraci\u00f3n 3h<\/div>\n\n\t\t\t\t<div class=\"post_excerpt\">\u00a1El \u00fanico fen\u00f3meno del Sol de Medianoche y los incre\u00edbles pa\u00edsajes de la Laponia finlandesa ser\u00e1n capturados por nuestro fot\u00f3grafo profesional para que non olvides estos momentos maravillosos!<\/div>\n\t\t\t\t\n\t\t\t\n\t\t\t<\/div>\t\t\n\t\t\t<p class=\"location\">Rovaniemi<\/p>\n\t\t\t\t<p class=\"price\">89<\/p>\n\n\t\t<\/div>\n\n\t\t<\/a>\n\t\t\t\t\t\t\t\n<a href=\"https:\/\/www.sunnysafari.fi\/es\/senderismo-bajo-el-sol-de-medianoche-excursion-foto-en-el-canon-de-korouoma\/\" class=\"linkki\">\n\n\t\t<div class=\"one_post\">\n\t\t\t\n\n\n\t\t\t\n\t\t\t<div class=\"post_thumbnail\"><img loading=\"lazy\" decoding=\"async\" width=\"768\" height=\"432\" src=\"https:\/\/www.sunnysafari.fi\/wp-content\/uploads\/2021\/02\/Midnight-Sun-Hiking-Photography-Trip-to-Korouoma-Canyon-768x432.jpg\" class=\"attachment-medium_large size-medium_large wp-post-image\" alt=\"\" \/><\/div>\n\t\t\t<div class=\"text-content\">\n\t\t\n\t\t\t\n\t\t\t\t<h2 class=\"post_heading\">Senderismo bajo el Sol de Medianoche &#038; Excursi\u00f3n Foto en el Ca\u00f1on de Korouoma<\/h2>\n\t\t\t\n\t\n\n\t\t\t\t<div class=\"departure_time\">Duraci\u00f3n: 5,5h<\/div>\n\n\t\t\t\t<div class=\"post_excerpt\">Esta excursi\u00f3n incluye senderismo en el parque de Korouoma con nuestro fot\u00f3grafo profesional para capturar esos momentos bajo el sol de medianoche y sus incre\u00edbles colores.<\/div>\n\t\t\t\t\n\t\t\t\n\t\t\t<\/div>\t\t\n\t\t\t<p class=\"location\">Rovaniemi<\/p>\n\t\t\t\t<p class=\"price\">189<\/p>\n\n\t\t<\/div>\n\n\t\t<\/a>\n\t\t\t\t\t\t\t\n<a href=\"https:\/\/www.sunnysafari.fi\/es\/tour-auroras-boreales-otono\/\" class=\"linkki\">\n\n\t\t<div class=\"one_post\">\n\t\t\t\n\n\n\t\t\t\n\t\t\t<div class=\"post_thumbnail\"><img loading=\"lazy\" decoding=\"async\" width=\"768\" height=\"432\" src=\"https:\/\/www.sunnysafari.fi\/wp-content\/uploads\/2021\/02\/Aurora-Borealis-Trip-Autumn-768x432.jpg\" class=\"attachment-medium_large size-medium_large wp-post-image\" alt=\"\" \/><\/div>\n\t\t\t<div class=\"text-content\">\n\t\t\n\t\t\t\n\t\t\t\t<h2 class=\"post_heading\">Buscando las Auroras Boreales &#8211; Oto\u00f1o<\/h2>\n\t\t\t\n\t\n\n\t\t\t\t<div class=\"departure_time\">Duraci\u00f3n 3h<\/div>\n\n\t\t\t\t<div class=\"post_excerpt\">No es f\u00e1cil buscar las auroras pero nuestro gu\u00eda experimentado sabe d\u00f3nde son los mejores lugares para que se puede contemplar este espect\u00e1culo de luces \u00fanicas.<\/div>\n\t\t\t\t\n\t\t\t\n\t\t\t<\/div>\t\t\n\t\t\t<p class=\"location\">Rovaniemi<\/p>\n\t\t\t\t<p class=\"price\">79<\/p>\n\n\t\t<\/div>\n\n\t\t<\/a>\n\t\t\t\t\t\t\t\n<a href=\"https:\/\/www.sunnysafari.fi\/es\/excursion-foto-bajo-las-auroras-otono\/\" class=\"linkki\">\n\n\t\t<div class=\"one_post\">\n\t\t\t\n\n\n\t\t\t\n\t\t\t<div class=\"post_thumbnail\"><img loading=\"lazy\" decoding=\"async\" width=\"768\" height=\"432\" src=\"https:\/\/www.sunnysafari.fi\/wp-content\/uploads\/2021\/02\/Aurora-Photography-Trip-Autumn-768x432.jpg\" class=\"attachment-medium_large size-medium_large wp-post-image\" alt=\"\" \/><\/div>\n\t\t\t<div class=\"text-content\">\n\t\t\n\t\t\t\n\t\t\t\t<h2 class=\"post_heading\">Excursi\u00f3n Fot\u00f3 bajo las Auroras &#8211; Oto\u00f1o<\/h2>\n\t\t\t\n\t\n\n\t\t\t\t<div class=\"departure_time\">Duraci\u00f3n 3h<\/div>\n\n\t\t\t\t<div class=\"post_excerpt\">Esa excursi\u00f3n de oto\u00f1o se enfoca en la fotograf\u00eda para capturar tus unicos momentos bajo las auroras y sus incre\u00edbles y estupendes colores.<\/div>\n\t\t\t\t\n\t\t\t\n\t\t\t<\/div>\t\t\n\t\t\t<p class=\"location\">Rovaniemi<\/p>\n\t\t\t\t<p class=\"price\"><\/p>\n\n\t\t<\/div>\n\n\t\t<\/a>\n\t\t\t\t<\/div>\n\n\t\n\t<div class=\"pagination\">\n\t\t\tPage 1 of 1<br \/>\n\n\t\t<div class=\"nav-previous\"><\/div>\n\t\t<div class=\"nav-next\"><\/div>\n\t\t\t<\/div>\n\t<\/div>[\/et_pb_code][\/et_pb_column][\/et_pb_row][\/et_pb_section]<\/p>\n","protected":false},"excerpt":{"rendered":"El Sol de Medianoche y las Auroras Boreales son fen\u00f3menos m\u00e1gicos que se producen en las areas \u00e1rticas.Puedes elijir entre nuestras numerosas propuestas !\r\n","protected":false},"author":1,"featured_media":16727,"parent":0,"menu_order":0,"comment_status":"closed","ping_status":"closed","template":"","meta":{"_et_pb_use_builder":"on","_et_pb_old_content":"","_et_gb_content_width":"","footnotes":""},"class_list":["post-7637","page","type-page","status-publish","has-post-thumbnail","hentry"],"yoast_head":"<!-- This site is optimized with the Yoast SEO plugin v26.8 - https:\/\/yoast.com\/product\/yoast-seo-wordpress\/ -->\n<title>Sol de Medianoche y Auroras Boreales &#8211; Sunny Safari &#8211; Las mejoras experiencias<\/title>\n<meta name=\"description\" content=\"El Sol de Medianoche y las Auroras Boreales son fen\u00f3menos m\u00e1gicos que se producen en las areas \u00e1rticas.Puedes elijir entre nuestras numerosas propuestas !\" \/>\n<meta name=\"robots\" content=\"index, follow, max-snippet:-1, max-image-preview:large, max-video-preview:-1\" \/>\n<link rel=\"canonical\" href=\"https:\/\/www.sunnysafari.fi\/es\/sol-de-medianoche-y-auroras-boreales\/\" \/>\n<meta property=\"og:locale\" content=\"es_ES\" \/>\n<meta property=\"og:type\" content=\"article\" \/>\n<meta property=\"og:title\" content=\"Sol de Medianoche y Auroras Boreales &#8211; Sunny Safari &#8211; Las mejoras experiencias\" \/>\n<meta property=\"og:description\" content=\"El Sol de Medianoche y las Auroras Boreales son fen\u00f3menos m\u00e1gicos que se producen en las areas \u00e1rticas.Puedes elijir entre nuestras numerosas propuestas !\" \/>\n<meta property=\"og:url\" content=\"https:\/\/www.sunnysafari.fi\/es\/sol-de-medianoche-y-auroras-boreales\/\" \/>\n<meta property=\"og:site_name\" content=\"Sunny Safari\" \/>\n<meta property=\"article:modified_time\" content=\"2021-02-17T10:27:49+00:00\" \/>\n<meta property=\"og:image\" content=\"https:\/\/www.sunnysafari.fi\/wp-content\/uploads\/2021\/02\/Midnight-Sun-Aurora-Borealis.jpg\" \/>\n\t<meta property=\"og:image:width\" content=\"1920\" \/>\n\t<meta property=\"og:image:height\" content=\"799\" \/>\n\t<meta property=\"og:image:type\" content=\"image\/jpeg\" \/>\n<meta name=\"twitter:card\" content=\"summary_large_image\" \/>\n<meta name=\"twitter:label1\" content=\"Tiempo de lectura\" \/>\n\t<meta name=\"twitter:data1\" content=\"2 minutos\" \/>\n<script type=\"application\/ld+json\" class=\"yoast-schema-graph\">{\"@context\":\"https:\/\/schema.org\",\"@graph\":[{\"@type\":\"WebPage\",\"@id\":\"https:\/\/www.sunnysafari.fi\/es\/sol-de-medianoche-y-auroras-boreales\/\",\"url\":\"https:\/\/www.sunnysafari.fi\/es\/sol-de-medianoche-y-auroras-boreales\/\",\"name\":\"Sol de Medianoche y Auroras Boreales &#8211; Sunny Safari &#8211; Las mejoras experiencias\",\"isPartOf\":{\"@id\":\"https:\/\/www.sunnysafari.fi\/fr\/#website\"},\"primaryImageOfPage\":{\"@id\":\"https:\/\/www.sunnysafari.fi\/es\/sol-de-medianoche-y-auroras-boreales\/#primaryimage\"},\"image\":{\"@id\":\"https:\/\/www.sunnysafari.fi\/es\/sol-de-medianoche-y-auroras-boreales\/#primaryimage\"},\"thumbnailUrl\":\"https:\/\/www.sunnysafari.fi\/wp-content\/uploads\/2021\/02\/Midnight-Sun-Aurora-Borealis.jpg\",\"datePublished\":\"2020-03-25T09:10:05+00:00\",\"dateModified\":\"2021-02-17T10:27:49+00:00\",\"description\":\"El Sol de Medianoche y las Auroras Boreales son fen\u00f3menos m\u00e1gicos que se producen en las areas \u00e1rticas.Puedes elijir entre nuestras numerosas propuestas !\",\"breadcrumb\":{\"@id\":\"https:\/\/www.sunnysafari.fi\/es\/sol-de-medianoche-y-auroras-boreales\/#breadcrumb\"},\"inLanguage\":\"es\",\"potentialAction\":[{\"@type\":\"ReadAction\",\"target\":[\"https:\/\/www.sunnysafari.fi\/es\/sol-de-medianoche-y-auroras-boreales\/\"]}]},{\"@type\":\"ImageObject\",\"inLanguage\":\"es\",\"@id\":\"https:\/\/www.sunnysafari.fi\/es\/sol-de-medianoche-y-auroras-boreales\/#primaryimage\",\"url\":\"https:\/\/www.sunnysafari.fi\/wp-content\/uploads\/2021\/02\/Midnight-Sun-Aurora-Borealis.jpg\",\"contentUrl\":\"https:\/\/www.sunnysafari.fi\/wp-content\/uploads\/2021\/02\/Midnight-Sun-Aurora-Borealis.jpg\",\"width\":1920,\"height\":799},{\"@type\":\"BreadcrumbList\",\"@id\":\"https:\/\/www.sunnysafari.fi\/es\/sol-de-medianoche-y-auroras-boreales\/#breadcrumb\",\"itemListElement\":[{\"@type\":\"ListItem\",\"position\":1,\"name\":\"Home\",\"item\":\"https:\/\/www.sunnysafari.fi\/es\/\"},{\"@type\":\"ListItem\",\"position\":2,\"name\":\"Sol de Medianoche y Auroras Boreales\"}]},{\"@type\":\"WebSite\",\"@id\":\"https:\/\/www.sunnysafari.fi\/fr\/#website\",\"url\":\"https:\/\/www.sunnysafari.fi\/fr\/\",\"name\":\"Sunny Safari\",\"description\":\"Safari activities provider in Lapland\",\"publisher\":{\"@id\":\"https:\/\/www.sunnysafari.fi\/fr\/#organization\"},\"potentialAction\":[{\"@type\":\"SearchAction\",\"target\":{\"@type\":\"EntryPoint\",\"urlTemplate\":\"https:\/\/www.sunnysafari.fi\/fr\/?s={search_term_string}\"},\"query-input\":{\"@type\":\"PropertyValueSpecification\",\"valueRequired\":true,\"valueName\":\"search_term_string\"}}],\"inLanguage\":\"es\"},{\"@type\":\"Organization\",\"@id\":\"https:\/\/www.sunnysafari.fi\/fr\/#organization\",\"name\":\"Sunny Safari Oy\",\"url\":\"https:\/\/www.sunnysafari.fi\/fr\/\",\"logo\":{\"@type\":\"ImageObject\",\"inLanguage\":\"es\",\"@id\":\"https:\/\/www.sunnysafari.fi\/fr\/#\/schema\/logo\/image\/\",\"url\":\"https:\/\/www.sunnysafari.fi\/wp-content\/uploads\/2019\/08\/SunnySafari_logo_111-33.png\",\"contentUrl\":\"https:\/\/www.sunnysafari.fi\/wp-content\/uploads\/2019\/08\/SunnySafari_logo_111-33.png\",\"width\":306,\"height\":311,\"caption\":\"Sunny Safari Oy\"},\"image\":{\"@id\":\"https:\/\/www.sunnysafari.fi\/fr\/#\/schema\/logo\/image\/\"}}]}<\/script>\n<!-- \/ Yoast SEO plugin. -->","yoast_head_json":{"title":"Sol de Medianoche y Auroras Boreales &#8211; Sunny Safari &#8211; Las mejoras experiencias","description":"El Sol de Medianoche y las Auroras Boreales son fen\u00f3menos m\u00e1gicos que se producen en las areas \u00e1rticas.Puedes elijir entre nuestras numerosas propuestas !","robots":{"index":"index","follow":"follow","max-snippet":"max-snippet:-1","max-image-preview":"max-image-preview:large","max-video-preview":"max-video-preview:-1"},"canonical":"https:\/\/www.sunnysafari.fi\/es\/sol-de-medianoche-y-auroras-boreales\/","og_locale":"es_ES","og_type":"article","og_title":"Sol de Medianoche y Auroras Boreales &#8211; Sunny Safari &#8211; Las mejoras experiencias","og_description":"El Sol de Medianoche y las Auroras Boreales son fen\u00f3menos m\u00e1gicos que se producen en las areas \u00e1rticas.Puedes elijir entre nuestras numerosas propuestas !","og_url":"https:\/\/www.sunnysafari.fi\/es\/sol-de-medianoche-y-auroras-boreales\/","og_site_name":"Sunny Safari","article_modified_time":"2021-02-17T10:27:49+00:00","og_image":[{"width":1920,"height":799,"url":"https:\/\/www.sunnysafari.fi\/wp-content\/uploads\/2021\/02\/Midnight-Sun-Aurora-Borealis.jpg","type":"image\/jpeg"}],"twitter_card":"summary_large_image","twitter_misc":{"Tiempo de lectura":"2 minutos"},"schema":{"@context":"https:\/\/schema.org","@graph":[{"@type":"WebPage","@id":"https:\/\/www.sunnysafari.fi\/es\/sol-de-medianoche-y-auroras-boreales\/","url":"https:\/\/www.sunnysafari.fi\/es\/sol-de-medianoche-y-auroras-boreales\/","name":"Sol de Medianoche y Auroras Boreales &#8211; Sunny Safari &#8211; Las mejoras experiencias","isPartOf":{"@id":"https:\/\/www.sunnysafari.fi\/fr\/#website"},"primaryImageOfPage":{"@id":"https:\/\/www.sunnysafari.fi\/es\/sol-de-medianoche-y-auroras-boreales\/#primaryimage"},"image":{"@id":"https:\/\/www.sunnysafari.fi\/es\/sol-de-medianoche-y-auroras-boreales\/#primaryimage"},"thumbnailUrl":"https:\/\/www.sunnysafari.fi\/wp-content\/uploads\/2021\/02\/Midnight-Sun-Aurora-Borealis.jpg","datePublished":"2020-03-25T09:10:05+00:00","dateModified":"2021-02-17T10:27:49+00:00","description":"El Sol de Medianoche y las Auroras Boreales son fen\u00f3menos m\u00e1gicos que se producen en las areas \u00e1rticas.Puedes elijir entre nuestras numerosas propuestas !","breadcrumb":{"@id":"https:\/\/www.sunnysafari.fi\/es\/sol-de-medianoche-y-auroras-boreales\/#breadcrumb"},"inLanguage":"es","potentialAction":[{"@type":"ReadAction","target":["https:\/\/www.sunnysafari.fi\/es\/sol-de-medianoche-y-auroras-boreales\/"]}]},{"@type":"ImageObject","inLanguage":"es","@id":"https:\/\/www.sunnysafari.fi\/es\/sol-de-medianoche-y-auroras-boreales\/#primaryimage","url":"https:\/\/www.sunnysafari.fi\/wp-content\/uploads\/2021\/02\/Midnight-Sun-Aurora-Borealis.jpg","contentUrl":"https:\/\/www.sunnysafari.fi\/wp-content\/uploads\/2021\/02\/Midnight-Sun-Aurora-Borealis.jpg","width":1920,"height":799},{"@type":"BreadcrumbList","@id":"https:\/\/www.sunnysafari.fi\/es\/sol-de-medianoche-y-auroras-boreales\/#breadcrumb","itemListElement":[{"@type":"ListItem","position":1,"name":"Home","item":"https:\/\/www.sunnysafari.fi\/es\/"},{"@type":"ListItem","position":2,"name":"Sol de Medianoche y Auroras Boreales"}]},{"@type":"WebSite","@id":"https:\/\/www.sunnysafari.fi\/fr\/#website","url":"https:\/\/www.sunnysafari.fi\/fr\/","name":"Sunny Safari","description":"Safari activities provider in Lapland","publisher":{"@id":"https:\/\/www.sunnysafari.fi\/fr\/#organization"},"potentialAction":[{"@type":"SearchAction","target":{"@type":"EntryPoint","urlTemplate":"https:\/\/www.sunnysafari.fi\/fr\/?s={search_term_string}"},"query-input":{"@type":"PropertyValueSpecification","valueRequired":true,"valueName":"search_term_string"}}],"inLanguage":"es"},{"@type":"Organization","@id":"https:\/\/www.sunnysafari.fi\/fr\/#organization","name":"Sunny Safari Oy","url":"https:\/\/www.sunnysafari.fi\/fr\/","logo":{"@type":"ImageObject","inLanguage":"es","@id":"https:\/\/www.sunnysafari.fi\/fr\/#\/schema\/logo\/image\/","url":"https:\/\/www.sunnysafari.fi\/wp-content\/uploads\/2019\/08\/SunnySafari_logo_111-33.png","contentUrl":"https:\/\/www.sunnysafari.fi\/wp-content\/uploads\/2019\/08\/SunnySafari_logo_111-33.png","width":306,"height":311,"caption":"Sunny Safari Oy"},"image":{"@id":"https:\/\/www.sunnysafari.fi\/fr\/#\/schema\/logo\/image\/"}}]}},"_links":{"self":[{"href":"https:\/\/www.sunnysafari.fi\/es\/wp-json\/wp\/v2\/pages\/7637","targetHints":{"allow":["GET"]}}],"collection":[{"href":"https:\/\/www.sunnysafari.fi\/es\/wp-json\/wp\/v2\/pages"}],"about":[{"href":"https:\/\/www.sunnysafari.fi\/es\/wp-json\/wp\/v2\/types\/page"}],"author":[{"embeddable":true,"href":"https:\/\/www.sunnysafari.fi\/es\/wp-json\/wp\/v2\/users\/1"}],"replies":[{"embeddable":true,"href":"https:\/\/www.sunnysafari.fi\/es\/wp-json\/wp\/v2\/comments?post=7637"}],"version-history":[{"count":8,"href":"https:\/\/www.sunnysafari.fi\/es\/wp-json\/wp\/v2\/pages\/7637\/revisions"}],"predecessor-version":[{"id":16811,"href":"https:\/\/www.sunnysafari.fi\/es\/wp-json\/wp\/v2\/pages\/7637\/revisions\/16811"}],"wp:featuredmedia":[{"embeddable":true,"href":"https:\/\/www.sunnysafari.fi\/es\/wp-json\/wp\/v2\/media\/16727"}],"wp:attachment":[{"href":"https:\/\/www.sunnysafari.fi\/es\/wp-json\/wp\/v2\/media?parent=7637"}],"curies":[{"name":"wp","href":"https:\/\/api.w.org\/{rel}","templated":true}]}}