{"id":7603,"date":"2020-03-25T08:13:24","date_gmt":"2020-03-25T08:13:24","guid":{"rendered":"https:\/\/www.sunnysafari.fi\/huskies-y-renos\/"},"modified":"2021-02-10T09:18:47","modified_gmt":"2021-02-10T09:18:47","slug":"huskies-y-renos","status":"publish","type":"page","link":"https:\/\/www.sunnysafari.fi\/es\/huskies-y-renos\/","title":{"rendered":"Huskies y Renos"},"content":{"rendered":"<p>[et_pb_section fb_built=\u00bb1&#8243; _builder_version=\u00bb4.8.2&#8243; background_image=\u00bbhttps:\/\/www.sunnysafari.fi\/wp-content\/uploads\/2021\/02\/HuskyReindeer.jpg\u00bb custom_padding=\u00bb0px||0px|||\u00bb hover_enabled=\u00bb0&#8243; title_text=\u00bbHusky&#038;Reindeer\u00bb sticky_enabled=\u00bb0&#8243;][et_pb_row column_structure=\u00bb1_2,1_2&#8243; use_custom_gutter=\u00bbon\u00bb custom_padding_last_edited=\u00bbon|desktop\u00bb _builder_version=\u00bb3.26.3&#8243; width_tablet=\u00bb\u00bb width_phone=\u00bb100%\u00bb width_last_edited=\u00bbon|phone\u00bb custom_margin=\u00bb||||false|false\u00bb custom_padding=\u00bb0px||0px|||\u00bb custom_padding_tablet=\u00bb\u00bb custom_padding_phone=\u00bb\u00bb][et_pb_column type=\u00bb1_2&#8243; _builder_version=\u00bb3.26.3&#8243;][et_pb_text _builder_version=\u00bb3.27.4&#8243; text_text_color=\u00bb#ffffff\u00bb header_font=\u00bb|700|||||||\u00bb header_text_color=\u00bb#ffffff\u00bb header_font_size=\u00bb78px\u00bb header_4_font=\u00bb|700|||||||\u00bb header_4_text_color=\u00bb#ffffff\u00bb header_4_line_height=\u00bb1.3em\u00bb header_5_font=\u00bb|700|||||||\u00bb header_5_text_color=\u00bb#ffffff\u00bb header_5_line_height=\u00bb1.3em\u00bb header_6_font=\u00bb|300|||||||\u00bb header_6_text_color=\u00bb#ffffff\u00bb header_6_font_size=\u00bb16px\u00bb header_6_line_height=\u00bb1.3em\u00bb custom_padding=\u00bb25%|5%|25%|5%|false|false\u00bb custom_padding_tablet=\u00bb25%||0%||false|false\u00bb custom_padding_phone=\u00bb|7%||7%|false|false\u00bb custom_padding_last_edited=\u00bbon|phone\u00bb header_font_size_tablet=\u00bb52px\u00bb header_font_size_phone=\u00bb56px\u00bb header_font_size_last_edited=\u00bbon|tablet\u00bb header_4_font_size_tablet=\u00bb21px\u00bb header_4_font_size_phone=\u00bb18px\u00bb header_4_font_size_last_edited=\u00bbon|phone\u00bb header_text_shadow_style=\u00bbpreset1&#8243; header_4_text_shadow_style=\u00bbpreset1&#8243; background__hover_enabled=\u00bbon\u00bb]<\/p>\n<h1>Huskies y Renos<\/h1>\n<p>[\/et_pb_text][\/et_pb_column][et_pb_column type=\u00bb1_2&#8243; _builder_version=\u00bb3.26.3&#8243;][et_pb_text _builder_version=\u00bb3.27.4&#8243; text_text_color=\u00bb#ffffff\u00bb header_font=\u00bb|700|||||||\u00bb header_text_color=\u00bb#ffffff\u00bb header_font_size=\u00bb78px\u00bb header_4_font=\u00bb|700|||||||\u00bb header_4_text_color=\u00bb#ffffff\u00bb header_4_line_height=\u00bb1.3em\u00bb header_5_font=\u00bb|700|||||||\u00bb header_5_text_color=\u00bb#ffffff\u00bb header_5_line_height=\u00bb1.3em\u00bb header_6_font=\u00bb|300|||||||\u00bb header_6_text_color=\u00bb#ffffff\u00bb header_6_font_size=\u00bb16px\u00bb header_6_line_height=\u00bb1.3em\u00bb use_background_color_gradient=\u00bbon\u00bb background_color_gradient_start=\u00bbrgba(0,0,0,0)\u00bb background_color_gradient_end=\u00bbrgba(0,0,0,0.44)\u00bb background_color_gradient_end_position=\u00bb33%\u00bb custom_padding=\u00bb25%|5%|25%|5%|false|false\u00bb custom_padding_tablet=\u00bb0%||||false|false\u00bb custom_padding_phone=\u00bb|7%||7%|false|false\u00bb custom_padding_last_edited=\u00bbon|tablet\u00bb header_font_size_tablet=\u00bb52px\u00bb header_font_size_phone=\u00bb56px\u00bb header_font_size_last_edited=\u00bbon|tablet\u00bb header_4_font_size_tablet=\u00bb21px\u00bb header_4_font_size_phone=\u00bb18px\u00bb header_4_font_size_last_edited=\u00bbon|phone\u00bb header_text_shadow_style=\u00bbpreset1&#8243; header_4_text_shadow_style=\u00bbpreset1&#8243; background__hover_enabled=\u00bbon\u00bb]<\/p>\n<h4>Los huskies (o perros esquimales) y los renos son los socios de trabajo m\u00e1s importantes para los habitantes del \u00c1rtico desde hace mucho tiempo. Visitar y conocer a esos adorables animales y montar en un trineo tirado por ellos son recuerdos inolvidables.<\/h4>\n<p>&nbsp;<\/p>\n<p>&nbsp;<\/p>\n<p>&nbsp;[\/et_pb_text][\/et_pb_column][\/et_pb_row][\/et_pb_section][et_pb_section fb_built=\u00bb1&#8243; _builder_version=\u00bb3.26.3&#8243; custom_padding=\u00bb0%||2%||false|false\u00bb][et_pb_row custom_padding_last_edited=\u00bbon|phone\u00bb _builder_version=\u00bb3.26.3&#8243; custom_padding=\u00bb5%||2%||false|false\u00bb custom_padding_tablet=\u00bb\u00bb custom_padding_phone=\u00bb15%||5%||false|false\u00bb][et_pb_column type=\u00bb4_4&#8243; _builder_version=\u00bb3.26.3&#8243;][et_pb_code _builder_version=\u00bb4.7.1&#8243; locked=\u00bboff\u00bb]<div class=\"search-filter-results\" id=\"search-filter-results-8861\">\t<div class=\"post_count\">\n\t\tFound 5 Results<br \/>\n\tPage 1 of 1<br \/>\n<\/div>\n\t\n\t\n\t<div class=\"pagination\">\n\t\t\n\t\t<div class=\"nav-previous\"><\/div>\n\t\t<div class=\"nav-next\"><\/div>\n\t\t\t<\/div>\n\t<div class=\"clearfix\">\n\t\t\n\t\t\t\t\t\t\n<a href=\"https:\/\/www.sunnysafari.fi\/es\/visita-de-un-pastoreo-de-renos-paseo-en-trineo\/\" class=\"linkki\">\n\n\t\t<div class=\"one_post\">\n\t\t\t\n\n\n\t\t\t\n\t\t\t<div class=\"post_thumbnail\"><img loading=\"lazy\" decoding=\"async\" width=\"768\" height=\"432\" src=\"https:\/\/www.sunnysafari.fi\/wp-content\/uploads\/2021\/02\/Reindeer-Farm-Visit-Short-Sled-Ride-768x432.jpg\" class=\"attachment-medium_large size-medium_large wp-post-image\" alt=\"\" \/><\/div>\n\t\t\t<div class=\"text-content\">\n\t\t\n\t\t\t\n\t\t\t\t<h2 class=\"post_heading\">Visita de un Pastoreo de Renos &#038; Paseo en Trineo<\/h2>\n\t\t\t\n\t\n\n\t\t\t\t<div class=\"departure_time\">Duraci\u00f3n 2.5h<\/div>\n\n\t\t\t\t<div class=\"post_excerpt\">\u00a1Encuentras a los animales los m\u00e1s s\u00edmbolicos de la Laponia en un pastoreo tradicional de renos y disfrutas de un paseo en trineo tirado por t\u00fas nuevos amigos!<\/div>\n\t\t\t\t\n\t\t\t\n\t\t\t<\/div>\t\t\n\t\t\t<p class=\"location\">Rovaniemi<\/p>\n\t\t\t\t<p class=\"price\">95<\/p>\n\n\t\t<\/div>\n\n\t\t<\/a>\n\t\t\t\t\t\t\t\n<a href=\"https:\/\/www.sunnysafari.fi\/es\/excursion-en-trineo-tirado-por-renos-en-el-artico\/\" class=\"linkki\">\n\n\t\t<div class=\"one_post\">\n\t\t\t\n\n\n\t\t\t\n\t\t\t<div class=\"post_thumbnail\"><img loading=\"lazy\" decoding=\"async\" width=\"768\" height=\"432\" src=\"https:\/\/www.sunnysafari.fi\/wp-content\/uploads\/2021\/02\/Reindeer-Safari-in-Arctic-Wilderness-768x432.jpg\" class=\"attachment-medium_large size-medium_large wp-post-image\" alt=\"\" \/><\/div>\n\t\t\t<div class=\"text-content\">\n\t\t\n\t\t\t\n\t\t\t\t<h2 class=\"post_heading\">Excursi\u00f3n en Trineo Tirado por Renos en el \u00c1rtico<\/h2>\n\t\t\t\n\t\n\n\t\t\t\t<div class=\"departure_time\">Duraci\u00f3n 3h<\/div>\n\n\t\t\t\t<div class=\"post_excerpt\">Descubres los incre\u00edbles paisajes que componen la naturaleza \u00e1rtica durante este paseo en trineo tirado por los animales de Laponia los m\u00e1s impresionantes. Todo envuelto en mantas en piel de renos, podr\u00e1s disfrutar plenamente de esta excursi\u00f3n en inmersi\u00f3n alrededor del C\u00edrculo Polar \u00c1rtico<\/div>\n\t\t\t\t\n\t\t\t\n\t\t\t<\/div>\t\t\n\t\t\t<p class=\"location\">Rovaniemi<\/p>\n\t\t\t\t<p class=\"price\">189<\/p>\n\n\t\t<\/div>\n\n\t\t<\/a>\n\t\t\t\t\t\t\t\n<a href=\"https:\/\/www.sunnysafari.fi\/es\/bienvenidos-en-el-circulo-polar-artico-invierno\/\" class=\"linkki\">\n\n\t\t<div class=\"one_post\">\n\t\t\t\n\n\n\t\t\t\n\t\t\t<div class=\"post_thumbnail\"><img loading=\"lazy\" decoding=\"async\" width=\"768\" height=\"432\" src=\"https:\/\/www.sunnysafari.fi\/wp-content\/uploads\/2021\/02\/Welcome-to-the-Arctic-Circle-Winter-768x432.jpg\" class=\"attachment-medium_large size-medium_large wp-post-image\" alt=\"\" \/><\/div>\n\t\t\t<div class=\"text-content\">\n\t\t\n\t\t\t\n\t\t\t\t<h2 class=\"post_heading\">Bienvenidos en el C\u00edrculo Polar \u00c1rtico &#8211; Invierno<\/h2>\n\t\t\t\n\t\n\n\t\t\t\t<div class=\"departure_time\">Duraci\u00f3n 7h<\/div>\n\n\t\t\t\t<div class=\"post_excerpt\">Descubre la capital de Laponia, Rovaniemi, con esta excursi\u00f3n de un d\u00eda alrededor del C\u00edrculo Polar \u00c1rtico.<\/div>\n\t\t\t\t\n\t\t\t\n\t\t\t<\/div>\t\t\n\t\t\t<p class=\"location\">Rovaniemi<\/p>\n\t\t\t\t<p class=\"price\">239<\/p>\n\n\t\t<\/div>\n\n\t\t<\/a>\n\t\t\t\t\t\t\t\n<a href=\"https:\/\/www.sunnysafari.fi\/es\/el-top-3-de-nuestras-excursiones-dia-completo-de-excursion\/\" class=\"linkki\">\n\n\t\t<div class=\"one_post\">\n\t\t\t\n\n\n\t\t\t\n\t\t\t<div class=\"post_thumbnail\"><img loading=\"lazy\" decoding=\"async\" width=\"768\" height=\"432\" src=\"https:\/\/www.sunnysafari.fi\/wp-content\/uploads\/2021\/02\/Combination-of-Top-Three-\u2013-One-Day-Tour-768x432.jpg\" class=\"attachment-medium_large size-medium_large wp-post-image\" alt=\"\" srcset=\"https:\/\/www.sunnysafari.fi\/wp-content\/uploads\/2021\/02\/Combination-of-Top-Three-\u2013-One-Day-Tour-768x432.jpg 768w, https:\/\/www.sunnysafari.fi\/wp-content\/uploads\/2021\/02\/Combination-of-Top-Three-\u2013-One-Day-Tour-300x169.jpg 300w, https:\/\/www.sunnysafari.fi\/wp-content\/uploads\/2021\/02\/Combination-of-Top-Three-\u2013-One-Day-Tour-1024x576.jpg 1024w, https:\/\/www.sunnysafari.fi\/wp-content\/uploads\/2021\/02\/Combination-of-Top-Three-\u2013-One-Day-Tour-1536x864.jpg 1536w, https:\/\/www.sunnysafari.fi\/wp-content\/uploads\/2021\/02\/Combination-of-Top-Three-\u2013-One-Day-Tour-1080x608.jpg 1080w, https:\/\/www.sunnysafari.fi\/wp-content\/uploads\/2021\/02\/Combination-of-Top-Three-\u2013-One-Day-Tour-1280x720.jpg 1280w, https:\/\/www.sunnysafari.fi\/wp-content\/uploads\/2021\/02\/Combination-of-Top-Three-\u2013-One-Day-Tour-980x551.jpg 980w, https:\/\/www.sunnysafari.fi\/wp-content\/uploads\/2021\/02\/Combination-of-Top-Three-\u2013-One-Day-Tour-480x270.jpg 480w, https:\/\/www.sunnysafari.fi\/wp-content\/uploads\/2021\/02\/Combination-of-Top-Three-\u2013-One-Day-Tour.jpg 1920w\" sizes=\"(max-width: 768px) 100vw, 768px\" \/><\/div>\n\t\t\t<div class=\"text-content\">\n\t\t\n\t\t\t\n\t\t\t\t<h2 class=\"post_heading\">El Top 3 de nuestras Excursiones &#8211; D\u00eda Completo de Excursi\u00f3n<\/h2>\n\t\t\t\n\t\n\n\t\t\t\t<div class=\"departure_time\">Duraci\u00f3n 6.5h<\/div>\n\n\t\t\t\t<div class=\"post_excerpt\">Descubres la Laponia por sus mejores actividades : \u00a1safari en motonieve, safari de huskys y tambi\u00e9n de renos para un d\u00eda inolvidable!<\/div>\n\t\t\t\t\n\t\t\t\n\t\t\t<\/div>\t\t\n\t\t\t<p class=\"location\">Rovaniemi<\/p>\n\t\t\t\t<p class=\"price\">249<\/p>\n\n\t\t<\/div>\n\n\t\t<\/a>\n\t\t\t\t\t\t\t\n<a href=\"https:\/\/www.sunnysafari.fi\/es\/un-dia-lleno-de-aventuras-dia-completo-de-excursion\/\" class=\"linkki\">\n\n\t\t<div class=\"one_post\">\n\t\t\t\n\n\n\t\t\t\n\t\t\t<div class=\"post_thumbnail\"><img loading=\"lazy\" decoding=\"async\" width=\"768\" height=\"432\" src=\"https:\/\/www.sunnysafari.fi\/wp-content\/uploads\/2021\/02\/Day-Full-of-Adventures-768x432.jpg\" class=\"attachment-medium_large size-medium_large wp-post-image\" alt=\"\" \/><\/div>\n\t\t\t<div class=\"text-content\">\n\t\t\n\t\t\t\n\t\t\t\t<h2 class=\"post_heading\">Un D\u00eda Lleno de Aventuras &#8211; D\u00eda Completo de Excursi\u00f3n<\/h2>\n\t\t\t\n\t\n\n\t\t\t\t<div class=\"departure_time\">Duraci\u00f3n 8h<\/div>\n\n\t\t\t\t<div class=\"post_excerpt\">Disfruta de la magia de la Laponia en invierno y pruebe las mejores actividades : excursi\u00f3n en motonieve, encuentro con renos y huskys, tambi\u00e9n con Pap\u00e1 Noel : \u00a1vas a vivir una aventura inolvidable! <\/div>\n\t\t\t\t\n\t\t\t\n\t\t\t<\/div>\t\t\n\t\t\t<p class=\"location\">Rovaniemi<\/p>\n\t\t\t\t<p class=\"price\">339<\/p>\n\n\t\t<\/div>\n\n\t\t<\/a>\n\t\t\t\t<\/div>\n\n\t\n\t<div class=\"pagination\">\n\t\t\tPage 1 of 1<br \/>\n\n\t\t<div class=\"nav-previous\"><\/div>\n\t\t<div class=\"nav-next\"><\/div>\n\t\t\t<\/div>\n\t<\/div>[\/et_pb_code][\/et_pb_column][\/et_pb_row][\/et_pb_section]<\/p>\n","protected":false},"excerpt":{"rendered":"Los huskies y los renos son animales de gran importanc\u00eda para los habitantes del \u00c1rtico. Visita y conoce a esos adorables animales y disfruta de un paseo en un trineo tirado por ellos para un recuerdo inolvidable.\r\n","protected":false},"author":1,"featured_media":15677,"parent":0,"menu_order":0,"comment_status":"closed","ping_status":"closed","template":"","meta":{"_et_pb_use_builder":"on","_et_pb_old_content":"","_et_gb_content_width":"","footnotes":""},"class_list":["post-7603","page","type-page","status-publish","has-post-thumbnail","hentry"],"yoast_head":"<!-- This site is optimized with the Yoast SEO plugin v26.8 - https:\/\/yoast.com\/product\/yoast-seo-wordpress\/ -->\n<title>Huskies y Renos &#8211; Sunny Safari - Experiencia la naturaleza de Laponia<\/title>\n<meta name=\"description\" content=\"Los huskies y los renos son animales de gran importanc\u00eda para los habitantes del \u00c1rtico. Visita y conoce a esos adorables animales y disfruta de un paseo en un trineo tirado por ellos para un recuerdo inolvidable.\" \/>\n<meta name=\"robots\" content=\"index, follow, max-snippet:-1, max-image-preview:large, max-video-preview:-1\" \/>\n<link rel=\"canonical\" href=\"https:\/\/www.sunnysafari.fi\/es\/huskies-y-renos\/\" \/>\n<meta property=\"og:locale\" content=\"es_ES\" \/>\n<meta property=\"og:type\" content=\"article\" \/>\n<meta property=\"og:title\" content=\"Huskies y Renos &#8211; Sunny Safari - Experiencia la naturaleza de Laponia\" \/>\n<meta property=\"og:description\" content=\"Los huskies y los renos son animales de gran importanc\u00eda para los habitantes del \u00c1rtico. Visita y conoce a esos adorables animales y disfruta de un paseo en un trineo tirado por ellos para un recuerdo inolvidable.\" \/>\n<meta property=\"og:url\" content=\"https:\/\/www.sunnysafari.fi\/es\/huskies-y-renos\/\" \/>\n<meta property=\"og:site_name\" content=\"Sunny Safari\" \/>\n<meta property=\"article:modified_time\" content=\"2021-02-10T09:18:47+00:00\" \/>\n<meta property=\"og:image\" content=\"https:\/\/www.sunnysafari.fi\/wp-content\/uploads\/2021\/02\/HuskyReindeer.jpg\" \/>\n\t<meta property=\"og:image:width\" content=\"1920\" \/>\n\t<meta property=\"og:image:height\" content=\"799\" \/>\n\t<meta property=\"og:image:type\" content=\"image\/jpeg\" \/>\n<meta name=\"twitter:card\" content=\"summary_large_image\" \/>\n<meta name=\"twitter:label1\" content=\"Tiempo de lectura\" \/>\n\t<meta name=\"twitter:data1\" content=\"2 minutos\" \/>\n<script type=\"application\/ld+json\" class=\"yoast-schema-graph\">{\"@context\":\"https:\/\/schema.org\",\"@graph\":[{\"@type\":\"WebPage\",\"@id\":\"https:\/\/www.sunnysafari.fi\/es\/huskies-y-renos\/\",\"url\":\"https:\/\/www.sunnysafari.fi\/es\/huskies-y-renos\/\",\"name\":\"Huskies y Renos &#8211; Sunny Safari - Experiencia la naturaleza de Laponia\",\"isPartOf\":{\"@id\":\"https:\/\/www.sunnysafari.fi\/fr\/#website\"},\"primaryImageOfPage\":{\"@id\":\"https:\/\/www.sunnysafari.fi\/es\/huskies-y-renos\/#primaryimage\"},\"image\":{\"@id\":\"https:\/\/www.sunnysafari.fi\/es\/huskies-y-renos\/#primaryimage\"},\"thumbnailUrl\":\"https:\/\/www.sunnysafari.fi\/wp-content\/uploads\/2021\/02\/HuskyReindeer.jpg\",\"datePublished\":\"2020-03-25T08:13:24+00:00\",\"dateModified\":\"2021-02-10T09:18:47+00:00\",\"description\":\"Los huskies y los renos son animales de gran importanc\u00eda para los habitantes del \u00c1rtico. Visita y conoce a esos adorables animales y disfruta de un paseo en un trineo tirado por ellos para un recuerdo inolvidable.\",\"breadcrumb\":{\"@id\":\"https:\/\/www.sunnysafari.fi\/es\/huskies-y-renos\/#breadcrumb\"},\"inLanguage\":\"es\",\"potentialAction\":[{\"@type\":\"ReadAction\",\"target\":[\"https:\/\/www.sunnysafari.fi\/es\/huskies-y-renos\/\"]}]},{\"@type\":\"ImageObject\",\"inLanguage\":\"es\",\"@id\":\"https:\/\/www.sunnysafari.fi\/es\/huskies-y-renos\/#primaryimage\",\"url\":\"https:\/\/www.sunnysafari.fi\/wp-content\/uploads\/2021\/02\/HuskyReindeer.jpg\",\"contentUrl\":\"https:\/\/www.sunnysafari.fi\/wp-content\/uploads\/2021\/02\/HuskyReindeer.jpg\",\"width\":1920,\"height\":799},{\"@type\":\"BreadcrumbList\",\"@id\":\"https:\/\/www.sunnysafari.fi\/es\/huskies-y-renos\/#breadcrumb\",\"itemListElement\":[{\"@type\":\"ListItem\",\"position\":1,\"name\":\"Home\",\"item\":\"https:\/\/www.sunnysafari.fi\/es\/\"},{\"@type\":\"ListItem\",\"position\":2,\"name\":\"Huskies y Renos\"}]},{\"@type\":\"WebSite\",\"@id\":\"https:\/\/www.sunnysafari.fi\/fr\/#website\",\"url\":\"https:\/\/www.sunnysafari.fi\/fr\/\",\"name\":\"Sunny Safari\",\"description\":\"Safari activities provider in Lapland\",\"publisher\":{\"@id\":\"https:\/\/www.sunnysafari.fi\/fr\/#organization\"},\"potentialAction\":[{\"@type\":\"SearchAction\",\"target\":{\"@type\":\"EntryPoint\",\"urlTemplate\":\"https:\/\/www.sunnysafari.fi\/fr\/?s={search_term_string}\"},\"query-input\":{\"@type\":\"PropertyValueSpecification\",\"valueRequired\":true,\"valueName\":\"search_term_string\"}}],\"inLanguage\":\"es\"},{\"@type\":\"Organization\",\"@id\":\"https:\/\/www.sunnysafari.fi\/fr\/#organization\",\"name\":\"Sunny Safari Oy\",\"url\":\"https:\/\/www.sunnysafari.fi\/fr\/\",\"logo\":{\"@type\":\"ImageObject\",\"inLanguage\":\"es\",\"@id\":\"https:\/\/www.sunnysafari.fi\/fr\/#\/schema\/logo\/image\/\",\"url\":\"https:\/\/www.sunnysafari.fi\/wp-content\/uploads\/2019\/08\/SunnySafari_logo_111-33.png\",\"contentUrl\":\"https:\/\/www.sunnysafari.fi\/wp-content\/uploads\/2019\/08\/SunnySafari_logo_111-33.png\",\"width\":306,\"height\":311,\"caption\":\"Sunny Safari Oy\"},\"image\":{\"@id\":\"https:\/\/www.sunnysafari.fi\/fr\/#\/schema\/logo\/image\/\"}}]}<\/script>\n<!-- \/ Yoast SEO plugin. -->","yoast_head_json":{"title":"Huskies y Renos &#8211; Sunny Safari - Experiencia la naturaleza de Laponia","description":"Los huskies y los renos son animales de gran importanc\u00eda para los habitantes del \u00c1rtico. Visita y conoce a esos adorables animales y disfruta de un paseo en un trineo tirado por ellos para un recuerdo inolvidable.","robots":{"index":"index","follow":"follow","max-snippet":"max-snippet:-1","max-image-preview":"max-image-preview:large","max-video-preview":"max-video-preview:-1"},"canonical":"https:\/\/www.sunnysafari.fi\/es\/huskies-y-renos\/","og_locale":"es_ES","og_type":"article","og_title":"Huskies y Renos &#8211; Sunny Safari - Experiencia la naturaleza de Laponia","og_description":"Los huskies y los renos son animales de gran importanc\u00eda para los habitantes del \u00c1rtico. Visita y conoce a esos adorables animales y disfruta de un paseo en un trineo tirado por ellos para un recuerdo inolvidable.","og_url":"https:\/\/www.sunnysafari.fi\/es\/huskies-y-renos\/","og_site_name":"Sunny Safari","article_modified_time":"2021-02-10T09:18:47+00:00","og_image":[{"width":1920,"height":799,"url":"https:\/\/www.sunnysafari.fi\/wp-content\/uploads\/2021\/02\/HuskyReindeer.jpg","type":"image\/jpeg"}],"twitter_card":"summary_large_image","twitter_misc":{"Tiempo de lectura":"2 minutos"},"schema":{"@context":"https:\/\/schema.org","@graph":[{"@type":"WebPage","@id":"https:\/\/www.sunnysafari.fi\/es\/huskies-y-renos\/","url":"https:\/\/www.sunnysafari.fi\/es\/huskies-y-renos\/","name":"Huskies y Renos &#8211; Sunny Safari - Experiencia la naturaleza de Laponia","isPartOf":{"@id":"https:\/\/www.sunnysafari.fi\/fr\/#website"},"primaryImageOfPage":{"@id":"https:\/\/www.sunnysafari.fi\/es\/huskies-y-renos\/#primaryimage"},"image":{"@id":"https:\/\/www.sunnysafari.fi\/es\/huskies-y-renos\/#primaryimage"},"thumbnailUrl":"https:\/\/www.sunnysafari.fi\/wp-content\/uploads\/2021\/02\/HuskyReindeer.jpg","datePublished":"2020-03-25T08:13:24+00:00","dateModified":"2021-02-10T09:18:47+00:00","description":"Los huskies y los renos son animales de gran importanc\u00eda para los habitantes del \u00c1rtico. Visita y conoce a esos adorables animales y disfruta de un paseo en un trineo tirado por ellos para un recuerdo inolvidable.","breadcrumb":{"@id":"https:\/\/www.sunnysafari.fi\/es\/huskies-y-renos\/#breadcrumb"},"inLanguage":"es","potentialAction":[{"@type":"ReadAction","target":["https:\/\/www.sunnysafari.fi\/es\/huskies-y-renos\/"]}]},{"@type":"ImageObject","inLanguage":"es","@id":"https:\/\/www.sunnysafari.fi\/es\/huskies-y-renos\/#primaryimage","url":"https:\/\/www.sunnysafari.fi\/wp-content\/uploads\/2021\/02\/HuskyReindeer.jpg","contentUrl":"https:\/\/www.sunnysafari.fi\/wp-content\/uploads\/2021\/02\/HuskyReindeer.jpg","width":1920,"height":799},{"@type":"BreadcrumbList","@id":"https:\/\/www.sunnysafari.fi\/es\/huskies-y-renos\/#breadcrumb","itemListElement":[{"@type":"ListItem","position":1,"name":"Home","item":"https:\/\/www.sunnysafari.fi\/es\/"},{"@type":"ListItem","position":2,"name":"Huskies y Renos"}]},{"@type":"WebSite","@id":"https:\/\/www.sunnysafari.fi\/fr\/#website","url":"https:\/\/www.sunnysafari.fi\/fr\/","name":"Sunny Safari","description":"Safari activities provider in Lapland","publisher":{"@id":"https:\/\/www.sunnysafari.fi\/fr\/#organization"},"potentialAction":[{"@type":"SearchAction","target":{"@type":"EntryPoint","urlTemplate":"https:\/\/www.sunnysafari.fi\/fr\/?s={search_term_string}"},"query-input":{"@type":"PropertyValueSpecification","valueRequired":true,"valueName":"search_term_string"}}],"inLanguage":"es"},{"@type":"Organization","@id":"https:\/\/www.sunnysafari.fi\/fr\/#organization","name":"Sunny Safari Oy","url":"https:\/\/www.sunnysafari.fi\/fr\/","logo":{"@type":"ImageObject","inLanguage":"es","@id":"https:\/\/www.sunnysafari.fi\/fr\/#\/schema\/logo\/image\/","url":"https:\/\/www.sunnysafari.fi\/wp-content\/uploads\/2019\/08\/SunnySafari_logo_111-33.png","contentUrl":"https:\/\/www.sunnysafari.fi\/wp-content\/uploads\/2019\/08\/SunnySafari_logo_111-33.png","width":306,"height":311,"caption":"Sunny Safari Oy"},"image":{"@id":"https:\/\/www.sunnysafari.fi\/fr\/#\/schema\/logo\/image\/"}}]}},"_links":{"self":[{"href":"https:\/\/www.sunnysafari.fi\/es\/wp-json\/wp\/v2\/pages\/7603","targetHints":{"allow":["GET"]}}],"collection":[{"href":"https:\/\/www.sunnysafari.fi\/es\/wp-json\/wp\/v2\/pages"}],"about":[{"href":"https:\/\/www.sunnysafari.fi\/es\/wp-json\/wp\/v2\/types\/page"}],"author":[{"embeddable":true,"href":"https:\/\/www.sunnysafari.fi\/es\/wp-json\/wp\/v2\/users\/1"}],"replies":[{"embeddable":true,"href":"https:\/\/www.sunnysafari.fi\/es\/wp-json\/wp\/v2\/comments?post=7603"}],"version-history":[{"count":11,"href":"https:\/\/www.sunnysafari.fi\/es\/wp-json\/wp\/v2\/pages\/7603\/revisions"}],"predecessor-version":[{"id":16353,"href":"https:\/\/www.sunnysafari.fi\/es\/wp-json\/wp\/v2\/pages\/7603\/revisions\/16353"}],"wp:featuredmedia":[{"embeddable":true,"href":"https:\/\/www.sunnysafari.fi\/es\/wp-json\/wp\/v2\/media\/15677"}],"wp:attachment":[{"href":"https:\/\/www.sunnysafari.fi\/es\/wp-json\/wp\/v2\/media?parent=7603"}],"curies":[{"name":"wp","href":"https:\/\/api.w.org\/{rel}","templated":true}]}}