{"id":7581,"date":"2020-03-25T07:48:02","date_gmt":"2020-03-25T07:48:02","guid":{"rendered":"https:\/\/www.sunnysafari.fi\/auroras-boreales\/"},"modified":"2021-02-10T09:04:39","modified_gmt":"2021-02-10T09:04:39","slug":"auroras-boreales","status":"publish","type":"page","link":"https:\/\/www.sunnysafari.fi\/es\/auroras-boreales\/","title":{"rendered":"Excursi\u00f3n auroras boreales"},"content":{"rendered":"<p>[et_pb_section fb_built=\u00bb1&#8243; _builder_version=\u00bb4.8.2&#8243; background_image=\u00bbhttps:\/\/www.sunnysafari.fi\/wp-content\/uploads\/2021\/02\/Aurora-Tours.jpg\u00bb custom_padding=\u00bb0px||0px|||\u00bb hover_enabled=\u00bb0&#8243; title_text=\u00bbAurora Tours\u00bb sticky_enabled=\u00bb0&#8243;][et_pb_row column_structure=\u00bb1_2,1_2&#8243; use_custom_gutter=\u00bbon\u00bb custom_padding_last_edited=\u00bbon|desktop\u00bb _builder_version=\u00bb3.26.3&#8243; width_tablet=\u00bb\u00bb width_phone=\u00bb100%\u00bb width_last_edited=\u00bbon|phone\u00bb custom_margin=\u00bb||||false|false\u00bb custom_padding=\u00bb0px||0px|||\u00bb custom_padding_tablet=\u00bb\u00bb custom_padding_phone=\u00bb\u00bb][et_pb_column type=\u00bb1_2&#8243; _builder_version=\u00bb3.26.3&#8243;][et_pb_text _builder_version=\u00bb3.27.4&#8243; text_text_color=\u00bb#ffffff\u00bb header_font=\u00bb|700|||||||\u00bb header_text_color=\u00bb#ffffff\u00bb header_font_size=\u00bb78px\u00bb header_4_font=\u00bb|700|||||||\u00bb header_4_text_color=\u00bb#ffffff\u00bb header_4_line_height=\u00bb1.3em\u00bb header_5_font=\u00bb|700|||||||\u00bb header_5_text_color=\u00bb#ffffff\u00bb header_5_line_height=\u00bb1.3em\u00bb header_6_font=\u00bb|300|||||||\u00bb header_6_text_color=\u00bb#ffffff\u00bb header_6_font_size=\u00bb16px\u00bb header_6_line_height=\u00bb1.3em\u00bb custom_padding=\u00bb25%|5%|25%|5%|false|false\u00bb custom_padding_tablet=\u00bb25%||0%||false|false\u00bb custom_padding_phone=\u00bb|7%||7%|false|false\u00bb custom_padding_last_edited=\u00bbon|phone\u00bb header_font_size_tablet=\u00bb52px\u00bb header_font_size_phone=\u00bb56px\u00bb header_font_size_last_edited=\u00bbon|tablet\u00bb header_4_font_size_tablet=\u00bb21px\u00bb header_4_font_size_phone=\u00bb18px\u00bb header_4_font_size_last_edited=\u00bbon|phone\u00bb header_text_shadow_style=\u00bbpreset1&#8243; header_4_text_shadow_style=\u00bbpreset1&#8243; background__hover_enabled=\u00bbon\u00bb]<\/p>\n<h1>Auroras Boreales<\/h1>\n<p>[\/et_pb_text][\/et_pb_column][et_pb_column type=\u00bb1_2&#8243; _builder_version=\u00bb3.26.3&#8243;][et_pb_text _builder_version=\u00bb4.7.1&#8243; text_text_color=\u00bb#ffffff\u00bb header_font=\u00bb|700|||||||\u00bb header_text_color=\u00bb#ffffff\u00bb header_font_size=\u00bb78px\u00bb header_4_font=\u00bb|700|||||||\u00bb header_4_text_color=\u00bb#ffffff\u00bb header_4_line_height=\u00bb1.3em\u00bb header_5_font=\u00bb|700|||||||\u00bb header_5_text_color=\u00bb#ffffff\u00bb header_5_line_height=\u00bb1.3em\u00bb header_6_font=\u00bb|300|||||||\u00bb header_6_text_color=\u00bb#ffffff\u00bb header_6_font_size=\u00bb16px\u00bb header_6_line_height=\u00bb1.3em\u00bb use_background_color_gradient=\u00bbon\u00bb background_color_gradient_start=\u00bbrgba(0,0,0,0)\u00bb background_color_gradient_end=\u00bbrgba(0,0,0,0.44)\u00bb background_color_gradient_end_position=\u00bb33%\u00bb custom_padding=\u00bb25%|5%|25%|5%|false|false\u00bb custom_padding_tablet=\u00bb0%||||false|false\u00bb custom_padding_phone=\u00bb|7%||7%|false|false\u00bb custom_padding_last_edited=\u00bbon|tablet\u00bb header_font_size_tablet=\u00bb52px\u00bb header_font_size_phone=\u00bb56px\u00bb header_font_size_last_edited=\u00bbon|tablet\u00bb header_4_font_size_tablet=\u00bb21px\u00bb header_4_font_size_phone=\u00bb18px\u00bb header_4_font_size_last_edited=\u00bbon|phone\u00bb header_text_shadow_style=\u00bbpreset1&#8243; header_4_text_shadow_style=\u00bbpreset1&#8243; background__hover_enabled=\u00bbon\u00bb]<\/p>\n<h4>Este podr\u00eda ser la mejor oportunidad de buscar las Auroras Boreales en todo su viaje. Sin techo ni luz, el cielo es perfecto para que lo admires.<\/h4>\n<p>&nbsp;<\/p>\n<h6><\/h6>\n<p>&nbsp;[\/et_pb_text][\/et_pb_column][\/et_pb_row][\/et_pb_section][et_pb_section fb_built=\u00bb1&#8243; _builder_version=\u00bb3.26.3&#8243; custom_padding=\u00bb0%||2%||false|false\u00bb][et_pb_row custom_padding_last_edited=\u00bbon|phone\u00bb _builder_version=\u00bb3.26.3&#8243; custom_padding=\u00bb5%||2%||false|false\u00bb custom_padding_tablet=\u00bb\u00bb custom_padding_phone=\u00bb15%||5%||false|false\u00bb][et_pb_column type=\u00bb4_4&#8243; _builder_version=\u00bb3.26.3&#8243;][et_pb_code _builder_version=\u00bb3.26.3&#8243;]<div class=\"search-filter-results\" id=\"search-filter-results-7915\">\t<div class=\"post_count\">\n\t\tFound 5 Results<br \/>\n\tPage 1 of 1<br \/>\n<\/div>\n\t\n\t\n\t<div class=\"pagination\">\n\t\t\n\t\t<div class=\"nav-previous\"><\/div>\n\t\t<div class=\"nav-next\"><\/div>\n\t\t\t<\/div>\n\t<div class=\"clearfix\">\n\t\t\n\t\t\t\t\t\t\n<a href=\"https:\/\/www.sunnysafari.fi\/es\/excursion-de-auroras-boreales-en-laponia\/\" class=\"linkki\">\n\n\t\t<div class=\"one_post\">\n\t\t\t\n\n\n\t\t\t\n\t\t\t<div class=\"post_thumbnail\"><img loading=\"lazy\" decoding=\"async\" width=\"768\" height=\"432\" src=\"https:\/\/www.sunnysafari.fi\/wp-content\/uploads\/2021\/02\/Aurora-Borealis-Trip-the-Lappish-Way-1-768x432.jpg\" class=\"attachment-medium_large size-medium_large wp-post-image\" alt=\"\" \/><\/div>\n\t\t\t<div class=\"text-content\">\n\t\t\n\t\t\t\n\t\t\t\t<h2 class=\"post_heading\">Excursi\u00f3n de Auroras Boreales en Laponia<\/h2>\n\t\t\t\n\t\n\n\t\t\t\t<div class=\"departure_time\">Duraci\u00f3n 3.5h<\/div>\n\n\t\t\t\t<div class=\"post_excerpt\">Buscas las auroras como un lap\u00f3n, alrededor de una fogata con parrillada y bebidas caldas en una casita tradicional<\/div>\n\t\t\t\t\n\t\t\t\n\t\t\t<\/div>\t\t\n\t\t\t<p class=\"location\">Rovaniemi<\/p>\n\t\t\t\t<p class=\"price\">79<\/p>\n\n\t\t<\/div>\n\n\t\t<\/a>\n\t\t\t\t\t\t\t\n<a href=\"https:\/\/www.sunnysafari.fi\/es\/buscando-las-auroras-boreales-con-nuestro-fotografo-profesional\/\" class=\"linkki\">\n\n\t\t<div class=\"one_post\">\n\t\t\t\n\n\n\t\t\t\n\t\t\t<div class=\"post_thumbnail\"><img loading=\"lazy\" decoding=\"async\" width=\"768\" height=\"432\" src=\"https:\/\/www.sunnysafari.fi\/wp-content\/uploads\/2021\/02\/Auroras-Paparazzi-Photography-768x432.jpg\" class=\"attachment-medium_large size-medium_large wp-post-image\" alt=\"\" \/><\/div>\n\t\t\t<div class=\"text-content\">\n\t\t\n\t\t\t\n\t\t\t\t<h2 class=\"post_heading\">Buscando las Auroras Boreales con Nuestro Fot\u00f3grafo Profesional<\/h2>\n\t\t\t\n\t\n\n\t\t\t\t<div class=\"departure_time\">Duraci\u00f3n 3.5horas<\/div>\n\n\t\t\t\t<div class=\"post_excerpt\">Esa excursi\u00f3n se enfoca en la fotograf\u00eda para capturar tus unicos momentos bajo las auroras y sus incre\u00edbles y estupendes colores. Tambi\u00e9n puedes disfrutar de una fogata para calentarse<\/div>\n\t\t\t\t\n\t\t\t\n\t\t\t<\/div>\t\t\n\t\t\t<p class=\"location\">Rovaniemi<\/p>\n\t\t\t\t<p class=\"price\">99<\/p>\n\n\t\t<\/div>\n\n\t\t<\/a>\n\t\t\t\t\t\t\t\n<a href=\"https:\/\/www.sunnysafari.fi\/es\/buscando-las-auroras-boreales-en-motonieve\/\" class=\"linkki\">\n\n\t\t<div class=\"one_post\">\n\t\t\t\n\n\n\t\t\t\n\t\t\t<div class=\"post_thumbnail\"><img loading=\"lazy\" decoding=\"async\" width=\"768\" height=\"432\" src=\"https:\/\/www.sunnysafari.fi\/wp-content\/uploads\/2021\/02\/Searching-Aurora-with-Snowmobile-768x432.jpg\" class=\"attachment-medium_large size-medium_large wp-post-image\" alt=\"\" \/><\/div>\n\t\t\t<div class=\"text-content\">\n\t\t\n\t\t\t\n\t\t\t\t<h2 class=\"post_heading\">Buscando las Auroras Boreales en Motonieve<\/h2>\n\t\t\t\n\t\n\n\t\t\t\t<div class=\"departure_time\">Duraci\u00f3n 4h<\/div>\n\n\t\t\t\t<div class=\"post_excerpt\">Haces la experiencia de conducir una motonieve en el coraz\u00f3n de la naturaleza \u00e1rtica, un sitio ideal para admirar la noche polar y sus numeroras estrellas. Con un poco de fortuna, \u00a1quiz\u00e1s podr\u00e1s ver el espectaculo \u00fanico de las auroras boreales bailando en el cielo!<\/div>\n\t\t\t\t\n\t\t\t\n\t\t\t<\/div>\t\t\n\t\t\t<p class=\"location\">Rovaniemi<\/p>\n\t\t\t\t<p class=\"price\">139<\/p>\n\n\t\t<\/div>\n\n\t\t<\/a>\n\t\t\t\t\t\t\t\n<a href=\"https:\/\/www.sunnysafari.fi\/es\/buscando-por-las-auroras-boreales-en-diferentes-lugares-grupo-reducido\/\" class=\"linkki\">\n\n\t\t<div class=\"one_post\">\n\t\t\t\n\n\n\t\t\t\n\t\t\t<div class=\"post_thumbnail\"><img loading=\"lazy\" decoding=\"async\" width=\"768\" height=\"432\" src=\"https:\/\/www.sunnysafari.fi\/wp-content\/uploads\/2021\/02\/Aurora-Hunting-by-Minibus-Small-Group-768x432.jpg\" class=\"attachment-medium_large size-medium_large wp-post-image\" alt=\"\" \/><\/div>\n\t\t\t<div class=\"text-content\">\n\t\t\n\t\t\t\n\t\t\t\t<h2 class=\"post_heading\">Buscando por las Auroras Boreales en Diferentes Lugares &#8211; Grupo Reducido<\/h2>\n\t\t\t\n\t\n\n\t\t\t\t<div class=\"departure_time\">Duraci\u00f3n 4.5h<\/div>\n\n\t\t\t\t<div class=\"post_excerpt\">\u00a1Vamos a buscar las auroras con nuestro gu\u00eda profesional que sabe d\u00f3nde y c\u00f3mo ver este espectaculo natural \u00fanico!<\/div>\n\t\t\t\t\n\t\t\t\n\t\t\t<\/div>\t\t\n\t\t\t<p class=\"location\">Rovaniemi<\/p>\n\t\t\t\t<p class=\"price\">139<\/p>\n\n\t\t<\/div>\n\n\t\t<\/a>\n\t\t\t\t\t\t\t\n<a href=\"https:\/\/www.sunnysafari.fi\/es\/buscando-por-las-auroras-boreales-con-un-fotografo-grupo-reducido\/\" class=\"linkki\">\n\n\t\t<div class=\"one_post\">\n\t\t\t\n\n\n\t\t\t\n\t\t\t<div class=\"post_thumbnail\"><img loading=\"lazy\" decoding=\"async\" width=\"768\" height=\"432\" src=\"https:\/\/www.sunnysafari.fi\/wp-content\/uploads\/2021\/02\/Aurora-Photography-Trip-\u2013-Small-Group-1-768x432.jpg\" class=\"attachment-medium_large size-medium_large wp-post-image\" alt=\"\" srcset=\"https:\/\/www.sunnysafari.fi\/wp-content\/uploads\/2021\/02\/Aurora-Photography-Trip-\u2013-Small-Group-1-768x432.jpg 768w, https:\/\/www.sunnysafari.fi\/wp-content\/uploads\/2021\/02\/Aurora-Photography-Trip-\u2013-Small-Group-1-300x169.jpg 300w, https:\/\/www.sunnysafari.fi\/wp-content\/uploads\/2021\/02\/Aurora-Photography-Trip-\u2013-Small-Group-1-1024x576.jpg 1024w, https:\/\/www.sunnysafari.fi\/wp-content\/uploads\/2021\/02\/Aurora-Photography-Trip-\u2013-Small-Group-1-1536x864.jpg 1536w, https:\/\/www.sunnysafari.fi\/wp-content\/uploads\/2021\/02\/Aurora-Photography-Trip-\u2013-Small-Group-1-1080x608.jpg 1080w, https:\/\/www.sunnysafari.fi\/wp-content\/uploads\/2021\/02\/Aurora-Photography-Trip-\u2013-Small-Group-1-1280x720.jpg 1280w, https:\/\/www.sunnysafari.fi\/wp-content\/uploads\/2021\/02\/Aurora-Photography-Trip-\u2013-Small-Group-1-980x551.jpg 980w, https:\/\/www.sunnysafari.fi\/wp-content\/uploads\/2021\/02\/Aurora-Photography-Trip-\u2013-Small-Group-1-480x270.jpg 480w, https:\/\/www.sunnysafari.fi\/wp-content\/uploads\/2021\/02\/Aurora-Photography-Trip-\u2013-Small-Group-1.jpg 1920w\" sizes=\"(max-width: 768px) 100vw, 768px\" \/><\/div>\n\t\t\t<div class=\"text-content\">\n\t\t\n\t\t\t\n\t\t\t\t<h2 class=\"post_heading\">Buscando por las Auroras Boreales con un Fot\u00f3grafo &#8211; Grupo Reducido<\/h2>\n\t\t\t\n\t\n\n\t\t\t\t<div class=\"departure_time\">Duraci\u00f3n 4.5h<\/div>\n\n\t\t\t\t<div class=\"post_excerpt\">Conservas un recuerdo inolvidable de t\u00fa bajo las auroras boreales esplendidas gracias a nuestro fot\u00f3grafo experimentado, que sab\u00e9 capturar estos momentos preciosos <\/div>\n\t\t\t\t\n\t\t\t\n\t\t\t<\/div>\t\t\n\t\t\t<p class=\"location\">Rovaniemi<\/p>\n\t\t\t\t<p class=\"price\">159<\/p>\n\n\t\t<\/div>\n\n\t\t<\/a>\n\t\t\t\t<\/div>\n\n\t\n\t<div class=\"pagination\">\n\t\t\tPage 1 of 1<br \/>\n\n\t\t<div class=\"nav-previous\"><\/div>\n\t\t<div class=\"nav-next\"><\/div>\n\t\t\t<\/div>\n\t<\/div>[\/et_pb_code][\/et_pb_column][\/et_pb_row][\/et_pb_section]<\/p>\n","protected":false},"excerpt":{"rendered":"Rovaniemi en Laponia es el perfecto sitio para buscar las auroras boreales. Puedes elijir su excursi\u00f3n favorita entre nuestras numerosas propuestas !\r\n","protected":false},"author":1,"featured_media":15657,"parent":0,"menu_order":0,"comment_status":"closed","ping_status":"closed","template":"","meta":{"_et_pb_use_builder":"on","_et_pb_old_content":"","_et_gb_content_width":"","footnotes":""},"class_list":["post-7581","page","type-page","status-publish","has-post-thumbnail","hentry"],"yoast_head":"<!-- This site is optimized with the Yoast SEO plugin v26.8 - https:\/\/yoast.com\/product\/yoast-seo-wordpress\/ -->\n<title>Excursi\u00f3n auroras boreales &#8211; Sunny Safari<\/title>\n<meta name=\"description\" content=\"Rovaniemi en Laponia es el perfecto sitio para buscar las auroras boreales.Puedes elijir su excursi\u00f3n favorita entre nuestras numerosas propuestas !\" \/>\n<meta name=\"robots\" content=\"index, follow, max-snippet:-1, max-image-preview:large, max-video-preview:-1\" \/>\n<link rel=\"canonical\" href=\"https:\/\/www.sunnysafari.fi\/es\/auroras-boreales\/\" \/>\n<meta property=\"og:locale\" content=\"es_ES\" \/>\n<meta property=\"og:type\" content=\"article\" \/>\n<meta property=\"og:title\" content=\"Excursi\u00f3n auroras boreales &#8211; Sunny Safari\" \/>\n<meta property=\"og:description\" content=\"Rovaniemi en Laponia es el perfecto sitio para buscar las auroras boreales.Puedes elijir su excursi\u00f3n favorita entre nuestras numerosas propuestas !\" \/>\n<meta property=\"og:url\" content=\"https:\/\/www.sunnysafari.fi\/es\/auroras-boreales\/\" \/>\n<meta property=\"og:site_name\" content=\"Sunny Safari\" \/>\n<meta property=\"article:modified_time\" content=\"2021-02-10T09:04:39+00:00\" \/>\n<meta property=\"og:image\" content=\"https:\/\/www.sunnysafari.fi\/wp-content\/uploads\/2021\/02\/Aurora-Tours.jpg\" \/>\n\t<meta property=\"og:image:width\" content=\"1920\" \/>\n\t<meta property=\"og:image:height\" content=\"799\" \/>\n\t<meta property=\"og:image:type\" content=\"image\/jpeg\" \/>\n<meta name=\"twitter:card\" content=\"summary_large_image\" \/>\n<meta name=\"twitter:label1\" content=\"Tiempo de lectura\" \/>\n\t<meta name=\"twitter:data1\" content=\"2 minutos\" \/>\n<script type=\"application\/ld+json\" class=\"yoast-schema-graph\">{\"@context\":\"https:\/\/schema.org\",\"@graph\":[{\"@type\":\"WebPage\",\"@id\":\"https:\/\/www.sunnysafari.fi\/es\/auroras-boreales\/\",\"url\":\"https:\/\/www.sunnysafari.fi\/es\/auroras-boreales\/\",\"name\":\"Excursi\u00f3n auroras boreales &#8211; Sunny Safari\",\"isPartOf\":{\"@id\":\"https:\/\/www.sunnysafari.fi\/fr\/#website\"},\"primaryImageOfPage\":{\"@id\":\"https:\/\/www.sunnysafari.fi\/es\/auroras-boreales\/#primaryimage\"},\"image\":{\"@id\":\"https:\/\/www.sunnysafari.fi\/es\/auroras-boreales\/#primaryimage\"},\"thumbnailUrl\":\"https:\/\/www.sunnysafari.fi\/wp-content\/uploads\/2021\/02\/Aurora-Tours.jpg\",\"datePublished\":\"2020-03-25T07:48:02+00:00\",\"dateModified\":\"2021-02-10T09:04:39+00:00\",\"description\":\"Rovaniemi en Laponia es el perfecto sitio para buscar las auroras boreales.Puedes elijir su excursi\u00f3n favorita entre nuestras numerosas propuestas !\",\"breadcrumb\":{\"@id\":\"https:\/\/www.sunnysafari.fi\/es\/auroras-boreales\/#breadcrumb\"},\"inLanguage\":\"es\",\"potentialAction\":[{\"@type\":\"ReadAction\",\"target\":[\"https:\/\/www.sunnysafari.fi\/es\/auroras-boreales\/\"]}]},{\"@type\":\"ImageObject\",\"inLanguage\":\"es\",\"@id\":\"https:\/\/www.sunnysafari.fi\/es\/auroras-boreales\/#primaryimage\",\"url\":\"https:\/\/www.sunnysafari.fi\/wp-content\/uploads\/2021\/02\/Aurora-Tours.jpg\",\"contentUrl\":\"https:\/\/www.sunnysafari.fi\/wp-content\/uploads\/2021\/02\/Aurora-Tours.jpg\",\"width\":1920,\"height\":799},{\"@type\":\"BreadcrumbList\",\"@id\":\"https:\/\/www.sunnysafari.fi\/es\/auroras-boreales\/#breadcrumb\",\"itemListElement\":[{\"@type\":\"ListItem\",\"position\":1,\"name\":\"Home\",\"item\":\"https:\/\/www.sunnysafari.fi\/es\/\"},{\"@type\":\"ListItem\",\"position\":2,\"name\":\"Excursi\u00f3n auroras boreales\"}]},{\"@type\":\"WebSite\",\"@id\":\"https:\/\/www.sunnysafari.fi\/fr\/#website\",\"url\":\"https:\/\/www.sunnysafari.fi\/fr\/\",\"name\":\"Sunny Safari\",\"description\":\"Safari activities provider in Lapland\",\"publisher\":{\"@id\":\"https:\/\/www.sunnysafari.fi\/fr\/#organization\"},\"potentialAction\":[{\"@type\":\"SearchAction\",\"target\":{\"@type\":\"EntryPoint\",\"urlTemplate\":\"https:\/\/www.sunnysafari.fi\/fr\/?s={search_term_string}\"},\"query-input\":{\"@type\":\"PropertyValueSpecification\",\"valueRequired\":true,\"valueName\":\"search_term_string\"}}],\"inLanguage\":\"es\"},{\"@type\":\"Organization\",\"@id\":\"https:\/\/www.sunnysafari.fi\/fr\/#organization\",\"name\":\"Sunny Safari Oy\",\"url\":\"https:\/\/www.sunnysafari.fi\/fr\/\",\"logo\":{\"@type\":\"ImageObject\",\"inLanguage\":\"es\",\"@id\":\"https:\/\/www.sunnysafari.fi\/fr\/#\/schema\/logo\/image\/\",\"url\":\"https:\/\/www.sunnysafari.fi\/wp-content\/uploads\/2019\/08\/SunnySafari_logo_111-33.png\",\"contentUrl\":\"https:\/\/www.sunnysafari.fi\/wp-content\/uploads\/2019\/08\/SunnySafari_logo_111-33.png\",\"width\":306,\"height\":311,\"caption\":\"Sunny Safari Oy\"},\"image\":{\"@id\":\"https:\/\/www.sunnysafari.fi\/fr\/#\/schema\/logo\/image\/\"}}]}<\/script>\n<!-- \/ Yoast SEO plugin. -->","yoast_head_json":{"title":"Excursi\u00f3n auroras boreales &#8211; Sunny Safari","description":"Rovaniemi en Laponia es el perfecto sitio para buscar las auroras boreales.Puedes elijir su excursi\u00f3n favorita entre nuestras numerosas propuestas !","robots":{"index":"index","follow":"follow","max-snippet":"max-snippet:-1","max-image-preview":"max-image-preview:large","max-video-preview":"max-video-preview:-1"},"canonical":"https:\/\/www.sunnysafari.fi\/es\/auroras-boreales\/","og_locale":"es_ES","og_type":"article","og_title":"Excursi\u00f3n auroras boreales &#8211; Sunny Safari","og_description":"Rovaniemi en Laponia es el perfecto sitio para buscar las auroras boreales.Puedes elijir su excursi\u00f3n favorita entre nuestras numerosas propuestas !","og_url":"https:\/\/www.sunnysafari.fi\/es\/auroras-boreales\/","og_site_name":"Sunny Safari","article_modified_time":"2021-02-10T09:04:39+00:00","og_image":[{"width":1920,"height":799,"url":"https:\/\/www.sunnysafari.fi\/wp-content\/uploads\/2021\/02\/Aurora-Tours.jpg","type":"image\/jpeg"}],"twitter_card":"summary_large_image","twitter_misc":{"Tiempo de lectura":"2 minutos"},"schema":{"@context":"https:\/\/schema.org","@graph":[{"@type":"WebPage","@id":"https:\/\/www.sunnysafari.fi\/es\/auroras-boreales\/","url":"https:\/\/www.sunnysafari.fi\/es\/auroras-boreales\/","name":"Excursi\u00f3n auroras boreales &#8211; Sunny Safari","isPartOf":{"@id":"https:\/\/www.sunnysafari.fi\/fr\/#website"},"primaryImageOfPage":{"@id":"https:\/\/www.sunnysafari.fi\/es\/auroras-boreales\/#primaryimage"},"image":{"@id":"https:\/\/www.sunnysafari.fi\/es\/auroras-boreales\/#primaryimage"},"thumbnailUrl":"https:\/\/www.sunnysafari.fi\/wp-content\/uploads\/2021\/02\/Aurora-Tours.jpg","datePublished":"2020-03-25T07:48:02+00:00","dateModified":"2021-02-10T09:04:39+00:00","description":"Rovaniemi en Laponia es el perfecto sitio para buscar las auroras boreales.Puedes elijir su excursi\u00f3n favorita entre nuestras numerosas propuestas !","breadcrumb":{"@id":"https:\/\/www.sunnysafari.fi\/es\/auroras-boreales\/#breadcrumb"},"inLanguage":"es","potentialAction":[{"@type":"ReadAction","target":["https:\/\/www.sunnysafari.fi\/es\/auroras-boreales\/"]}]},{"@type":"ImageObject","inLanguage":"es","@id":"https:\/\/www.sunnysafari.fi\/es\/auroras-boreales\/#primaryimage","url":"https:\/\/www.sunnysafari.fi\/wp-content\/uploads\/2021\/02\/Aurora-Tours.jpg","contentUrl":"https:\/\/www.sunnysafari.fi\/wp-content\/uploads\/2021\/02\/Aurora-Tours.jpg","width":1920,"height":799},{"@type":"BreadcrumbList","@id":"https:\/\/www.sunnysafari.fi\/es\/auroras-boreales\/#breadcrumb","itemListElement":[{"@type":"ListItem","position":1,"name":"Home","item":"https:\/\/www.sunnysafari.fi\/es\/"},{"@type":"ListItem","position":2,"name":"Excursi\u00f3n auroras boreales"}]},{"@type":"WebSite","@id":"https:\/\/www.sunnysafari.fi\/fr\/#website","url":"https:\/\/www.sunnysafari.fi\/fr\/","name":"Sunny Safari","description":"Safari activities provider in Lapland","publisher":{"@id":"https:\/\/www.sunnysafari.fi\/fr\/#organization"},"potentialAction":[{"@type":"SearchAction","target":{"@type":"EntryPoint","urlTemplate":"https:\/\/www.sunnysafari.fi\/fr\/?s={search_term_string}"},"query-input":{"@type":"PropertyValueSpecification","valueRequired":true,"valueName":"search_term_string"}}],"inLanguage":"es"},{"@type":"Organization","@id":"https:\/\/www.sunnysafari.fi\/fr\/#organization","name":"Sunny Safari Oy","url":"https:\/\/www.sunnysafari.fi\/fr\/","logo":{"@type":"ImageObject","inLanguage":"es","@id":"https:\/\/www.sunnysafari.fi\/fr\/#\/schema\/logo\/image\/","url":"https:\/\/www.sunnysafari.fi\/wp-content\/uploads\/2019\/08\/SunnySafari_logo_111-33.png","contentUrl":"https:\/\/www.sunnysafari.fi\/wp-content\/uploads\/2019\/08\/SunnySafari_logo_111-33.png","width":306,"height":311,"caption":"Sunny Safari Oy"},"image":{"@id":"https:\/\/www.sunnysafari.fi\/fr\/#\/schema\/logo\/image\/"}}]}},"_links":{"self":[{"href":"https:\/\/www.sunnysafari.fi\/es\/wp-json\/wp\/v2\/pages\/7581","targetHints":{"allow":["GET"]}}],"collection":[{"href":"https:\/\/www.sunnysafari.fi\/es\/wp-json\/wp\/v2\/pages"}],"about":[{"href":"https:\/\/www.sunnysafari.fi\/es\/wp-json\/wp\/v2\/types\/page"}],"author":[{"embeddable":true,"href":"https:\/\/www.sunnysafari.fi\/es\/wp-json\/wp\/v2\/users\/1"}],"replies":[{"embeddable":true,"href":"https:\/\/www.sunnysafari.fi\/es\/wp-json\/wp\/v2\/comments?post=7581"}],"version-history":[{"count":9,"href":"https:\/\/www.sunnysafari.fi\/es\/wp-json\/wp\/v2\/pages\/7581\/revisions"}],"predecessor-version":[{"id":16336,"href":"https:\/\/www.sunnysafari.fi\/es\/wp-json\/wp\/v2\/pages\/7581\/revisions\/16336"}],"wp:featuredmedia":[{"embeddable":true,"href":"https:\/\/www.sunnysafari.fi\/es\/wp-json\/wp\/v2\/media\/15657"}],"wp:attachment":[{"href":"https:\/\/www.sunnysafari.fi\/es\/wp-json\/wp\/v2\/media?parent=7581"}],"curies":[{"name":"wp","href":"https:\/\/api.w.org\/{rel}","templated":true}]}}